{"id":35281,"date":"2023-02-09T02:05:56","date_gmt":"2023-02-09T01:05:56","guid":{"rendered":"https:\/\/staging-www.jonnyfresh.com\/blog\/"},"modified":"2023-12-13T09:57:35","modified_gmt":"2023-12-13T08:57:35","slug":"blog","status":"publish","type":"page","link":"https:\/\/staging-www.jonnyfresh.com\/en\/blog\/","title":{"rendered":"Blog"},"content":{"rendered":"<div class=\"fsn-row full-width-row fsn-69e1e308dca3d jf-promo light\" style=\"background-repeat:repeat;background-position:left top;background-attachment:scroll;background-size:auto;\"><div class=\"container\"><div class=\"row\"><div class=\"col-12 col-md-7 order-2 order-md-1 text-center text-md-start jf-promo-content\"><div class=\"fsn-column-inner fsn-69e1e308dcacc light\"><div class=\"fsn-text fsn-69e1e308dcb06 jf-promo-text\">\n<h1 class=\"jf-promo-header-big\">Infos, Tipps &amp; Tricks zum Thema W\u00e4sche<\/h1>\n<h2>Freshe Blogartikel mit sauber recherchierten Fakten<\/h2>\n<\/div><div id=\"component-18565\" class=\"component fsn-69e1e308dcfd5\"><div  class=\"fsn-row full-width-container fsn-69e1e308dd15a light\" style=\"background-repeat:repeat;background-position:left top;background-attachment:scroll;background-size:auto;\"><div class=\"row\"><div class=\"col-sm-12\"><div class=\"fsn-column-inner fsn-69e1e308dd1a6 light\"><div class=\"fsn-text fsn-69e1e308dd1db\">\n<p>Noch Fragen?<\/p>\n<nav class=\"jf-phone-numbers\"><a href=\"tel:030536034570\"><img decoding=\"async\" src=\"https:\/\/static.jonnyfresh.com\/wp-content\/uploads\/flags\/de-DE.png\" alt=\"German flag\" width=\"17\" height=\"17\" \/> 030 536 034 570 <span class=\"material-icons\">phone<\/span><\/a><\/nav>\n<\/div><\/div><\/div><\/div><\/div>\n<\/div><\/div><\/div><div class=\"col-12 col-md-5 order-1 order-md-2 jf-promo-img-container\"><div class=\"fsn-column-inner fsn-69e1e308dd2e4 light\"><div class=\"fsn-text fsn-69e1e308dd317\">\n<div class=\"jf-promo-img-mask\"><img decoding=\"async\" src=\"https:\/\/staging-www.jonnyfresh.com\/wp-content\/uploads\/2022\/02\/jonny_fresh_blog.jpg\" alt=\"Infos, Tipps &amp; Tricks zum Thema W\u00e4sche\" class=\"alignnone size-full wp-image-18571 jf-promo-img\" width=\"100%\" height=\"100%\" \/><\/div>\n<div class=\"jf-promo-img-mask-shadow\"><\/div>\n<\/div><\/div><\/div><\/div><\/div><\/div><div id=\"posts\" class=\"fsn-row full-width-row fsn-69e1e308dd354 jf-promo-box jf-promo-box-light light\" style=\"background-repeat:repeat;background-position:left top;background-attachment:scroll;background-size:auto;\"><div class=\"container\"><div class=\"row\"><div class=\"col-sm-12\"><div class=\"fsn-column-inner fsn-69e1e308dd397 jf-promo-box-content light\"><div class=\"fsn-text fsn-69e1e308dd3cd\">\n<h3 style=\"text-align: center;\">Saubere Beitr\u00e4ge zum Thema W\u00e4sche<\/h3>\n<p>W\u00e4sche waschen war f\u00fcr dich bisher immer ein \u00fcberaus trockenes und unbeliebtes Thema? Dann kennst du unseren Jonny Fresh Blog noch nicht! Regelm\u00e4\u00dfig versorgen wir dich hier mit <strong>sauber recherchierten Fakten, Infos<\/strong> sowie <strong>n\u00fctzlichen Tipps und Tricks rund um das Thema W\u00e4sche<\/strong>. Lies z.B. warum man zwischen Weihnachten und Neujahr besser keine W\u00e4sche waschen sollte, erfahre warum manche Socken f\u00fcr immer in den Tiefen der Waschmaschine verschwinden oder informiere dich \u00fcber n\u00fctzliche Tipps zur Beseitigung unangenehmer Ger\u00fcche in deiner Waschmaschine!<\/p>\n<\/div><div class=\"fsn-text fsn-69e1e308dd3e4\">\n<div class=\"jf-posts-list d-flex justify-content-center flex-wrap\"><\/div><div class='jf-posts-navigation'><\/div>\n<\/div><\/div><\/div><\/div><\/div><\/div>\n","protected":false},"excerpt":{"rendered":"","protected":false},"author":17,"featured_media":0,"parent":0,"menu_order":374,"comment_status":"closed","ping_status":"closed","template":"","meta":{"inline_featured_image":false,"footnotes":""},"categories":[],"tags":[],"class_list":["post-35281","page","type-page","status-publish","hentry"],"yoast_head":"<!-- This site is optimized with the Yoast SEO plugin v25.3 - https:\/\/yoast.com\/wordpress\/plugins\/seo\/ -->\n<title>Jonny Fresh Blog: Tips, tricks &amp; information about laundry<\/title>\n<meta name=\"description\" content=\"Jonny Fresh Blog \u25b6 Useful information about laundry and dry cleaning \u2713 Practical tips and tricks\u2713 \u25b6 Browse &amp; read now!\" \/>\n<meta name=\"robots\" content=\"index, follow, max-snippet:-1, max-image-preview:large, max-video-preview:-1\" \/>\n<link rel=\"canonical\" href=\"https:\/\/staging-www.jonnyfresh.com\/en\/blog\/\" \/>\n<meta property=\"og:locale\" content=\"en_US\" \/>\n<meta property=\"og:type\" content=\"article\" \/>\n<meta property=\"og:title\" content=\"Jonny Fresh Blog: Tips, tricks &amp; information about laundry\" \/>\n<meta property=\"og:description\" content=\"Jonny Fresh Blog \u25b6 Useful information about laundry and dry cleaning \u2713 Practical tips and tricks\u2713 \u25b6 Browse &amp; read now!\" \/>\n<meta property=\"og:url\" content=\"https:\/\/staging-www.jonnyfresh.com\/en\/blog\/\" \/>\n<meta property=\"og:site_name\" content=\"jonnyfresh\" \/>\n<meta property=\"article:modified_time\" content=\"2023-12-13T08:57:35+00:00\" \/>\n<meta property=\"og:image\" content=\"https:\/\/staging-www.jonnyfresh.com\/wp-content\/uploads\/2022\/02\/jonny_fresh_blog.jpg\" \/>\n<meta name=\"twitter:card\" content=\"summary_large_image\" \/>\n<meta name=\"twitter:label1\" content=\"Est. reading time\" \/>\n\t<meta name=\"twitter:data1\" content=\"1 minute\" \/>\n<script type=\"application\/ld+json\" class=\"yoast-schema-graph\">{\"@context\":\"https:\/\/schema.org\",\"@graph\":[{\"@type\":\"WebPage\",\"@id\":\"https:\/\/staging-www.jonnyfresh.com\/en\/blog\/\",\"url\":\"https:\/\/staging-www.jonnyfresh.com\/en\/blog\/\",\"name\":\"Jonny Fresh Blog: Tips, tricks & information about laundry\",\"isPartOf\":{\"@id\":\"https:\/\/staging-www.jonnyfresh.com\/en\/#website\"},\"primaryImageOfPage\":{\"@id\":\"https:\/\/staging-www.jonnyfresh.com\/en\/blog\/#primaryimage\"},\"image\":{\"@id\":\"https:\/\/staging-www.jonnyfresh.com\/en\/blog\/#primaryimage\"},\"thumbnailUrl\":\"https:\/\/staging-www.jonnyfresh.com\/wp-content\/uploads\/2022\/02\/jonny_fresh_blog.jpg\",\"datePublished\":\"2023-02-09T01:05:56+00:00\",\"dateModified\":\"2023-12-13T08:57:35+00:00\",\"description\":\"Jonny Fresh Blog \u25b6 Useful information about laundry and dry cleaning \u2713 Practical tips and tricks\u2713 \u25b6 Browse & read now!\",\"inLanguage\":\"en-US\",\"potentialAction\":[{\"@type\":\"ReadAction\",\"target\":[\"https:\/\/staging-www.jonnyfresh.com\/en\/blog\/\"]}]},{\"@type\":\"ImageObject\",\"inLanguage\":\"en-US\",\"@id\":\"https:\/\/staging-www.jonnyfresh.com\/en\/blog\/#primaryimage\",\"url\":\"https:\/\/staging-www.jonnyfresh.com\/wp-content\/uploads\/2022\/02\/jonny_fresh_blog.jpg\",\"contentUrl\":\"https:\/\/staging-www.jonnyfresh.com\/wp-content\/uploads\/2022\/02\/jonny_fresh_blog.jpg\"},{\"@type\":\"WebSite\",\"@id\":\"https:\/\/staging-www.jonnyfresh.com\/en\/#website\",\"url\":\"https:\/\/staging-www.jonnyfresh.com\/en\/\",\"name\":\"jonnyfresh\",\"description\":\"Eine weitere WordPress Website\",\"potentialAction\":[{\"@type\":\"SearchAction\",\"target\":{\"@type\":\"EntryPoint\",\"urlTemplate\":\"https:\/\/staging-www.jonnyfresh.com\/en\/?s={search_term_string}\"},\"query-input\":{\"@type\":\"PropertyValueSpecification\",\"valueRequired\":true,\"valueName\":\"search_term_string\"}}],\"inLanguage\":\"en-US\"}]}<\/script>\n<!-- \/ Yoast SEO plugin. -->","yoast_head_json":{"title":"Jonny Fresh Blog: Tips, tricks & information about laundry","description":"Jonny Fresh Blog \u25b6 Useful information about laundry and dry cleaning \u2713 Practical tips and tricks\u2713 \u25b6 Browse & read now!","robots":{"index":"index","follow":"follow","max-snippet":"max-snippet:-1","max-image-preview":"max-image-preview:large","max-video-preview":"max-video-preview:-1"},"canonical":"https:\/\/staging-www.jonnyfresh.com\/en\/blog\/","og_locale":"en_US","og_type":"article","og_title":"Jonny Fresh Blog: Tips, tricks & information about laundry","og_description":"Jonny Fresh Blog \u25b6 Useful information about laundry and dry cleaning \u2713 Practical tips and tricks\u2713 \u25b6 Browse & read now!","og_url":"https:\/\/staging-www.jonnyfresh.com\/en\/blog\/","og_site_name":"jonnyfresh","article_modified_time":"2023-12-13T08:57:35+00:00","og_image":[{"url":"https:\/\/staging-www.jonnyfresh.com\/wp-content\/uploads\/2022\/02\/jonny_fresh_blog.jpg","type":"","width":"","height":""}],"twitter_card":"summary_large_image","twitter_misc":{"Est. reading time":"1 minute"},"schema":{"@context":"https:\/\/schema.org","@graph":[{"@type":"WebPage","@id":"https:\/\/staging-www.jonnyfresh.com\/en\/blog\/","url":"https:\/\/staging-www.jonnyfresh.com\/en\/blog\/","name":"Jonny Fresh Blog: Tips, tricks & information about laundry","isPartOf":{"@id":"https:\/\/staging-www.jonnyfresh.com\/en\/#website"},"primaryImageOfPage":{"@id":"https:\/\/staging-www.jonnyfresh.com\/en\/blog\/#primaryimage"},"image":{"@id":"https:\/\/staging-www.jonnyfresh.com\/en\/blog\/#primaryimage"},"thumbnailUrl":"https:\/\/staging-www.jonnyfresh.com\/wp-content\/uploads\/2022\/02\/jonny_fresh_blog.jpg","datePublished":"2023-02-09T01:05:56+00:00","dateModified":"2023-12-13T08:57:35+00:00","description":"Jonny Fresh Blog \u25b6 Useful information about laundry and dry cleaning \u2713 Practical tips and tricks\u2713 \u25b6 Browse & read now!","inLanguage":"en-US","potentialAction":[{"@type":"ReadAction","target":["https:\/\/staging-www.jonnyfresh.com\/en\/blog\/"]}]},{"@type":"ImageObject","inLanguage":"en-US","@id":"https:\/\/staging-www.jonnyfresh.com\/en\/blog\/#primaryimage","url":"https:\/\/staging-www.jonnyfresh.com\/wp-content\/uploads\/2022\/02\/jonny_fresh_blog.jpg","contentUrl":"https:\/\/staging-www.jonnyfresh.com\/wp-content\/uploads\/2022\/02\/jonny_fresh_blog.jpg"},{"@type":"WebSite","@id":"https:\/\/staging-www.jonnyfresh.com\/en\/#website","url":"https:\/\/staging-www.jonnyfresh.com\/en\/","name":"jonnyfresh","description":"Eine weitere WordPress Website","potentialAction":[{"@type":"SearchAction","target":{"@type":"EntryPoint","urlTemplate":"https:\/\/staging-www.jonnyfresh.com\/en\/?s={search_term_string}"},"query-input":{"@type":"PropertyValueSpecification","valueRequired":true,"valueName":"search_term_string"}}],"inLanguage":"en-US"}]}},"_links":{"self":[{"href":"https:\/\/staging-www.jonnyfresh.com\/en\/wp-json\/wp\/v2\/pages\/35281","targetHints":{"allow":["GET"]}}],"collection":[{"href":"https:\/\/staging-www.jonnyfresh.com\/en\/wp-json\/wp\/v2\/pages"}],"about":[{"href":"https:\/\/staging-www.jonnyfresh.com\/en\/wp-json\/wp\/v2\/types\/page"}],"author":[{"embeddable":true,"href":"https:\/\/staging-www.jonnyfresh.com\/en\/wp-json\/wp\/v2\/users\/17"}],"replies":[{"embeddable":true,"href":"https:\/\/staging-www.jonnyfresh.com\/en\/wp-json\/wp\/v2\/comments?post=35281"}],"version-history":[{"count":1,"href":"https:\/\/staging-www.jonnyfresh.com\/en\/wp-json\/wp\/v2\/pages\/35281\/revisions"}],"predecessor-version":[{"id":36874,"href":"https:\/\/staging-www.jonnyfresh.com\/en\/wp-json\/wp\/v2\/pages\/35281\/revisions\/36874"}],"wp:attachment":[{"href":"https:\/\/staging-www.jonnyfresh.com\/en\/wp-json\/wp\/v2\/media?parent=35281"}],"wp:term":[{"taxonomy":"category","embeddable":true,"href":"https:\/\/staging-www.jonnyfresh.com\/en\/wp-json\/wp\/v2\/categories?post=35281"},{"taxonomy":"post_tag","embeddable":true,"href":"https:\/\/staging-www.jonnyfresh.com\/en\/wp-json\/wp\/v2\/tags?post=35281"}],"curies":[{"name":"wp","href":"https:\/\/api.w.org\/{rel}","templated":true}]}}