{"id":26627,"date":"2019-02-21T16:29:04","date_gmt":"2019-02-21T15:29:04","guid":{"rendered":"https:\/\/staging-www.jonnyfresh.com\/stadtwerke\/"},"modified":"2025-02-19T13:37:09","modified_gmt":"2025-02-19T12:37:09","slug":"stadtwerke","status":"publish","type":"page","link":"https:\/\/staging-www.jonnyfresh.com\/en\/stadtwerke\/","title":{"rendered":"Textile cleaning at your company &#8211; Stadtwerke Munich"},"content":{"rendered":"<div class=\"fsn-row full-width-row fsn-69e277f261afc jf-promo jf-promo-light light\" style=\"background-repeat:repeat;background-position:left top;background-attachment:scroll;background-size:auto;\"><div class=\"container\"><div class=\"row\"><div class=\"col-12 col-md-7 order-2 order-md-1 text-center text-md-start jf-promo-content\"><div class=\"fsn-column-inner fsn-69e277f261bd3 light\"><div class=\"fsn-text fsn-69e277f261d13 jf-promo-text jf-promo-text-wide\">\n<h1 class=\"jf-promo-header-big\">Corporate services at<br \/>\nyour company \u2013<br \/>\nStadtwerke Munich<\/h1>\n<\/div><div id=\"component-26460\" class=\"component fsn-69e277f2621e0\"><div  class=\"fsn-row full-width-container fsn-69e277f2623d6 light\" style=\"background-repeat:repeat;background-position:left top;background-attachment:scroll;background-size:auto;\"><div class=\"row\"><div class=\"col-sm-12\"><div class=\"fsn-column-inner fsn-69e277f262447 light\"><div class=\"fsn-text fsn-69e277f262502\">\n<p>Still have questions?<\/p>\n<nav class=\"jf-phone-numbers\"><a href=\"tel:+4930536034570\"><img decoding=\"async\" src=\"https:\/\/static.jonnyfresh.com\/wp-content\/uploads\/flags\/en.png\" alt=\"UK flag\" width=\"17\" height=\"17\" \/> +49 30 536 034 570 <span class=\"material-icons\">phone<\/span><\/a><\/nav>\n<\/div><\/div><\/div><\/div><\/div>\n<\/div><\/div><\/div><div class=\"col-12 col-md-5 order-1 order-md-2 jf-promo-img-container\"><div class=\"fsn-column-inner fsn-69e277f26260a light\"><div class=\"fsn-text fsn-69e277f262679\">\n<div class=\"jf-promo-img-mask\"><img decoding=\"async\" src=\"https:\/\/staging-www.jonnyfresh.com\/wp-content\/uploads\/2022\/02\/jonny_fresh_waeschestation.jpg\" alt=\"\" class=\"alignnone size-full wp-image-18571 jf-promo-img\" width=\"100%\" height=\"100%\" data-no-lazy=\"1\" \/><\/div>\n<div class=\"jf-promo-img-mask-shadow\"><\/div>\n<\/div><\/div><\/div><\/div><\/div><\/div><div  class=\"fsn-row full-width-container fsn-69e277f2626da light\" style=\"background-repeat:repeat;background-position:left top;background-attachment:scroll;background-size:auto;\"><div class=\"row\"><div class=\"col-sm-12\"><div class=\"fsn-column-inner fsn-69e277f2627a3 light\"><div id=\"component-26456\" class=\"component fsn-69e277f262d61\"><div class=\"fsn-row full-width-row fsn-69e277f263d0a jf-our-clients light\" style=\"background-repeat:repeat;background-position:left top;background-attachment:scroll;background-size:auto;\"><div class=\"container\"><div class=\"row\"><div class=\"col-sm-12\"><div class=\"fsn-column-inner fsn-69e277f263d93 light\"><div class=\"fsn-text fsn-69e277f263dee\">\n<div class=\"owl-carousel\">\n<div><img decoding=\"async\" src=\"https:\/\/media.jonnyfresh.com\/wp-content\/uploads\/2023\/03\/bmw_group_logo.png\" alt=\"BMW Group\" width=\"155\" height=\"44\" class=\"alignnone wp-image-19037\" data-no-lazy=\"1\" \/><\/div>\n<div><img decoding=\"async\" src=\"https:\/\/staging-www.jonnyfresh.com\/wp-content\/uploads\/2022\/01\/rituals_logo.png\" alt=\"Rituals\" width=\"155\" height=\"44\" class=\"alignnone wp-image-19041\" data-no-lazy=\"1\" srcset=\"https:\/\/media.jonnyfresh.com\/wp-content\/uploads\/2022\/01\/rituals_logo.png 310w, https:\/\/media.jonnyfresh.com\/wp-content\/uploads\/2022\/01\/rituals_logo-300x85.png 300w\" sizes=\"(max-width: 768px) 70vw, 640px\" \/><\/div>\n<div><img decoding=\"async\" src=\"https:\/\/media.jonnyfresh.com\/wp-content\/uploads\/2023\/04\/getir_logo.png\" alt=\"Getir\" width=\"155\" height=\"44\" class=\"alignnone wp-image-19045\" data-no-lazy=\"1\" \/><\/div>\n<div><img decoding=\"async\" src=\"https:\/\/staging-www.jonnyfresh.com\/wp-content\/uploads\/2022\/01\/fielmann_logo.png\" alt=\"Fielmann\" width=\"155\" height=\"44\" class=\"alignnone wp-image-19049\" data-no-lazy=\"1\" srcset=\"https:\/\/media.jonnyfresh.com\/wp-content\/uploads\/2022\/01\/fielmann_logo.png 310w, https:\/\/media.jonnyfresh.com\/wp-content\/uploads\/2022\/01\/fielmann_logo-300x85.png 300w\" sizes=\"(max-width: 768px) 70vw, 640px\" \/><\/div>\n<div><img decoding=\"async\" src=\"https:\/\/media.jonnyfresh.com\/wp-content\/uploads\/2023\/07\/siemens_logo.png\" alt=\"Siemens\" width=\"155\" height=\"44\" class=\"alignnone wp-image-19049\" data-no-lazy=\"1\" \/><\/div>\n<div><img decoding=\"async\" src=\"https:\/\/staging-www.jonnyfresh.com\/wp-content\/uploads\/2022\/02\/drsmile_logo.png\" alt=\"DrSmile\" width=\"155\" height=\"44\" class=\"alignnone wp-image-19049\" data-no-lazy=\"1\" \/><\/div>\n<\/div>\n<\/div><\/div><\/div><\/div><\/div><\/div>\n<\/div><\/div><\/div><\/div><\/div><div class=\"fsn-row full-width-row fsn-69e277f263f00 jf-promo-box jf-promo-box-light jf-tabs light\" style=\"background-repeat:repeat;background-position:left top;background-attachment:scroll;background-size:auto;\"><div class=\"container\"><div class=\"row\"><div class=\"col-sm-12\"><div class=\"fsn-column-inner fsn-69e277f263f89 jf-promo-box-content light\"><div class=\"fsn-text fsn-69e277f263fe5\">\n<h3 style=\"text-align: center;\">Corporate service is being handed over<\/h3>\n<p style=\"text-align: center;\">We would like to inform you that Jonny Fresh Corporate Service at the location Emmy Noeter Stra\u00dfe 2 in M\u00fcnchen at Stadtwerken M\u00fcnchen will cease operations on February 20, 2025.<\/p>\n<div class=\"d-flex flex-column flex-md-row border-top py-5 align-items-center border-bottom mb-5\">\n<div class=\"col-4 col-sm-4 col-md-3 col-lg-2 mt-5 mt-md-0 mb-3 mb-sm-0 px-sm-3 order-1 order-md-0 px-md-5 ui-resizable\">\n<p><img decoding=\"async\" src=\"https:\/\/media.jonnyfresh.com\/wp-content\/uploads\/2025\/01\/200804_Persil_Service_Logo-250x300.png\" alt=\"\" width=\"250\" height=\"300\" class=\"alignleft wp-image-39733 size-medium\" srcset=\"https:\/\/media.jonnyfresh.com\/wp-content\/uploads\/2025\/01\/200804_Persil_Service_Logo-250x300.png 250w, https:\/\/media.jonnyfresh.com\/wp-content\/uploads\/2025\/01\/200804_Persil_Service_Logo-853x1024.png 853w, https:\/\/media.jonnyfresh.com\/wp-content\/uploads\/2025\/01\/200804_Persil_Service_Logo-768x921.png 768w, https:\/\/media.jonnyfresh.com\/wp-content\/uploads\/2025\/01\/200804_Persil_Service_Logo-640x768.png 640w, https:\/\/media.jonnyfresh.com\/wp-content\/uploads\/2025\/01\/200804_Persil_Service_Logo.png 1181w\" sizes=\"(max-width: 768px) 70vw, 640px\" \/><\/p>\n<div class=\"ui-resizable-handle ui-resizable-e\" style=\"z-index: 90;\"><\/div>\n<div class=\"ui-resizable-handle ui-resizable-w\" style=\"z-index: 90;\"><\/div>\n<\/div>\n<div class=\"px-5 text-center text-md-start\">\n<p class=\"mb-1\" style=\"font-size: 18px;\"><strong class=\"text-primary\">Persil-Service<\/strong><\/p>\n<p class=\"mb-0\">From March 03, 2025, Persil Service will provide corporate service at the workplace at this location. Here you can find information about Persil Service and registration: <a href=\"https:\/\/www.persil.de\/persil-service.html\" target=\"_blank\" rel=\"noopener\">https:\/\/www.persil.de\/persil-service.html<\/a><\/p>\n<\/div>\n<\/div>\n<p style=\"text-align: center;\" class=\"mb-3\">We thank you for the cooperation and your trust.<\/p>\n<p style=\"text-align: center;\" class=\"mb-0\">With fresh regards<br \/>\n<strong class=\"text-primary\">Your Jonny Fresh Team<\/strong><\/p>\n<\/div><\/div><\/div><\/div><\/div><\/div>\n","protected":false},"excerpt":{"rendered":"","protected":false},"author":8,"featured_media":26611,"parent":0,"menu_order":168,"comment_status":"closed","ping_status":"closed","template":"","meta":{"inline_featured_image":false,"footnotes":""},"categories":[],"tags":[],"class_list":["post-26627","page","type-page","status-publish","has-post-thumbnail","hentry"],"yoast_head":"<!-- This site is optimized with the Yoast SEO plugin v25.3 - https:\/\/yoast.com\/wordpress\/plugins\/seo\/ -->\n<title>Corporate services at Stadtwerke Munich | Jonny Fresh<\/title>\n<meta name=\"description\" content=\"Jonny Fresh provides special corporate services for Stadtwerke: Easily drop off your dirty laundry directly at the office &amp; have more time for other things!\" \/>\n<meta name=\"robots\" content=\"noindex, follow\" \/>\n<meta property=\"og:locale\" content=\"en_US\" \/>\n<meta property=\"og:type\" content=\"article\" \/>\n<meta property=\"og:title\" content=\"Corporate services at Stadtwerke Munich | Jonny Fresh\" \/>\n<meta property=\"og:description\" content=\"Jonny Fresh provides special corporate services for Stadtwerke: Easily drop off your dirty laundry directly at the office &amp; have more time for other things!\" \/>\n<meta property=\"og:url\" content=\"https:\/\/staging-www.jonnyfresh.com\/en\/stadtwerke\/\" \/>\n<meta property=\"og:site_name\" content=\"jonnyfresh\" \/>\n<meta property=\"article:modified_time\" content=\"2025-02-19T12:37:09+00:00\" \/>\n<meta property=\"og:image\" content=\"https:\/\/media.jonnyfresh.com\/wp-content\/uploads\/2018\/11\/Frische_waesche_fuer_unternehmen.jpg\" \/>\n\t<meta property=\"og:image:width\" content=\"1920\" \/>\n\t<meta property=\"og:image:height\" content=\"1010\" \/>\n\t<meta property=\"og:image:type\" content=\"image\/jpeg\" \/>\n<meta name=\"twitter:card\" content=\"summary_large_image\" \/>\n<meta name=\"twitter:label1\" content=\"Est. reading time\" \/>\n\t<meta name=\"twitter:data1\" content=\"12 minutes\" \/>\n<script type=\"application\/ld+json\" class=\"yoast-schema-graph\">{\"@context\":\"https:\/\/schema.org\",\"@graph\":[{\"@type\":\"WebPage\",\"@id\":\"https:\/\/staging-www.jonnyfresh.com\/en\/stadtwerke\/\",\"url\":\"https:\/\/staging-www.jonnyfresh.com\/en\/stadtwerke\/\",\"name\":\"Corporate services at Stadtwerke Munich | Jonny Fresh\",\"isPartOf\":{\"@id\":\"https:\/\/staging-www.jonnyfresh.com\/en\/#website\"},\"primaryImageOfPage\":{\"@id\":\"https:\/\/staging-www.jonnyfresh.com\/en\/stadtwerke\/#primaryimage\"},\"image\":{\"@id\":\"https:\/\/staging-www.jonnyfresh.com\/en\/stadtwerke\/#primaryimage\"},\"thumbnailUrl\":\"https:\/\/media.jonnyfresh.com\/wp-content\/uploads\/2018\/11\/Frische_waesche_fuer_unternehmen.jpg\",\"datePublished\":\"2019-02-21T15:29:04+00:00\",\"dateModified\":\"2025-02-19T12:37:09+00:00\",\"description\":\"Jonny Fresh provides special corporate services for Stadtwerke: Easily drop off your dirty laundry directly at the office & have more time for other things!\",\"inLanguage\":\"en-US\",\"potentialAction\":[{\"@type\":\"ReadAction\",\"target\":[\"https:\/\/staging-www.jonnyfresh.com\/en\/stadtwerke\/\"]}]},{\"@type\":\"ImageObject\",\"inLanguage\":\"en-US\",\"@id\":\"https:\/\/staging-www.jonnyfresh.com\/en\/stadtwerke\/#primaryimage\",\"url\":\"https:\/\/media.jonnyfresh.com\/wp-content\/uploads\/2018\/11\/Frische_waesche_fuer_unternehmen.jpg\",\"contentUrl\":\"https:\/\/media.jonnyfresh.com\/wp-content\/uploads\/2018\/11\/Frische_waesche_fuer_unternehmen.jpg\",\"width\":1920,\"height\":1010},{\"@type\":\"WebSite\",\"@id\":\"https:\/\/staging-www.jonnyfresh.com\/en\/#website\",\"url\":\"https:\/\/staging-www.jonnyfresh.com\/en\/\",\"name\":\"jonnyfresh\",\"description\":\"Eine weitere WordPress Website\",\"potentialAction\":[{\"@type\":\"SearchAction\",\"target\":{\"@type\":\"EntryPoint\",\"urlTemplate\":\"https:\/\/staging-www.jonnyfresh.com\/en\/?s={search_term_string}\"},\"query-input\":{\"@type\":\"PropertyValueSpecification\",\"valueRequired\":true,\"valueName\":\"search_term_string\"}}],\"inLanguage\":\"en-US\"}]}<\/script>\n<!-- \/ Yoast SEO plugin. -->","yoast_head_json":{"title":"Corporate services at Stadtwerke Munich | Jonny Fresh","description":"Jonny Fresh provides special corporate services for Stadtwerke: Easily drop off your dirty laundry directly at the office & have more time for other things!","robots":{"index":"noindex","follow":"follow"},"og_locale":"en_US","og_type":"article","og_title":"Corporate services at Stadtwerke Munich | Jonny Fresh","og_description":"Jonny Fresh provides special corporate services for Stadtwerke: Easily drop off your dirty laundry directly at the office & have more time for other things!","og_url":"https:\/\/staging-www.jonnyfresh.com\/en\/stadtwerke\/","og_site_name":"jonnyfresh","article_modified_time":"2025-02-19T12:37:09+00:00","og_image":[{"width":1920,"height":1010,"url":"https:\/\/media.jonnyfresh.com\/wp-content\/uploads\/2018\/11\/Frische_waesche_fuer_unternehmen.jpg","type":"image\/jpeg"}],"twitter_card":"summary_large_image","twitter_misc":{"Est. reading time":"12 minutes"},"schema":{"@context":"https:\/\/schema.org","@graph":[{"@type":"WebPage","@id":"https:\/\/staging-www.jonnyfresh.com\/en\/stadtwerke\/","url":"https:\/\/staging-www.jonnyfresh.com\/en\/stadtwerke\/","name":"Corporate services at Stadtwerke Munich | Jonny Fresh","isPartOf":{"@id":"https:\/\/staging-www.jonnyfresh.com\/en\/#website"},"primaryImageOfPage":{"@id":"https:\/\/staging-www.jonnyfresh.com\/en\/stadtwerke\/#primaryimage"},"image":{"@id":"https:\/\/staging-www.jonnyfresh.com\/en\/stadtwerke\/#primaryimage"},"thumbnailUrl":"https:\/\/media.jonnyfresh.com\/wp-content\/uploads\/2018\/11\/Frische_waesche_fuer_unternehmen.jpg","datePublished":"2019-02-21T15:29:04+00:00","dateModified":"2025-02-19T12:37:09+00:00","description":"Jonny Fresh provides special corporate services for Stadtwerke: Easily drop off your dirty laundry directly at the office & have more time for other things!","inLanguage":"en-US","potentialAction":[{"@type":"ReadAction","target":["https:\/\/staging-www.jonnyfresh.com\/en\/stadtwerke\/"]}]},{"@type":"ImageObject","inLanguage":"en-US","@id":"https:\/\/staging-www.jonnyfresh.com\/en\/stadtwerke\/#primaryimage","url":"https:\/\/media.jonnyfresh.com\/wp-content\/uploads\/2018\/11\/Frische_waesche_fuer_unternehmen.jpg","contentUrl":"https:\/\/media.jonnyfresh.com\/wp-content\/uploads\/2018\/11\/Frische_waesche_fuer_unternehmen.jpg","width":1920,"height":1010},{"@type":"WebSite","@id":"https:\/\/staging-www.jonnyfresh.com\/en\/#website","url":"https:\/\/staging-www.jonnyfresh.com\/en\/","name":"jonnyfresh","description":"Eine weitere WordPress Website","potentialAction":[{"@type":"SearchAction","target":{"@type":"EntryPoint","urlTemplate":"https:\/\/staging-www.jonnyfresh.com\/en\/?s={search_term_string}"},"query-input":{"@type":"PropertyValueSpecification","valueRequired":true,"valueName":"search_term_string"}}],"inLanguage":"en-US"}]}},"_links":{"self":[{"href":"https:\/\/staging-www.jonnyfresh.com\/en\/wp-json\/wp\/v2\/pages\/26627","targetHints":{"allow":["GET"]}}],"collection":[{"href":"https:\/\/staging-www.jonnyfresh.com\/en\/wp-json\/wp\/v2\/pages"}],"about":[{"href":"https:\/\/staging-www.jonnyfresh.com\/en\/wp-json\/wp\/v2\/types\/page"}],"author":[{"embeddable":true,"href":"https:\/\/staging-www.jonnyfresh.com\/en\/wp-json\/wp\/v2\/users\/8"}],"replies":[{"embeddable":true,"href":"https:\/\/staging-www.jonnyfresh.com\/en\/wp-json\/wp\/v2\/comments?post=26627"}],"version-history":[{"count":5,"href":"https:\/\/staging-www.jonnyfresh.com\/en\/wp-json\/wp\/v2\/pages\/26627\/revisions"}],"predecessor-version":[{"id":39771,"href":"https:\/\/staging-www.jonnyfresh.com\/en\/wp-json\/wp\/v2\/pages\/26627\/revisions\/39771"}],"wp:featuredmedia":[{"embeddable":true,"href":"https:\/\/staging-www.jonnyfresh.com\/en\/wp-json\/wp\/v2\/media\/26611"}],"wp:attachment":[{"href":"https:\/\/staging-www.jonnyfresh.com\/en\/wp-json\/wp\/v2\/media?parent=26627"}],"wp:term":[{"taxonomy":"category","embeddable":true,"href":"https:\/\/staging-www.jonnyfresh.com\/en\/wp-json\/wp\/v2\/categories?post=26627"},{"taxonomy":"post_tag","embeddable":true,"href":"https:\/\/staging-www.jonnyfresh.com\/en\/wp-json\/wp\/v2\/tags?post=26627"}],"curies":[{"name":"wp","href":"https:\/\/api.w.org\/{rel}","templated":true}]}}