{"id":26545,"date":"2022-08-01T14:52:42","date_gmt":"2022-08-01T12:52:42","guid":{"rendered":"https:\/\/staging-www.jonnyfresh.com\/jobs\/lieferfahrer-muenchen\/"},"modified":"2023-12-13T10:10:29","modified_gmt":"2023-12-13T09:10:29","slug":"lieferfahrer-muenchen","status":"publish","type":"page","link":"https:\/\/staging-www.jonnyfresh.com\/at\/jobs\/lieferfahrer-muenchen\/","title":{"rendered":"Lieferfahrer in M\u00fcnchen gesucht"},"content":{"rendered":"<div class=\"fsn-row full-width-row fsn-69e4cd6ba9011 jf-promo light\" style=\"background-repeat:repeat;background-position:left top;background-attachment:scroll;background-size:auto;\"><div class=\"container\"><div class=\"row\"><div class=\"col-12 col-md-7 order-2 order-md-1 text-center text-md-start jf-promo-content\"><div class=\"fsn-column-inner fsn-69e4cd6ba90d5 light\"><div class=\"fsn-text fsn-69e4cd6ba912d jf-promo-text\">\n<h1>Lieferfahrer<br \/>\nin M\u00fcnchen gesucht<br \/>\n(m|w|d)<\/h1>\n<h2>Bewirb dich jetzt und werde Teil des Teams<\/h2>\n<\/div><div id=\"component-26426\" class=\"component fsn-69e4cd6ba96cb\"><div  class=\"fsn-row full-width-container fsn-69e4cd6ba98b5 light\" style=\"background-repeat:repeat;background-position:left top;background-attachment:scroll;background-size:auto;\"><div class=\"row\"><div class=\"col-sm-12\"><div class=\"fsn-column-inner fsn-69e4cd6ba994b light\"><div class=\"fsn-text fsn-69e4cd6ba99aa\">\n<p>Noch Fragen?<\/p>\n<nav class=\"jf-phone-numbers\"><a href=\"tel:0800700020\" class=\"jf-at-phone-number\"><img decoding=\"async\" src=\"https:\/\/static.jonnyfresh.com\/wp-content\/uploads\/flags\/at.png\" alt=\"Austria flag\" width=\"17\" height=\"17\" \/> 0800 700 020 <span class=\"material-icons\">phone<\/span><\/a><\/nav>\n<\/div><\/div><\/div><\/div><\/div>\n<\/div><\/div><\/div><div class=\"col-12 col-md-5 order-1 order-md-2 jf-promo-img-container\"><div class=\"fsn-column-inner fsn-69e4cd6ba9a11 light\"><div class=\"fsn-text fsn-69e4cd6ba9a64\">\n<div class=\"jf-promo-img-mask\"><img decoding=\"async\" src=\"https:\/\/staging-www.jonnyfresh.com\/wp-content\/uploads\/2022\/03\/lieferfahrer_jonny_fresh.jpg\" alt=\"Jonny Fresh Lieferfahrer holt W\u00e4sche bei Kundin ab\" class=\"alignnone size-full wp-image-18571 jf-promo-img\" width=\"100%\" height=\"100%\" \/><\/div>\n<div class=\"jf-promo-img-mask-shadow\"><\/div>\n<\/div><\/div><\/div><\/div><\/div><\/div><div  class=\"fsn-row full-width-container fsn-69e4cd6ba9abe light\" style=\"background-repeat:repeat;background-position:left top;background-attachment:scroll;background-size:auto;\"><div class=\"row\"><div class=\"col-sm-12\"><div class=\"fsn-column-inner fsn-69e4cd6ba9b22 light\"><div id=\"component-26441\" class=\"component fsn-69e4cd6baa09e\"><div class=\"fsn-row full-width-row fsn-69e4cd6bab18c jf-our-clients light\" style=\"background-repeat:repeat;background-position:left top;background-attachment:scroll;background-size:auto;\"><div class=\"container\"><div class=\"row\"><div class=\"col-sm-12\"><div class=\"fsn-column-inner fsn-69e4cd6bab21a light\"><div class=\"fsn-text fsn-69e4cd6bab27b\">\n<div class=\"owl-carousel\">\n<div><img decoding=\"async\" src=\"https:\/\/staging-www.jonnyfresh.com\/wp-content\/uploads\/2022\/01\/handelsblatt_logo.png\" alt=\"Handelsblatt\" width=\"155\" height=\"44\" class=\"alignnone wp-image-18785\" data-no-lazy=\"1\" srcset=\"https:\/\/media.jonnyfresh.com\/wp-content\/uploads\/2022\/01\/handelsblatt_logo.png 310w, https:\/\/media.jonnyfresh.com\/wp-content\/uploads\/2022\/01\/handelsblatt_logo-300x85.png 300w\" sizes=\"(max-width: 768px) 70vw, 640px\" \/><\/div>\n<div><img decoding=\"async\" src=\"https:\/\/staging-www.jonnyfresh.com\/wp-content\/uploads\/2022\/01\/n-tv_logo.png\" alt=\"N-TV\" width=\"155\" height=\"44\" class=\"alignnone wp-image-18791\" data-no-lazy=\"1\" srcset=\"https:\/\/media.jonnyfresh.com\/wp-content\/uploads\/2022\/01\/n-tv_logo.png 310w, https:\/\/media.jonnyfresh.com\/wp-content\/uploads\/2022\/01\/n-tv_logo-300x85.png 300w\" sizes=\"(max-width: 768px) 70vw, 640px\" \/><\/div>\n<div><img decoding=\"async\" src=\"https:\/\/staging-www.jonnyfresh.com\/wp-content\/uploads\/2022\/01\/prosieben_logo.png\" alt=\"ProSieben\" width=\"155\" height=\"44\" class=\"alignnone wp-image-18795\" data-no-lazy=\"1\" srcset=\"https:\/\/media.jonnyfresh.com\/wp-content\/uploads\/2022\/01\/prosieben_logo.png 310w, https:\/\/media.jonnyfresh.com\/wp-content\/uploads\/2022\/01\/prosieben_logo-300x85.png 300w\" sizes=\"(max-width: 768px) 70vw, 640px\" \/><\/div>\n<div><img decoding=\"async\" src=\"https:\/\/staging-www.jonnyfresh.com\/wp-content\/uploads\/2022\/01\/glamour_logo.png\" alt=\"Glamour\" width=\"155\" height=\"44\" class=\"alignnone wp-image-18799\" data-no-lazy=\"1\" srcset=\"https:\/\/media.jonnyfresh.com\/wp-content\/uploads\/2022\/01\/glamour_logo.png 310w, https:\/\/media.jonnyfresh.com\/wp-content\/uploads\/2022\/01\/glamour_logo-300x85.png 300w\" sizes=\"(max-width: 768px) 70vw, 640px\" \/><\/div>\n<div><img decoding=\"async\" src=\"https:\/\/staging-www.jonnyfresh.com\/wp-content\/uploads\/2022\/01\/gq_logo.png\" alt=\"GQ\" width=\"155\" height=\"44\" class=\"alignnone wp-image-18803\" data-no-lazy=\"1\" srcset=\"https:\/\/media.jonnyfresh.com\/wp-content\/uploads\/2022\/01\/gq_logo.png 310w, https:\/\/media.jonnyfresh.com\/wp-content\/uploads\/2022\/01\/gq_logo-300x85.png 300w\" sizes=\"(max-width: 768px) 70vw, 640px\" \/><\/div>\n<div><img decoding=\"async\" src=\"https:\/\/staging-www.jonnyfresh.com\/wp-content\/uploads\/2022\/01\/wirtschaftswoche_logo.png\" alt=\"Wirtschaftswoche\" width=\"155\" height=\"44\" class=\"alignnone wp-image-18807\" data-no-lazy=\"1\" srcset=\"https:\/\/media.jonnyfresh.com\/wp-content\/uploads\/2022\/01\/wirtschaftswoche_logo.png 310w, https:\/\/media.jonnyfresh.com\/wp-content\/uploads\/2022\/01\/wirtschaftswoche_logo-300x85.png 300w\" sizes=\"(max-width: 768px) 70vw, 640px\" \/><\/div>\n<\/div>\n<\/div><\/div><\/div><\/div><\/div><\/div>\n<\/div><\/div><\/div><\/div><\/div><div class=\"fsn-row full-width-row fsn-69e4cd6bab31b jf-content-box jf-our-benefits light\" style=\"background-repeat:repeat;background-position:left top;background-attachment:scroll;background-size:auto;\"><div class=\"container\"><div class=\"row\"><div class=\"col-12 col-lg-6 jf-content-box-content\"><div class=\"fsn-column-inner fsn-69e4cd6bab3d0 light\"><div class=\"fsn-text fsn-69e4cd6bab430\">\n<h4>Lieferfahrer M\u00fcnchen (m|w|d)<\/h4>\n<h3>Wir suchen dich!<\/h3>\n<p>Als Lieferfahrer (m|w|d) bist du unser Aush\u00e4ngeschild im t\u00e4glichen Kontakt mit Kunden und das Gesicht unseres Unternehmens. Fresh und freundlich sollte also auch dein Credo sein, um unsere Kunden jeden Tag aufs Neue gl\u00fccklich zu machen. Der t\u00e4gliche Start deiner Tour ist in M\u00fcnchen Ludwigsvorstadt-Isarvorstadt. Es w\u00e4re also von Vorteil, wenn du in der n\u00e4heren Umgebung wohnst. Du bist verantwortlich f\u00fcr die p\u00fcnktliche Abholung und Lieferung eingehender Reinigungsauftr\u00e4ge. Unterst\u00fctzt wirst du dabei durch ein von uns gestelltes Smartphone samt dazugeh\u00f6riger JF- App.<\/p>\n<p>Bewirb dich jetzt online per E-Mail und schicke uns ein kurzes Schreiben mit tabellarischem Lebenslauf an: <a href=\"mailto:jobs@jonnyfresh.com\">jobs@jonnyfresh.com<\/a><\/p>\n<\/div><\/div><\/div><div class=\"col-12 col-lg-6\"><div class=\"fsn-column-inner fsn-69e4cd6bab487 light\"><div  class=\"fsn-row full-width-container fsn-69e4cd6bab58d light seamless\" style=\"background-repeat:repeat;background-position:left top;background-attachment:scroll;background-size:auto;\"><div class=\"row row-cols-3 row-cols-lg-2 jf-content-box-promo\"><div class=\"col-6 col-sm-4 text-center text-md-start jf-benefit\"><div class=\"fsn-column-inner fsn-69e4cd6bab619 light\"><div class=\"fsn-code fsn-69e4cd6bab668\"><div class=\"row flex-column flex-md-row g-0 align-items-center\">\r\n\t<div class=\"col-12 col-md-auto\">\r\n\t\t<div class=\"jf-icon-box mb-md-0\">\r\n        \t<div class=\"jf-icon-box-container\">\r\n            \t<img decoding=\"async\" src=\"https:\/\/www.jonnyfresh.com\/wp-content\/uploads\/2022\/02\/textilreinigung_in_48_stunden.svg\" alt=\"f\u00fcr Privat- & Gesch\u00e4ftskunden\" width=\"75\" height=\"75\" \/>\r\n\t\t\t<\/div>\r\n\t\t<\/div>\r\n\t<\/div>\r\n\t<div class=\"col-12 col-md-7 jf-benefit-title\">\r\n\t\t<span>flexible Arbeitszeiten<\/span>\r\n\t<\/div>\r\n<\/div><\/div><\/div><\/div><div class=\"col-6 col-sm-4 text-center text-md-start jf-benefit\"><div class=\"fsn-column-inner fsn-69e4cd6bab6ca light\"><div class=\"fsn-code fsn-69e4cd6bab716\"><div class=\"row flex-column flex-md-row g-0 align-items-center\">\r\n\t<div class=\"col-12 col-md-auto\">\r\n\t\t<div class=\"jf-icon-box mb-md-0\">\r\n        \t<div class=\"jf-icon-box-container\">\r\n            \t<img decoding=\"async\" src=\"https:\/\/media.jonnyfresh.com\/wp-content\/uploads\/2022\/07\/gruppe-menschen.png\" width=\"75\" height=\"75\" \/>\r\n\t\t\t<\/div>\r\n\t\t<\/div>\r\n\t<\/div>\r\n\t<div class=\"col-12 col-md-7 jf-benefit-title\">\r\n\t\t<span>motiviertes & freundliches Team<\/span>\r\n\t<\/div>\r\n<\/div><\/div><\/div><\/div><div class=\"col-6 col-sm-4 text-center text-md-start jf-benefit\"><div class=\"fsn-column-inner fsn-69e4cd6bab75d light\"><div class=\"fsn-code fsn-69e4cd6bab7a5\"><div class=\"row flex-column flex-md-row g-0 align-items-center\">\r\n\t<div class=\"col-12 col-md-auto\">\r\n\t\t<div class=\"jf-icon-box mb-md-0\">\r\n        \t<div class=\"jf-icon-box-container\">\r\n            \t<img decoding=\"async\" src=\"https:\/\/media.jonnyfresh.com\/wp-content\/uploads\/2022\/07\/verguetung-und-trinkgeld.png\" alt=\"deutschlandweit verf\u00fcgbar\" width=\"75\" height=\"75\" \/>\r\n\t\t\t<\/div>\r\n\t\t<\/div>\r\n\t<\/div>\r\n\t<div class=\"col-12 col-md-7 jf-benefit-title\">\r\n\t\t<span>attraktive Verg\u00fctung & Trinkgeld<\/span>\r\n\t<\/div>\r\n<\/div><\/div><\/div><\/div><div class=\"col-6 col-sm-4 text-center text-md-start jf-benefit\"><div class=\"fsn-column-inner fsn-69e4cd6bab7f0 light\"><div class=\"fsn-code fsn-69e4cd6bab838\"><div class=\"row flex-column flex-md-row g-0 align-items-center\">\r\n\t<div class=\"col-12 col-md-auto\">\r\n\t\t<div class=\"jf-icon-box mb-md-0\">\r\n        \t<div class=\"jf-icon-box-container\">\r\n            \t<img decoding=\"async\" src=\"https:\/\/www.jonnyfresh.com\/wp-content\/uploads\/2022\/02\/abholung_und_lieferung_am_wunschort.svg\" alt=\"hohe Qualit\u00e4tsstandards\" width=\"75\" height=\"75\" \/>\r\n\t\t\t<\/div>\r\n\t\t<\/div>\r\n\t<\/div>\r\n\t<div class=\"col-12 col-md-7 jf-benefit-title\">\r\n\t\t<span>kein eigenes Fahrzeug n\u00f6tig<\/span>\r\n\t<\/div>\r\n<\/div><\/div><\/div><\/div><div class=\"col-6 col-sm-4 text-center text-md-start jf-benefit\"><div class=\"fsn-column-inner fsn-69e4cd6bab87c light\"><div class=\"fsn-code fsn-69e4cd6bab8c5\"><div class=\"row flex-column flex-md-row g-0 align-items-center\">\r\n\t<div class=\"col-12 col-md-auto\">\r\n\t\t<div class=\"jf-icon-box mb-md-0\">\r\n        \t<div class=\"jf-icon-box-container\">\r\n            \t<img decoding=\"async\" src=\"https:\/\/media.jonnyfresh.com\/wp-content\/uploads\/2022\/07\/papierloses-arbeiten.png\" alt=\"100% plastikfreie Verpackung\" width=\"75\" height=\"75\" \/>\r\n\t\t\t<\/div>\r\n\t\t<\/div>\r\n\t<\/div>\r\n\t<div class=\"col-12 col-md-7 jf-benefit-title\">\r\n\t\t<span>papierloses Arbeiten<\/span>\r\n\t<\/div>\r\n<\/div><\/div><\/div><\/div><div class=\"col-6 col-sm-4 text-center text-md-start jf-benefit\"><div class=\"fsn-column-inner fsn-69e4cd6bab915 light\"><div class=\"fsn-code fsn-69e4cd6bab956\"><div class=\"row flex-column flex-md-row g-0 align-items-center\">\r\n\t<div class=\"col-12 col-md-auto\">\r\n\t\t<div class=\"jf-icon-box mb-md-0\">\r\n        \t<div class=\"jf-icon-box-container\">\r\n            \t<img decoding=\"async\" src=\"https:\/\/media.jonnyfresh.com\/wp-content\/uploads\/2022\/02\/einfach_und_bequem.svg\" alt=\"Textilreinigung in nur 48 Stunden\" width=\"75\" height=\"75\" \/>\r\n\t\t\t<\/div>\r\n\t\t<\/div>\r\n\t<\/div>\r\n\t<div class=\"col-12 col-md-7 jf-benefit-title\">\r\n\t\t<span>t\u00e4glicher Umgang mit Menschen<\/span>\r\n\t<\/div>\r\n<\/div><\/div><\/div><\/div><\/div><\/div><\/div><\/div><\/div><\/div><\/div><div class=\"fsn-row full-width-row fsn-69e4cd6bab9df jf-promo-box light\" style=\"background-repeat:repeat;background-position:left top;background-attachment:scroll;background-size:auto;\"><div class=\"container\"><div class=\"row\"><div class=\"col-sm-12\"><div class=\"fsn-column-inner fsn-69e4cd6baba8d jf-promo-box-content light\"><div class=\"fsn-text fsn-69e4cd6babb00\">\n<div class=\"jf-promo-box-content\">\n<div class=\"jf-promo-box-content-header-small text-center\">Mit Jonny Fresh f\u00e4hrst du gut<\/div>\n<h3 class=\"text-center\">Das ist dein Jobprofil<\/h3>\n<\/div>\n<p style=\"text-align: center;\">Lieferfahrer M\u00fcnchen gesucht (m|w|d):<br \/>\nBewirb dich jetzt online per E-Mail und schicke uns ein kurzes Schreiben mit tabellarischem Lebenslauf an: <a href=\"mailto:jobs@jonnyfresh.com\">jobs@jonnyfresh.com<\/a><\/p>\n<\/div><div class=\"fsn-text fsn-69e4cd6babb2a\">\n<div class=\"accordion jf-accordion\">\n<div class=\"accordion-item\">\n<h4 class=\"accordion-header\" id=\"panelsStayOpen-headingOne\"><a class=\"accordion-button d-flex align-items-start\" data-bs-toggle=\"collapse\" data-bs-target=\"#panelsStayOpen-collapseOne\"><span class=\"material-icons\">expand_circle_down<\/span> Deine zuk\u00fcnftigen Aufgaben<br \/>\n<\/a><\/h4>\n<div id=\"panelsStayOpen-collapseOne\" class=\"accordion-collapse collapse show\" aria-labelledby=\"panelsStayOpen-headingOne\">\n<div class=\"accordion-body\">\n<p>&#8211; mindestens 1 Jahr Erfahrung im f\u00fchren eines Transporters<br \/>\n&#8211; Abholen und Liefern von Textilien an unterschiedlichen Adressen in M\u00fcnchen<br \/>\n&#8211; JF-App bedienen um Auftr\u00e4ge abzuwickeln<\/p>\n<\/div>\n<\/div>\n<\/div>\n<div class=\"accordion-item\">\n<h4 class=\"accordion-header\" id=\"panelsStayOpen-headingTwo\"><a class=\"accordion-button d-flex align-items-start\" data-bs-toggle=\"collapse\" data-bs-target=\"#panelsStayOpen-collapseTwo\"><span class=\"material-icons\">expand_circle_down<\/span> Anforderungen an dich<br \/>\n<\/a><\/h4>\n<div id=\"panelsStayOpen-collapseTwo\" class=\"accordion-collapse collapse show\" aria-labelledby=\"panelsStayOpen-headingTwo\">\n<div class=\"accordion-body\">\n<p>&#8211; Grundvoraussetzung ist der F\u00fchrerschein Klasse B<br \/>\n&#8211; Ortskundigkeit in der sch\u00f6nen Stadt M\u00fcnchen<br \/>\n&#8211; ein sehr freundliches, kommunikatives und lockeres Auftreten<br \/>\n&#8211; eine zuverl\u00e4ssige und gewissenhafte Arbeitsweise ist sehr wichtig, da es durchaus auch mal zu Zeitdruck kommen kann<br \/>\n&#8211; Arbeitszeiten: Montags bis freitags in Fr\u00fchschicht (7-14 Uhr Tour + eine Stunde Vor- und Nachbereitung)<\/p>\n<\/div>\n<\/div>\n<\/div>\n<div class=\"accordion-item\">\n<h4 class=\"accordion-header\" id=\"panelsStayOpen-headingThree\"><a class=\"accordion-button d-flex align-items-start\" data-bs-toggle=\"collapse\" data-bs-target=\"#panelsStayOpen-collapseThree\"><span class=\"material-icons\">expand_circle_down<\/span> Wir bieten dir<br \/>\n<\/a><\/h4>\n<div id=\"panelsStayOpen-collapseThree\" class=\"accordion-collapse collapse show\" aria-labelledby=\"panelsStayOpen-headingThree\">\n<div class=\"accordion-body\">\n<p>&#8211; eine faire Bezahlung inkl. dem Trinkgeld, was komplett beim Fahrer verbleibt<br \/>\n&#8211; ein junges, dynamisches Team<br \/>\n&#8211; ein freundliches und vor allem abwechslungsreiches Arbeitsumfeld<br \/>\n&#8211; moderne, neuwertige Fahrzeuge<br \/>\n&#8211; Smartphones mit der JF- App, die dich bei der Abwicklung deiner Aufgaben unterst\u00fctzt<\/p>\n<\/div>\n<\/div>\n<\/div>\n<\/div>\n<\/div><\/div><\/div><\/div><\/div><\/div><div class=\"fsn-row full-width-row fsn-69e4cd6babb7d jf-promo-box jf-promo-box-light light\" style=\"background-repeat:repeat;background-position:left top;background-attachment:scroll;background-size:auto;\"><div class=\"container\"><div class=\"row\"><div class=\"col-sm-12\"><div class=\"fsn-column-inner fsn-69e4cd6babbdc jf-promo-box-content light\"><div class=\"fsn-text fsn-69e4cd6babc1f\">\n<h3 style=\"text-align: center;\">Hast du Lust? Dann bewirb dich noch heute!<\/h3>\n<p>F\u00fchlst du dich angesprochen und spiegelt unser Profil deine Pers\u00f6nlichkeit wider? Dann bewirb dich jetzt online per E-Mail und schicke uns ein kurzes Schreiben mit tabellarischem Lebenslauf an <a href=\"mailto:jobs@jonnyfresh.com\">jobs@jonnyfresh.com<\/a>. Wenn wir uns f\u00fcr dich entschieden haben, kannst du sofort anfangen und Teil des Teams werden. Wir freuen uns auf deine Bewerbung!<\/p>\n<\/div><\/div><\/div><\/div><\/div><\/div>\n","protected":false},"excerpt":{"rendered":"","protected":false},"author":8,"featured_media":0,"parent":26534,"menu_order":386,"comment_status":"closed","ping_status":"closed","template":"","meta":{"inline_featured_image":false,"footnotes":""},"categories":[],"tags":[],"class_list":["post-26545","page","type-page","status-publish","hentry"],"yoast_head":"<!-- This site is optimized with the Yoast SEO plugin v25.3 - https:\/\/yoast.com\/wordpress\/plugins\/seo\/ -->\n<title>Jonny Fresh Jobs: Lieferfahrer in M\u00fcnchen gesucht (m|w|d)<\/title>\n<meta name=\"description\" content=\"Lieferfahrer in M\u00fcnchen \u00bb Lust auf Herausforderungen? Bewirb dich jetzt &amp; werde Teil der W\u00e4scheservice-Revolution!\" \/>\n<meta name=\"robots\" content=\"index, follow, max-snippet:-1, max-image-preview:large, max-video-preview:-1\" \/>\n<link rel=\"canonical\" href=\"https:\/\/staging-www.jonnyfresh.com\/at\/jobs\/lieferfahrer-muenchen\/\" \/>\n<meta property=\"og:locale\" content=\"de_DE\" \/>\n<meta property=\"og:type\" content=\"article\" \/>\n<meta property=\"og:title\" content=\"Jonny Fresh Jobs: Lieferfahrer in M\u00fcnchen gesucht (m|w|d)\" \/>\n<meta property=\"og:description\" content=\"Lieferfahrer in M\u00fcnchen \u00bb Lust auf Herausforderungen? Bewirb dich jetzt &amp; werde Teil der W\u00e4scheservice-Revolution!\" \/>\n<meta property=\"og:url\" content=\"https:\/\/staging-www.jonnyfresh.com\/at\/jobs\/lieferfahrer-muenchen\/\" \/>\n<meta property=\"og:site_name\" content=\"jonnyfresh\" \/>\n<meta property=\"article:modified_time\" content=\"2023-12-13T09:10:29+00:00\" \/>\n<meta property=\"og:image\" content=\"https:\/\/staging-www.jonnyfresh.com\/wp-content\/uploads\/2022\/03\/lieferfahrer_jonny_fresh.jpg\" \/>\n<meta name=\"twitter:card\" content=\"summary_large_image\" \/>\n<meta name=\"twitter:label1\" content=\"Est. reading time\" \/>\n\t<meta name=\"twitter:data1\" content=\"4 minutes\" \/>\n<script type=\"application\/ld+json\" class=\"yoast-schema-graph\">{\"@context\":\"https:\/\/schema.org\",\"@graph\":[{\"@type\":\"WebPage\",\"@id\":\"https:\/\/staging-www.jonnyfresh.com\/at\/jobs\/lieferfahrer-muenchen\/\",\"url\":\"https:\/\/staging-www.jonnyfresh.com\/at\/jobs\/lieferfahrer-muenchen\/\",\"name\":\"Jonny Fresh Jobs: Lieferfahrer in M\u00fcnchen gesucht (m|w|d)\",\"isPartOf\":{\"@id\":\"https:\/\/staging-www.jonnyfresh.com\/at\/#website\"},\"primaryImageOfPage\":{\"@id\":\"https:\/\/staging-www.jonnyfresh.com\/at\/jobs\/lieferfahrer-muenchen\/#primaryimage\"},\"image\":{\"@id\":\"https:\/\/staging-www.jonnyfresh.com\/at\/jobs\/lieferfahrer-muenchen\/#primaryimage\"},\"thumbnailUrl\":\"https:\/\/staging-www.jonnyfresh.com\/wp-content\/uploads\/2022\/03\/lieferfahrer_jonny_fresh.jpg\",\"datePublished\":\"2022-08-01T12:52:42+00:00\",\"dateModified\":\"2023-12-13T09:10:29+00:00\",\"description\":\"Lieferfahrer in M\u00fcnchen \u00bb Lust auf Herausforderungen? Bewirb dich jetzt & werde Teil der W\u00e4scheservice-Revolution!\",\"breadcrumb\":{\"@id\":\"https:\/\/staging-www.jonnyfresh.com\/at\/jobs\/lieferfahrer-muenchen\/#breadcrumb\"},\"inLanguage\":\"de-AT\",\"potentialAction\":[{\"@type\":\"ReadAction\",\"target\":[\"https:\/\/staging-www.jonnyfresh.com\/at\/jobs\/lieferfahrer-muenchen\/\"]}]},{\"@type\":\"ImageObject\",\"inLanguage\":\"de-AT\",\"@id\":\"https:\/\/staging-www.jonnyfresh.com\/at\/jobs\/lieferfahrer-muenchen\/#primaryimage\",\"url\":\"https:\/\/staging-www.jonnyfresh.com\/wp-content\/uploads\/2022\/03\/lieferfahrer_jonny_fresh.jpg\",\"contentUrl\":\"https:\/\/staging-www.jonnyfresh.com\/wp-content\/uploads\/2022\/03\/lieferfahrer_jonny_fresh.jpg\"},{\"@type\":\"BreadcrumbList\",\"@id\":\"https:\/\/staging-www.jonnyfresh.com\/at\/jobs\/lieferfahrer-muenchen\/#breadcrumb\",\"itemListElement\":[{\"@type\":\"ListItem\",\"position\":1,\"name\":\"Jobs \u2013 Jonny Fresh sucht dich!\",\"item\":\"https:\/\/staging-www.jonnyfresh.com\/at\/jobs\/\"},{\"@type\":\"ListItem\",\"position\":2,\"name\":\"Lieferfahrer in M\u00fcnchen gesucht\"}]},{\"@type\":\"WebSite\",\"@id\":\"https:\/\/staging-www.jonnyfresh.com\/at\/#website\",\"url\":\"https:\/\/staging-www.jonnyfresh.com\/at\/\",\"name\":\"jonnyfresh\",\"description\":\"Eine weitere WordPress Website\",\"potentialAction\":[{\"@type\":\"SearchAction\",\"target\":{\"@type\":\"EntryPoint\",\"urlTemplate\":\"https:\/\/staging-www.jonnyfresh.com\/at\/?s={search_term_string}\"},\"query-input\":{\"@type\":\"PropertyValueSpecification\",\"valueRequired\":true,\"valueName\":\"search_term_string\"}}],\"inLanguage\":\"de-AT\"}]}<\/script>\n<!-- \/ Yoast SEO plugin. -->","yoast_head_json":{"title":"Jonny Fresh Jobs: Lieferfahrer in M\u00fcnchen gesucht (m|w|d)","description":"Lieferfahrer in M\u00fcnchen \u00bb Lust auf Herausforderungen? Bewirb dich jetzt & werde Teil der W\u00e4scheservice-Revolution!","robots":{"index":"index","follow":"follow","max-snippet":"max-snippet:-1","max-image-preview":"max-image-preview:large","max-video-preview":"max-video-preview:-1"},"canonical":"https:\/\/staging-www.jonnyfresh.com\/at\/jobs\/lieferfahrer-muenchen\/","og_locale":"de_DE","og_type":"article","og_title":"Jonny Fresh Jobs: Lieferfahrer in M\u00fcnchen gesucht (m|w|d)","og_description":"Lieferfahrer in M\u00fcnchen \u00bb Lust auf Herausforderungen? Bewirb dich jetzt & werde Teil der W\u00e4scheservice-Revolution!","og_url":"https:\/\/staging-www.jonnyfresh.com\/at\/jobs\/lieferfahrer-muenchen\/","og_site_name":"jonnyfresh","article_modified_time":"2023-12-13T09:10:29+00:00","og_image":[{"url":"https:\/\/staging-www.jonnyfresh.com\/wp-content\/uploads\/2022\/03\/lieferfahrer_jonny_fresh.jpg","type":"","width":"","height":""}],"twitter_card":"summary_large_image","twitter_misc":{"Est. reading time":"4 minutes"},"schema":{"@context":"https:\/\/schema.org","@graph":[{"@type":"WebPage","@id":"https:\/\/staging-www.jonnyfresh.com\/at\/jobs\/lieferfahrer-muenchen\/","url":"https:\/\/staging-www.jonnyfresh.com\/at\/jobs\/lieferfahrer-muenchen\/","name":"Jonny Fresh Jobs: Lieferfahrer in M\u00fcnchen gesucht (m|w|d)","isPartOf":{"@id":"https:\/\/staging-www.jonnyfresh.com\/at\/#website"},"primaryImageOfPage":{"@id":"https:\/\/staging-www.jonnyfresh.com\/at\/jobs\/lieferfahrer-muenchen\/#primaryimage"},"image":{"@id":"https:\/\/staging-www.jonnyfresh.com\/at\/jobs\/lieferfahrer-muenchen\/#primaryimage"},"thumbnailUrl":"https:\/\/staging-www.jonnyfresh.com\/wp-content\/uploads\/2022\/03\/lieferfahrer_jonny_fresh.jpg","datePublished":"2022-08-01T12:52:42+00:00","dateModified":"2023-12-13T09:10:29+00:00","description":"Lieferfahrer in M\u00fcnchen \u00bb Lust auf Herausforderungen? Bewirb dich jetzt & werde Teil der W\u00e4scheservice-Revolution!","breadcrumb":{"@id":"https:\/\/staging-www.jonnyfresh.com\/at\/jobs\/lieferfahrer-muenchen\/#breadcrumb"},"inLanguage":"de-AT","potentialAction":[{"@type":"ReadAction","target":["https:\/\/staging-www.jonnyfresh.com\/at\/jobs\/lieferfahrer-muenchen\/"]}]},{"@type":"ImageObject","inLanguage":"de-AT","@id":"https:\/\/staging-www.jonnyfresh.com\/at\/jobs\/lieferfahrer-muenchen\/#primaryimage","url":"https:\/\/staging-www.jonnyfresh.com\/wp-content\/uploads\/2022\/03\/lieferfahrer_jonny_fresh.jpg","contentUrl":"https:\/\/staging-www.jonnyfresh.com\/wp-content\/uploads\/2022\/03\/lieferfahrer_jonny_fresh.jpg"},{"@type":"BreadcrumbList","@id":"https:\/\/staging-www.jonnyfresh.com\/at\/jobs\/lieferfahrer-muenchen\/#breadcrumb","itemListElement":[{"@type":"ListItem","position":1,"name":"Jobs \u2013 Jonny Fresh sucht dich!","item":"https:\/\/staging-www.jonnyfresh.com\/at\/jobs\/"},{"@type":"ListItem","position":2,"name":"Lieferfahrer in M\u00fcnchen gesucht"}]},{"@type":"WebSite","@id":"https:\/\/staging-www.jonnyfresh.com\/at\/#website","url":"https:\/\/staging-www.jonnyfresh.com\/at\/","name":"jonnyfresh","description":"Eine weitere WordPress Website","potentialAction":[{"@type":"SearchAction","target":{"@type":"EntryPoint","urlTemplate":"https:\/\/staging-www.jonnyfresh.com\/at\/?s={search_term_string}"},"query-input":{"@type":"PropertyValueSpecification","valueRequired":true,"valueName":"search_term_string"}}],"inLanguage":"de-AT"}]}},"_links":{"self":[{"href":"https:\/\/staging-www.jonnyfresh.com\/at\/wp-json\/wp\/v2\/pages\/26545","targetHints":{"allow":["GET"]}}],"collection":[{"href":"https:\/\/staging-www.jonnyfresh.com\/at\/wp-json\/wp\/v2\/pages"}],"about":[{"href":"https:\/\/staging-www.jonnyfresh.com\/at\/wp-json\/wp\/v2\/types\/page"}],"author":[{"embeddable":true,"href":"https:\/\/staging-www.jonnyfresh.com\/at\/wp-json\/wp\/v2\/users\/8"}],"replies":[{"embeddable":true,"href":"https:\/\/staging-www.jonnyfresh.com\/at\/wp-json\/wp\/v2\/comments?post=26545"}],"version-history":[{"count":2,"href":"https:\/\/staging-www.jonnyfresh.com\/at\/wp-json\/wp\/v2\/pages\/26545\/revisions"}],"predecessor-version":[{"id":26866,"href":"https:\/\/staging-www.jonnyfresh.com\/at\/wp-json\/wp\/v2\/pages\/26545\/revisions\/26866"}],"up":[{"embeddable":true,"href":"https:\/\/staging-www.jonnyfresh.com\/at\/wp-json\/wp\/v2\/pages\/26534"}],"wp:attachment":[{"href":"https:\/\/staging-www.jonnyfresh.com\/at\/wp-json\/wp\/v2\/media?parent=26545"}],"wp:term":[{"taxonomy":"category","embeddable":true,"href":"https:\/\/staging-www.jonnyfresh.com\/at\/wp-json\/wp\/v2\/categories?post=26545"},{"taxonomy":"post_tag","embeddable":true,"href":"https:\/\/staging-www.jonnyfresh.com\/at\/wp-json\/wp\/v2\/tags?post=26545"}],"curies":[{"name":"wp","href":"https:\/\/api.w.org\/{rel}","templated":true}]}}