{"id":26536,"date":"2016-06-21T14:05:08","date_gmt":"2016-06-21T12:05:08","guid":{"rendered":"https:\/\/staging-www.jonnyfresh.com\/blog\/"},"modified":"2023-02-08T23:18:17","modified_gmt":"2023-02-08T22:18:17","slug":"blog","status":"publish","type":"page","link":"https:\/\/staging-www.jonnyfresh.com\/at\/blog\/","title":{"rendered":"Blog Jonny Fresh"},"content":{"rendered":"<div class=\"fsn-row full-width-row fsn-69ec8ef9aa4c2 jf-promo light\" style=\"background-repeat:repeat;background-position:left top;background-attachment:scroll;background-size:auto;\"><div class=\"container\"><div class=\"row\"><div class=\"col-12 col-md-7 order-2 order-md-1 text-center text-md-start jf-promo-content\"><div class=\"fsn-column-inner fsn-69ec8ef9aa57f light\"><div class=\"fsn-text fsn-69ec8ef9aa5d7 jf-promo-text\">\n<h1 class=\"jf-promo-header-big\">Infos, Tipps &amp; Tricks zum Thema W\u00e4sche<\/h1>\n<h2>Freshe Blogartikel mit sauber recherchierten Fakten<\/h2>\n<\/div><div id=\"component-26426\" class=\"component fsn-69ec8ef9aaa6b\"><div  class=\"fsn-row full-width-container fsn-69ec8ef9aabf0 light\" style=\"background-repeat:repeat;background-position:left top;background-attachment:scroll;background-size:auto;\"><div class=\"row\"><div class=\"col-sm-12\"><div class=\"fsn-column-inner fsn-69ec8ef9aac44 light\"><div class=\"fsn-text fsn-69ec8ef9aac7a\">\n<p>Noch Fragen?<\/p>\n<nav class=\"jf-phone-numbers\"><a href=\"tel:0800700020\" class=\"jf-at-phone-number\"><img decoding=\"async\" src=\"https:\/\/static.jonnyfresh.com\/wp-content\/uploads\/flags\/at.png\" alt=\"Austria flag\" width=\"17\" height=\"17\" \/> 0800 700 020 <span class=\"material-icons\">phone<\/span><\/a><\/nav>\n<\/div><\/div><\/div><\/div><\/div>\n<\/div><\/div><\/div><div class=\"col-12 col-md-5 order-1 order-md-2 jf-promo-img-container\"><div class=\"fsn-column-inner fsn-69ec8ef9aacd4 light\"><div class=\"fsn-text fsn-69ec8ef9aad38\">\n<div class=\"jf-promo-img-mask\"><img decoding=\"async\" src=\"https:\/\/staging-www.jonnyfresh.com\/wp-content\/uploads\/2022\/02\/jonny_fresh_blog.jpg\" alt=\"Infos, Tipps &amp; Tricks zum Thema W\u00e4sche\" class=\"alignnone size-full wp-image-18571 jf-promo-img\" width=\"100%\" height=\"100%\" \/><\/div>\n<div class=\"jf-promo-img-mask-shadow\"><\/div>\n<\/div><\/div><\/div><\/div><\/div><\/div><div id=\"posts\" class=\"fsn-row full-width-row fsn-69ec8ef9aad7e jf-promo-box jf-promo-box-light light\" style=\"background-repeat:repeat;background-position:left top;background-attachment:scroll;background-size:auto;\"><div class=\"container\"><div class=\"row\"><div class=\"col-sm-12\"><div class=\"fsn-column-inner fsn-69ec8ef9aadd3 jf-promo-box-content light\"><div class=\"fsn-text fsn-69ec8ef9aae05\">\n<h3 style=\"text-align: center;\">Saubere Beitr\u00e4ge zum Thema W\u00e4sche<\/h3>\n<p>W\u00e4sche waschen war f\u00fcr dich bisher immer ein \u00fcberaus trockenes und unbeliebtes Thema? Dann kennst du unseren Jonny Fresh Blog noch nicht! Regelm\u00e4\u00dfig versorgen wir dich hier mit <strong>sauber recherchierten Fakten, Infos<\/strong> sowie <strong>n\u00fctzlichen Tipps und Tricks rund um das Thema W\u00e4sche<\/strong>. Lies z.B. warum man zwischen Weihnachten und Neujahr besser keine W\u00e4sche waschen sollte, erfahre warum manche Socken f\u00fcr immer in den Tiefen der Waschmaschine verschwinden oder informiere dich \u00fcber n\u00fctzliche Tipps zur Beseitigung unangenehmer Ger\u00fcche in deiner Waschmaschine!<\/p>\n<\/div><div class=\"fsn-text fsn-69ec8ef9aae1d\">\n<div class=\"jf-posts-list d-flex justify-content-center flex-wrap\"><article class=\"jf-posts-list-item d-flex flex-column\"><div class=\"jf-posts-list-item-image\"><a href=\"https:\/\/staging-www.jonnyfresh.com\/at\/blog\/n-tv-award-2022\/\"><img decoding=\"async\" width=\"1200\" height=\"800\" src=\"https:\/\/media.jonnyfresh.com\/wp-content\/uploads\/2022\/06\/auszeichnung-online-portale-preis-2022.jpeg\" class=\"attachment-post-thumbnail size-post-thumbnail wp-post-image\" alt=\"\" srcset=\"https:\/\/media.jonnyfresh.com\/wp-content\/uploads\/2022\/06\/auszeichnung-online-portale-preis-2022.jpeg 1200w, https:\/\/media.jonnyfresh.com\/wp-content\/uploads\/2022\/06\/auszeichnung-online-portale-preis-2022-300x200.jpeg 300w, https:\/\/media.jonnyfresh.com\/wp-content\/uploads\/2022\/06\/auszeichnung-online-portale-preis-2022-1024x683.jpeg 1024w, https:\/\/media.jonnyfresh.com\/wp-content\/uploads\/2022\/06\/auszeichnung-online-portale-preis-2022-768x512.jpeg 768w, https:\/\/media.jonnyfresh.com\/wp-content\/uploads\/2022\/06\/auszeichnung-online-portale-preis-2022-640x427.jpeg 640w\" sizes=\"(max-width: 768px) 70vw, 640px\" \/><\/a><\/div><div class=\"jf-posts-list-item-content\"><h2><a href=\"https:\/\/staging-www.jonnyfresh.com\/at\/blog\/n-tv-award-2022\/\">n-tv Award: Jonny Fresh geh\u00f6rt zu &#8220;Deutschlands beste Online-Portale 2022&#8221;<\/a><\/h2><p class=\"jf-posts-list-item-date\">Gepostet von Maik: 14.06.2022<\/p><p class=\"jf-posts-list-item-excerpt\">Die mobile W\u00e4scherei und Textilreinigung Jonny Fresh erh\u00e4lt erneut die begehrte n-tv Auszeichnung \u201cDeutschlands [...]<\/p><\/div><div class=\"jf-posts-list-item-more mt-auto text-center\"><a href=\"https:\/\/staging-www.jonnyfresh.com\/at\/blog\/n-tv-award-2022\/\" class=\"btn btn-secondary\" target=\"_blank\">Zum Artikel<\/a><\/div><\/article><article class=\"jf-posts-list-item d-flex flex-column\"><div class=\"jf-posts-list-item-image\"><a href=\"https:\/\/staging-www.jonnyfresh.com\/at\/blog\/weisse-sneaker-waschen\/\"><img decoding=\"async\" width=\"921\" height=\"500\" src=\"https:\/\/media.jonnyfresh.com\/wp-content\/uploads\/2021\/03\/weisse-sneaker-waschen.jpg\" class=\"attachment-post-thumbnail size-post-thumbnail wp-post-image\" alt=\"\" srcset=\"https:\/\/media.jonnyfresh.com\/wp-content\/uploads\/2021\/03\/weisse-sneaker-waschen.jpg 921w, https:\/\/media.jonnyfresh.com\/wp-content\/uploads\/2021\/03\/weisse-sneaker-waschen-300x163.jpg 300w, https:\/\/media.jonnyfresh.com\/wp-content\/uploads\/2021\/03\/weisse-sneaker-waschen-768x417.jpg 768w, https:\/\/media.jonnyfresh.com\/wp-content\/uploads\/2021\/03\/weisse-sneaker-waschen-200x109.jpg 200w, https:\/\/media.jonnyfresh.com\/wp-content\/uploads\/2021\/03\/weisse-sneaker-waschen-400x217.jpg 400w, https:\/\/media.jonnyfresh.com\/wp-content\/uploads\/2021\/03\/weisse-sneaker-waschen-600x326.jpg 600w, https:\/\/media.jonnyfresh.com\/wp-content\/uploads\/2021\/03\/weisse-sneaker-waschen-800x434.jpg 800w\" sizes=\"(max-width: 768px) 70vw, 640px\" \/><\/a><\/div><div class=\"jf-posts-list-item-content\"><h2><a href=\"https:\/\/staging-www.jonnyfresh.com\/at\/blog\/weisse-sneaker-waschen\/\">Wei\u00dfe Sneaker waschen: So einfach geht\u00b4s!<\/a><\/h2><p class=\"jf-posts-list-item-date\">Gepostet von Sonja: 17.03.2021<\/p><p class=\"jf-posts-list-item-excerpt\">Schnee, Regen, Schlamm, Staub und Schwei\u00df - Schuhe werden fr\u00fcher oder sp\u00e4ter schmutzig. Nicht [...]<\/p><\/div><div class=\"jf-posts-list-item-more mt-auto text-center\"><a href=\"https:\/\/staging-www.jonnyfresh.com\/at\/blog\/weisse-sneaker-waschen\/\" class=\"btn btn-secondary\" target=\"_blank\">Zum Artikel<\/a><\/div><\/article><article class=\"jf-posts-list-item d-flex flex-column\"><div class=\"jf-posts-list-item-image\"><a href=\"https:\/\/staging-www.jonnyfresh.com\/at\/blog\/mikroplastik-waschmaschine\/\"><img decoding=\"async\" width=\"921\" height=\"500\" src=\"https:\/\/media.jonnyfresh.com\/wp-content\/uploads\/2020\/02\/Mikroplastik-waschmaschine.jpg\" class=\"attachment-post-thumbnail size-post-thumbnail wp-post-image\" alt=\"\" srcset=\"https:\/\/media.jonnyfresh.com\/wp-content\/uploads\/2020\/02\/Mikroplastik-waschmaschine.jpg 921w, https:\/\/media.jonnyfresh.com\/wp-content\/uploads\/2020\/02\/Mikroplastik-waschmaschine-300x163.jpg 300w, https:\/\/media.jonnyfresh.com\/wp-content\/uploads\/2020\/02\/Mikroplastik-waschmaschine-768x417.jpg 768w, https:\/\/media.jonnyfresh.com\/wp-content\/uploads\/2020\/02\/Mikroplastik-waschmaschine-200x109.jpg 200w, https:\/\/media.jonnyfresh.com\/wp-content\/uploads\/2020\/02\/Mikroplastik-waschmaschine-400x217.jpg 400w, https:\/\/media.jonnyfresh.com\/wp-content\/uploads\/2020\/02\/Mikroplastik-waschmaschine-600x326.jpg 600w, https:\/\/media.jonnyfresh.com\/wp-content\/uploads\/2020\/02\/Mikroplastik-waschmaschine-800x434.jpg 800w\" sizes=\"(max-width: 768px) 70vw, 640px\" \/><\/a><\/div><div class=\"jf-posts-list-item-content\"><h2><a href=\"https:\/\/staging-www.jonnyfresh.com\/at\/blog\/mikroplastik-waschmaschine\/\">Mikroplastik in der Waschmaschine reduzieren<\/a><\/h2><p class=\"jf-posts-list-item-date\">Gepostet von Sonja: 18.02.2020<\/p><p class=\"jf-posts-list-item-excerpt\">Bei jedem Waschgang in der heimischen Waschmaschine geraten Fasern aus den Textilien in das [...]<\/p><\/div><div class=\"jf-posts-list-item-more mt-auto text-center\"><a href=\"https:\/\/staging-www.jonnyfresh.com\/at\/blog\/mikroplastik-waschmaschine\/\" class=\"btn btn-secondary\" target=\"_blank\">Zum Artikel<\/a><\/div><\/article><article class=\"jf-posts-list-item d-flex flex-column\"><div class=\"jf-posts-list-item-image\"><a href=\"https:\/\/staging-www.jonnyfresh.com\/at\/blog\/stromkosten-senken\/\"><img decoding=\"async\" width=\"921\" height=\"500\" src=\"https:\/\/media.jonnyfresh.com\/wp-content\/uploads\/2020\/01\/Stromkosten-senken-beim-Wa\u0308sche-waschen.jpg\" class=\"attachment-post-thumbnail size-post-thumbnail wp-post-image\" alt=\"\" srcset=\"https:\/\/media.jonnyfresh.com\/wp-content\/uploads\/2020\/01\/Stromkosten-senken-beim-Wa\u0308sche-waschen.jpg 921w, https:\/\/media.jonnyfresh.com\/wp-content\/uploads\/2020\/01\/Stromkosten-senken-beim-Wa\u0308sche-waschen-300x163.jpg 300w, https:\/\/media.jonnyfresh.com\/wp-content\/uploads\/2020\/01\/Stromkosten-senken-beim-Wa\u0308sche-waschen-768x417.jpg 768w, https:\/\/media.jonnyfresh.com\/wp-content\/uploads\/2020\/01\/Stromkosten-senken-beim-Wa\u0308sche-waschen-200x109.jpg 200w, https:\/\/media.jonnyfresh.com\/wp-content\/uploads\/2020\/01\/Stromkosten-senken-beim-Wa\u0308sche-waschen-400x217.jpg 400w, https:\/\/media.jonnyfresh.com\/wp-content\/uploads\/2020\/01\/Stromkosten-senken-beim-Wa\u0308sche-waschen-600x326.jpg 600w, https:\/\/media.jonnyfresh.com\/wp-content\/uploads\/2020\/01\/Stromkosten-senken-beim-Wa\u0308sche-waschen-800x434.jpg 800w\" sizes=\"(max-width: 768px) 70vw, 640px\" \/><\/a><\/div><div class=\"jf-posts-list-item-content\"><h2><a href=\"https:\/\/staging-www.jonnyfresh.com\/at\/blog\/stromkosten-senken\/\">Stromkosten senken: So reduzierst du den Stromverbrauch beim W\u00e4sche waschen<\/a><\/h2><p class=\"jf-posts-list-item-date\">Gepostet von Sonja: 15.01.2020<\/p><p class=\"jf-posts-list-item-excerpt\">Nicht selten rei\u00dft der \u201cGeldfresser\u201d- Monat Januar Verbrauchern ein Loch in den Geldbeutel. Viele [...]<\/p><\/div><div class=\"jf-posts-list-item-more mt-auto text-center\"><a href=\"https:\/\/staging-www.jonnyfresh.com\/at\/blog\/stromkosten-senken\/\" class=\"btn btn-secondary\" target=\"_blank\">Zum Artikel<\/a><\/div><\/article><article class=\"jf-posts-list-item d-flex flex-column\"><div class=\"jf-posts-list-item-image\"><a href=\"https:\/\/staging-www.jonnyfresh.com\/at\/blog\/pilling-entfernen\/\"><img decoding=\"async\" width=\"512\" height=\"278\" src=\"https:\/\/media.jonnyfresh.com\/wp-content\/uploads\/2019\/12\/Pilling-entfernen.jpg\" class=\"attachment-post-thumbnail size-post-thumbnail wp-post-image\" alt=\"\" srcset=\"https:\/\/media.jonnyfresh.com\/wp-content\/uploads\/2019\/12\/Pilling-entfernen.jpg 512w, https:\/\/media.jonnyfresh.com\/wp-content\/uploads\/2019\/12\/Pilling-entfernen-300x163.jpg 300w, https:\/\/media.jonnyfresh.com\/wp-content\/uploads\/2019\/12\/Pilling-entfernen-200x109.jpg 200w, https:\/\/media.jonnyfresh.com\/wp-content\/uploads\/2019\/12\/Pilling-entfernen-400x217.jpg 400w\" sizes=\"(max-width: 768px) 70vw, 640px\" \/><\/a><\/div><div class=\"jf-posts-list-item-content\"><h2><a href=\"https:\/\/staging-www.jonnyfresh.com\/at\/blog\/pilling-entfernen\/\">Pilling entfernen: Die besten Tipps!<\/a><\/h2><p class=\"jf-posts-list-item-date\">Gepostet von Sonja: 04.12.2019<\/p><p class=\"jf-posts-list-item-excerpt\">Besonders Textilien, in denen Wolle verarbeitet ist, sind von Pilling betroffen. Wegen der saisonalen [...]<\/p><\/div><div class=\"jf-posts-list-item-more mt-auto text-center\"><a href=\"https:\/\/staging-www.jonnyfresh.com\/at\/blog\/pilling-entfernen\/\" class=\"btn btn-secondary\" target=\"_blank\">Zum Artikel<\/a><\/div><\/article><article class=\"jf-posts-list-item d-flex flex-column\"><div class=\"jf-posts-list-item-image\"><a href=\"https:\/\/staging-www.jonnyfresh.com\/at\/blog\/daunenjacke-waschen\/\"><img decoding=\"async\" width=\"921\" height=\"500\" src=\"https:\/\/media.jonnyfresh.com\/wp-content\/uploads\/2019\/11\/Daunenjacke-waschen.jpg\" class=\"attachment-post-thumbnail size-post-thumbnail wp-post-image\" alt=\"\" srcset=\"https:\/\/media.jonnyfresh.com\/wp-content\/uploads\/2019\/11\/Daunenjacke-waschen.jpg 921w, https:\/\/media.jonnyfresh.com\/wp-content\/uploads\/2019\/11\/Daunenjacke-waschen-300x163.jpg 300w, https:\/\/media.jonnyfresh.com\/wp-content\/uploads\/2019\/11\/Daunenjacke-waschen-768x417.jpg 768w, https:\/\/media.jonnyfresh.com\/wp-content\/uploads\/2019\/11\/Daunenjacke-waschen-200x109.jpg 200w, https:\/\/media.jonnyfresh.com\/wp-content\/uploads\/2019\/11\/Daunenjacke-waschen-400x217.jpg 400w, https:\/\/media.jonnyfresh.com\/wp-content\/uploads\/2019\/11\/Daunenjacke-waschen-600x326.jpg 600w, https:\/\/media.jonnyfresh.com\/wp-content\/uploads\/2019\/11\/Daunenjacke-waschen-800x434.jpg 800w\" sizes=\"(max-width: 768px) 70vw, 640px\" \/><\/a><\/div><div class=\"jf-posts-list-item-content\"><h2><a href=\"https:\/\/staging-www.jonnyfresh.com\/at\/blog\/daunenjacke-waschen\/\">Daunenjacke waschen: Das solltest du beachten<\/a><\/h2><p class=\"jf-posts-list-item-date\">Gepostet von Sonja: 19.11.2019<\/p><p class=\"jf-posts-list-item-excerpt\">Bei geringen Temperaturen greifen nicht nur Wintersportbegeisterte gerne zu mit Daunen gef\u00fcllten Jacken und [...]<\/p><\/div><div class=\"jf-posts-list-item-more mt-auto text-center\"><a href=\"https:\/\/staging-www.jonnyfresh.com\/at\/blog\/daunenjacke-waschen\/\" class=\"btn btn-secondary\" target=\"_blank\">Zum Artikel<\/a><\/div><\/article><\/div><div class='jf-posts-navigation'><span aria-current=\"page\" class=\"page-numbers current\">1<\/span>\n<a class=\"page-numbers\" href=\"https:\/\/staging-www.jonnyfresh.com\/at\/wp-json\/wp\/v2\/pages\/26536\/page\/2\/#posts\">2<\/a>\n<a class=\"page-numbers\" href=\"https:\/\/staging-www.jonnyfresh.com\/at\/wp-json\/wp\/v2\/pages\/26536\/page\/3\/#posts\">3<\/a>\n<span class=\"page-numbers dots\">&hellip;<\/span>\n<a class=\"page-numbers\" href=\"https:\/\/staging-www.jonnyfresh.com\/at\/wp-json\/wp\/v2\/pages\/26536\/page\/12\/#posts\">12<\/a>\n<a class=\"next page-numbers\" href=\"https:\/\/staging-www.jonnyfresh.com\/at\/wp-json\/wp\/v2\/pages\/26536\/page\/2\/#posts\">><\/a><\/div>\n<\/div><\/div><\/div><\/div><\/div><\/div>\n","protected":false},"excerpt":{"rendered":"","protected":false},"author":17,"featured_media":0,"parent":0,"menu_order":374,"comment_status":"closed","ping_status":"closed","template":"","meta":{"inline_featured_image":false,"footnotes":""},"categories":[],"tags":[],"class_list":["post-26536","page","type-page","status-publish","hentry"],"yoast_head":"<!-- This site is optimized with the Yoast SEO plugin v25.3 - https:\/\/yoast.com\/wordpress\/plugins\/seo\/ -->\n<title>Infos zum Thema W\u00e4sche &amp; Reinigung | Jonny Fresh Blog<\/title>\n<meta name=\"description\" content=\"Jonny Fresh Blog mit n\u00fctzlichen Informationen rund um das Thema W\u00e4sche und Textilreinigung. Lerne hier praktische Tipps und Tricks kennen!\" \/>\n<meta name=\"robots\" content=\"index, follow, max-snippet:-1, max-image-preview:large, max-video-preview:-1\" \/>\n<link rel=\"canonical\" href=\"https:\/\/staging-www.jonnyfresh.com\/at\/blog\/\" \/>\n<meta property=\"og:locale\" content=\"de_DE\" \/>\n<meta property=\"og:type\" content=\"article\" \/>\n<meta property=\"og:title\" content=\"Infos zum Thema W\u00e4sche &amp; Reinigung | Jonny Fresh Blog\" \/>\n<meta property=\"og:description\" content=\"Jonny Fresh Blog mit n\u00fctzlichen Informationen rund um das Thema W\u00e4sche und Textilreinigung. Lerne hier praktische Tipps und Tricks kennen!\" \/>\n<meta property=\"og:url\" content=\"https:\/\/staging-www.jonnyfresh.com\/at\/blog\/\" \/>\n<meta property=\"og:site_name\" content=\"jonnyfresh\" \/>\n<meta property=\"article:modified_time\" content=\"2023-02-08T22:18:17+00:00\" \/>\n<meta property=\"og:image\" content=\"https:\/\/staging-www.jonnyfresh.com\/wp-content\/uploads\/2022\/02\/jonny_fresh_blog.jpg\" \/>\n<meta name=\"twitter:card\" content=\"summary_large_image\" \/>\n<meta name=\"twitter:label1\" content=\"Est. reading time\" \/>\n\t<meta name=\"twitter:data1\" content=\"2 minutes\" \/>\n<script type=\"application\/ld+json\" class=\"yoast-schema-graph\">{\"@context\":\"https:\/\/schema.org\",\"@graph\":[{\"@type\":\"WebPage\",\"@id\":\"https:\/\/staging-www.jonnyfresh.com\/at\/blog\/\",\"url\":\"https:\/\/staging-www.jonnyfresh.com\/at\/blog\/\",\"name\":\"Infos zum Thema W\u00e4sche & Reinigung | Jonny Fresh Blog\",\"isPartOf\":{\"@id\":\"https:\/\/staging-www.jonnyfresh.com\/at\/#website\"},\"primaryImageOfPage\":{\"@id\":\"https:\/\/staging-www.jonnyfresh.com\/at\/blog\/#primaryimage\"},\"image\":{\"@id\":\"https:\/\/staging-www.jonnyfresh.com\/at\/blog\/#primaryimage\"},\"thumbnailUrl\":\"https:\/\/staging-www.jonnyfresh.com\/wp-content\/uploads\/2022\/02\/jonny_fresh_blog.jpg\",\"datePublished\":\"2016-06-21T12:05:08+00:00\",\"dateModified\":\"2023-02-08T22:18:17+00:00\",\"description\":\"Jonny Fresh Blog mit n\u00fctzlichen Informationen rund um das Thema W\u00e4sche und Textilreinigung. Lerne hier praktische Tipps und Tricks kennen!\",\"inLanguage\":\"de-AT\",\"potentialAction\":[{\"@type\":\"ReadAction\",\"target\":[\"https:\/\/staging-www.jonnyfresh.com\/at\/blog\/\"]}]},{\"@type\":\"ImageObject\",\"inLanguage\":\"de-AT\",\"@id\":\"https:\/\/staging-www.jonnyfresh.com\/at\/blog\/#primaryimage\",\"url\":\"https:\/\/staging-www.jonnyfresh.com\/wp-content\/uploads\/2022\/02\/jonny_fresh_blog.jpg\",\"contentUrl\":\"https:\/\/staging-www.jonnyfresh.com\/wp-content\/uploads\/2022\/02\/jonny_fresh_blog.jpg\"},{\"@type\":\"WebSite\",\"@id\":\"https:\/\/staging-www.jonnyfresh.com\/at\/#website\",\"url\":\"https:\/\/staging-www.jonnyfresh.com\/at\/\",\"name\":\"jonnyfresh\",\"description\":\"Eine weitere WordPress Website\",\"potentialAction\":[{\"@type\":\"SearchAction\",\"target\":{\"@type\":\"EntryPoint\",\"urlTemplate\":\"https:\/\/staging-www.jonnyfresh.com\/at\/?s={search_term_string}\"},\"query-input\":{\"@type\":\"PropertyValueSpecification\",\"valueRequired\":true,\"valueName\":\"search_term_string\"}}],\"inLanguage\":\"de-AT\"}]}<\/script>\n<!-- \/ Yoast SEO plugin. -->","yoast_head_json":{"title":"Infos zum Thema W\u00e4sche & Reinigung | Jonny Fresh Blog","description":"Jonny Fresh Blog mit n\u00fctzlichen Informationen rund um das Thema W\u00e4sche und Textilreinigung. Lerne hier praktische Tipps und Tricks kennen!","robots":{"index":"index","follow":"follow","max-snippet":"max-snippet:-1","max-image-preview":"max-image-preview:large","max-video-preview":"max-video-preview:-1"},"canonical":"https:\/\/staging-www.jonnyfresh.com\/at\/blog\/","og_locale":"de_DE","og_type":"article","og_title":"Infos zum Thema W\u00e4sche & Reinigung | Jonny Fresh Blog","og_description":"Jonny Fresh Blog mit n\u00fctzlichen Informationen rund um das Thema W\u00e4sche und Textilreinigung. Lerne hier praktische Tipps und Tricks kennen!","og_url":"https:\/\/staging-www.jonnyfresh.com\/at\/blog\/","og_site_name":"jonnyfresh","article_modified_time":"2023-02-08T22:18:17+00:00","og_image":[{"url":"https:\/\/staging-www.jonnyfresh.com\/wp-content\/uploads\/2022\/02\/jonny_fresh_blog.jpg","type":"","width":"","height":""}],"twitter_card":"summary_large_image","twitter_misc":{"Est. reading time":"2 minutes"},"schema":{"@context":"https:\/\/schema.org","@graph":[{"@type":"WebPage","@id":"https:\/\/staging-www.jonnyfresh.com\/at\/blog\/","url":"https:\/\/staging-www.jonnyfresh.com\/at\/blog\/","name":"Infos zum Thema W\u00e4sche & Reinigung | Jonny Fresh Blog","isPartOf":{"@id":"https:\/\/staging-www.jonnyfresh.com\/at\/#website"},"primaryImageOfPage":{"@id":"https:\/\/staging-www.jonnyfresh.com\/at\/blog\/#primaryimage"},"image":{"@id":"https:\/\/staging-www.jonnyfresh.com\/at\/blog\/#primaryimage"},"thumbnailUrl":"https:\/\/staging-www.jonnyfresh.com\/wp-content\/uploads\/2022\/02\/jonny_fresh_blog.jpg","datePublished":"2016-06-21T12:05:08+00:00","dateModified":"2023-02-08T22:18:17+00:00","description":"Jonny Fresh Blog mit n\u00fctzlichen Informationen rund um das Thema W\u00e4sche und Textilreinigung. Lerne hier praktische Tipps und Tricks kennen!","inLanguage":"de-AT","potentialAction":[{"@type":"ReadAction","target":["https:\/\/staging-www.jonnyfresh.com\/at\/blog\/"]}]},{"@type":"ImageObject","inLanguage":"de-AT","@id":"https:\/\/staging-www.jonnyfresh.com\/at\/blog\/#primaryimage","url":"https:\/\/staging-www.jonnyfresh.com\/wp-content\/uploads\/2022\/02\/jonny_fresh_blog.jpg","contentUrl":"https:\/\/staging-www.jonnyfresh.com\/wp-content\/uploads\/2022\/02\/jonny_fresh_blog.jpg"},{"@type":"WebSite","@id":"https:\/\/staging-www.jonnyfresh.com\/at\/#website","url":"https:\/\/staging-www.jonnyfresh.com\/at\/","name":"jonnyfresh","description":"Eine weitere WordPress Website","potentialAction":[{"@type":"SearchAction","target":{"@type":"EntryPoint","urlTemplate":"https:\/\/staging-www.jonnyfresh.com\/at\/?s={search_term_string}"},"query-input":{"@type":"PropertyValueSpecification","valueRequired":true,"valueName":"search_term_string"}}],"inLanguage":"de-AT"}]}},"_links":{"self":[{"href":"https:\/\/staging-www.jonnyfresh.com\/at\/wp-json\/wp\/v2\/pages\/26536","targetHints":{"allow":["GET"]}}],"collection":[{"href":"https:\/\/staging-www.jonnyfresh.com\/at\/wp-json\/wp\/v2\/pages"}],"about":[{"href":"https:\/\/staging-www.jonnyfresh.com\/at\/wp-json\/wp\/v2\/types\/page"}],"author":[{"embeddable":true,"href":"https:\/\/staging-www.jonnyfresh.com\/at\/wp-json\/wp\/v2\/users\/17"}],"replies":[{"embeddable":true,"href":"https:\/\/staging-www.jonnyfresh.com\/at\/wp-json\/wp\/v2\/comments?post=26536"}],"version-history":[{"count":1,"href":"https:\/\/staging-www.jonnyfresh.com\/at\/wp-json\/wp\/v2\/pages\/26536\/revisions"}],"predecessor-version":[{"id":26871,"href":"https:\/\/staging-www.jonnyfresh.com\/at\/wp-json\/wp\/v2\/pages\/26536\/revisions\/26871"}],"wp:attachment":[{"href":"https:\/\/staging-www.jonnyfresh.com\/at\/wp-json\/wp\/v2\/media?parent=26536"}],"wp:term":[{"taxonomy":"category","embeddable":true,"href":"https:\/\/staging-www.jonnyfresh.com\/at\/wp-json\/wp\/v2\/categories?post=26536"},{"taxonomy":"post_tag","embeddable":true,"href":"https:\/\/staging-www.jonnyfresh.com\/at\/wp-json\/wp\/v2\/tags?post=26536"}],"curies":[{"name":"wp","href":"https:\/\/api.w.org\/{rel}","templated":true}]}}