{"id":26534,"date":"2016-06-21T16:38:17","date_gmt":"2016-06-21T14:38:17","guid":{"rendered":"https:\/\/staging-www.jonnyfresh.com\/jobs\/"},"modified":"2023-07-26T13:57:59","modified_gmt":"2023-07-26T11:57:59","slug":"jobs","status":"publish","type":"page","link":"https:\/\/staging-www.jonnyfresh.com\/at\/jobs\/","title":{"rendered":"Jobs \u2013 Jonny Fresh sucht dich!"},"content":{"rendered":"<div class=\"fsn-row full-width-row fsn-69e49bf705e37 jf-promo light\" style=\"background-repeat:repeat;background-position:left top;background-attachment:scroll;background-size:auto;\"><div class=\"container\"><div class=\"row\"><div class=\"col-12 col-md-7 order-2 order-md-1 text-center text-md-start jf-promo-content\"><div class=\"fsn-column-inner fsn-69e49bf705ecd light\"><div class=\"fsn-text fsn-69e49bf705f1e jf-promo-text\">\n<h1 class=\"jf-promo-header-big\">Jonny Fresh sucht dich: Werde Teil des Teams<\/h1>\n<h2>Gemeinsam f\u00fchren wir das W\u00e4schewaschen ins digitale Zeitalter<\/h2>\n<p class=\"jf-promo-content-button\"><a href=\"#stellangebote\" class=\"btn btn-secondary btn-lg\">Jobangebote<\/a><\/p>\n<\/div><div id=\"component-18565\" class=\"component fsn-69e49bf706364\"><div  class=\"fsn-row full-width-container fsn-69e49bf70657b light\" style=\"background-repeat:repeat;background-position:left top;background-attachment:scroll;background-size:auto;\"><div class=\"row\"><div class=\"col-sm-12\"><div class=\"fsn-column-inner fsn-69e49bf7065ca light\"><div class=\"fsn-text fsn-69e49bf7065fe\">\n<p>Noch Fragen?<\/p>\n<nav class=\"jf-phone-numbers\"><a href=\"tel:030536034570\"><img decoding=\"async\" src=\"https:\/\/static.jonnyfresh.com\/wp-content\/uploads\/flags\/de-DE.png\" alt=\"German flag\" width=\"17\" height=\"17\" \/> 030 536 034 570 <span class=\"material-icons\">phone<\/span><\/a><\/nav>\n<\/div><\/div><\/div><\/div><\/div>\n<\/div><\/div><\/div><div class=\"col-12 col-md-5 order-1 order-md-2 jf-promo-img-container\"><div class=\"fsn-column-inner fsn-69e49bf706638 light\"><div class=\"fsn-text fsn-69e49bf706665\">\n<div class=\"jf-promo-img-mask\"><img decoding=\"async\" src=\"https:\/\/staging-staging-www.jonnyfresh.com\/wp-content\/uploads\/2022\/02\/jonny_fresh_jobs.jpg\" alt=\"Mann und Frau in Business Kleidung im B\u00fcro\" class=\"alignnone size-full wp-image-18571 jf-promo-img\" width=\"100%\" height=\"100%\" \/><\/div>\n<div class=\"jf-promo-img-mask-shadow\"><\/div>\n<\/div><\/div><\/div><\/div><\/div><\/div><div class=\"fsn-row full-width-row fsn-69e49bf7066a6 jf-content-box jf-our-benefits light\" style=\"background-repeat:repeat;background-position:left top;background-attachment:scroll;background-size:auto;\"><div class=\"container\"><div class=\"row\"><div class=\"col-12 col-lg-6 jf-content-box-content\"><div class=\"fsn-column-inner fsn-69e49bf7067d3 light\"><div class=\"fsn-text fsn-69e49bf70680e\">\n<h4>IT, Marketing, Finanzen, Support uvm.<\/h4>\n<h3>Karriere bei Jonny Fresh!<\/h3>\n<p>Jonny Fresh sucht dich! Weil wir mit unserer mobilen W\u00e4scherei &amp; Textilreinigung den Schnellreinigungsmarkt umkrempeln. Und das W\u00e4schewaschen ins digitale Zeitalter f\u00fchren \u2013 am liebsten mit dir zusammen.<\/p>\n<p>Wie funktioniert Jonny Fresh? Wir bieten erstklassige Reinigung nahezu aller Arten von Textilien f\u00fcr Privat- und Gesch\u00e4ftskunden. Die Bestellung erfolgt bequem per App oder Website. Jonny Fresh holt, w\u00e4scht, b\u00fcgelt und liefert schnell\u00a0 zum Wunschort. Dahinter stecken ein intelligentes IT-System, ein erstklassiges Kundenmanagement, eine perfekte Logistik, sowie professionelle W\u00e4schereien und Fahrer in allen deutschen Metropolregionen. F\u00fcr <a href=\"\/waescherei\/\">Gesch\u00e4ftskunden<\/a> sind wir sogar deutschlandweit verf\u00fcgbar!<\/p>\n<p>Du hast Lust auf ein junges, innovatives und schnell wachsendes Unternehmen in Berlin? Du suchst kurze Entscheidungswege, ein modernes internationales Arbeitsumfeld und vielseitige Herausforderungen in einem zukunftstr\u00e4chtigen Markt?<\/p>\n<p>Mach\u2018 jetzt deinen n\u00e4chsten beruflichen Schritt und werde Teil des Teams. Bewirb dich am besten noch heute.<\/p>\n<\/div><\/div><\/div><div class=\"col-12 col-lg-6\"><div class=\"fsn-column-inner fsn-69e49bf706842 light\"><div  class=\"fsn-row full-width-container fsn-69e49bf7068fa light seamless\" style=\"background-repeat:repeat;background-position:left top;background-attachment:scroll;background-size:auto;\"><div class=\"row row-cols-3 row-cols-lg-2 jf-content-box-promo\"><div class=\"col-6 col-sm-4 text-center text-md-start jf-benefit\"><div class=\"fsn-column-inner fsn-69e49bf7069b0 light\"><div class=\"fsn-code fsn-69e49bf7069e4\"><div class=\"row flex-column flex-md-row g-0 align-items-center\">\r\n\t<div class=\"col-12 col-md-auto\">\r\n\t\t<div class=\"jf-icon-box mb-md-0\">\r\n        \t<div class=\"jf-icon-box-container\">\r\n            \t<img decoding=\"async\" src=\"https:\/\/www.jonnyfresh.com\/wp-content\/uploads\/2022\/02\/textilreinigung_in_48_stunden.svg\" alt=\"f\u00fcr Privat- & Gesch\u00e4ftskunden\" width=\"75\" height=\"75\" \/>\r\n\t\t\t<\/div>\r\n\t\t<\/div>\r\n\t<\/div>\r\n\t<div class=\"col-12 col-md-7 jf-benefit-title\">\r\n\t\t<span>flexible Arbeitszeiten<\/span>\r\n\t<\/div>\r\n<\/div><\/div><\/div><\/div><div class=\"col-6 col-sm-4 text-center text-md-start jf-benefit\"><div class=\"fsn-column-inner fsn-69e49bf706a14 light\"><div class=\"fsn-code fsn-69e49bf706a51\"><div class=\"row flex-column flex-md-row g-0 align-items-center\">\r\n\t<div class=\"col-12 col-md-auto\">\r\n\t\t<div class=\"jf-icon-box mb-md-0\">\r\n        \t<div class=\"jf-icon-box-container\">\r\n            \t<img decoding=\"async\" src=\"https:\/\/media.jonnyfresh.com\/wp-content\/uploads\/2022\/07\/gruppe-menschen.png\" width=\"75\" height=\"75\" \/>\r\n\t\t\t<\/div>\r\n\t\t<\/div>\r\n\t<\/div>\r\n\t<div class=\"col-12 col-md-7 jf-benefit-title\">\r\n\t\t<span>famili\u00e4res Arbeitsklima<\/span>\r\n\t<\/div>\r\n<\/div><\/div><\/div><\/div><div class=\"col-6 col-sm-4 text-center text-md-start jf-benefit\"><div class=\"fsn-column-inner fsn-69e49bf706a7a light\"><div class=\"fsn-code fsn-69e49bf706aa3\"><div class=\"row flex-column flex-md-row g-0 align-items-center\">\r\n\t<div class=\"col-12 col-md-auto\">\r\n\t\t<div class=\"jf-icon-box mb-md-0\">\r\n        \t<div class=\"jf-icon-box-container\">\r\n            \t<img decoding=\"async\" src=\"https:\/\/media.jonnyfresh.com\/wp-content\/uploads\/2022\/08\/remote_work.png\" alt=\"deutschlandweit verf\u00fcgbar\" width=\"75\" height=\"75\" \/>\r\n\t\t\t<\/div>\r\n\t\t<\/div>\r\n\t<\/div>\r\n\t<div class=\"col-12 col-md-7 jf-benefit-title\">\r\n\t\t<span>Remote Work<\/span>\r\n\t<\/div>\r\n<\/div><\/div><\/div><\/div><div class=\"col-6 col-sm-4 text-center text-md-start jf-benefit\"><div class=\"fsn-column-inner fsn-69e49bf706acd light\"><div class=\"fsn-code fsn-69e49bf706af4\"><div class=\"row flex-column flex-md-row g-0 align-items-center\">\r\n\t<div class=\"col-12 col-md-auto\">\r\n\t\t<div class=\"jf-icon-box mb-md-0\">\r\n        \t<div class=\"jf-icon-box-container\">\r\n            \t<img decoding=\"async\" src=\"https:\/\/media.jonnyfresh.com\/wp-content\/uploads\/2022\/02\/gastronomie.svg\" alt=\"hohe Qualit\u00e4tsstandards\" width=\"75\" height=\"75\" \/>\r\n\t\t\t<\/div>\r\n\t\t<\/div>\r\n\t<\/div>\r\n\t<div class=\"col-12 col-md-7 jf-benefit-title\">\r\n\t\t<span>subventioniertes Mittagsangebot<\/span>\r\n\t<\/div>\r\n<\/div><\/div><\/div><\/div><div class=\"col-6 col-sm-4 text-center text-md-start jf-benefit\"><div class=\"fsn-column-inner fsn-69e49bf706b19 light\"><div class=\"fsn-code fsn-69e49bf706b40\"><div class=\"row flex-column flex-md-row g-0 align-items-center\">\r\n\t<div class=\"col-12 col-md-auto\">\r\n\t\t<div class=\"jf-icon-box mb-md-0\">\r\n        \t<div class=\"jf-icon-box-container\">\r\n            \t<img decoding=\"async\" src=\"https:\/\/media.jonnyfresh.com\/wp-content\/uploads\/2022\/02\/einfach_und_bequem.svg\" alt=\"100% plastikfreie Verpackung\" width=\"75\" height=\"75\" \/>\r\n\t\t\t<\/div>\r\n\t\t<\/div>\r\n\t<\/div>\r\n\t<div class=\"col-12 col-md-7 jf-benefit-title\">\r\n\t\t<span>pers\u00f6nliche Weiterentwicklung<\/span>\r\n\t<\/div>\r\n<\/div><\/div><\/div><\/div><div class=\"col-6 col-sm-4 text-center text-md-start jf-benefit\"><div class=\"fsn-column-inner fsn-69e49bf706b65 light\"><div class=\"fsn-code fsn-69e49bf706b8b\"><div class=\"row flex-column flex-md-row g-0 align-items-center\">\r\n\t<div class=\"col-12 col-md-auto\">\r\n\t\t<div class=\"jf-icon-box mb-md-0\">\r\n        \t<div class=\"jf-icon-box-container\">\r\n            \t<img decoding=\"async\" src=\"https:\/\/media.jonnyfresh.com\/wp-content\/uploads\/2022\/02\/events_und_veranstaltungen.svg\" alt=\"Textilreinigung in nur 48 Stunden\" width=\"75\" height=\"75\" \/>\r\n\t\t\t<\/div>\r\n\t\t<\/div>\r\n\t<\/div>\r\n\t<div class=\"col-12 col-md-7 jf-benefit-title\">\r\n\t\t<span>regelm\u00e4\u00dfige Team-Events<\/span>\r\n\t<\/div>\r\n<\/div><\/div><\/div><\/div><\/div><\/div><\/div><\/div><\/div><\/div><\/div><div id=\"stellangebote\" class=\"fsn-row full-width-row fsn-69e49bf706bd7 jf-promo-box light\" style=\"background-repeat:repeat;background-position:left top;background-attachment:scroll;background-size:auto;\"><div class=\"container\"><div class=\"row\"><div class=\"col-sm-12\"><div class=\"fsn-column-inner fsn-69e49bf706c34 jf-promo-box-content light\"><div class=\"fsn-text fsn-69e49bf706c7a\">\n<h3 style=\"text-align: center;\">Unsere Stellenangebote:<\/h3>\n<div class=\"accordion jf-accordion\">\n<div class=\"accordion-item\">\n<h4 class=\"accordion-header\" id=\"panelsStayOpen-headingTwo\"><a href=\"#\" class=\"accordion-button d-flex align-items-start\" data-bs-toggle=\"collapse\" data-bs-target=\"#panelsStayOpen-collapseTwo\"><span class=\"material-icons\">expand_circle_down<\/span> Kundenservice<\/a><\/h4>\n<div id=\"panelsStayOpen-collapseTwo\" class=\"accordion-collapse collapse show\" aria-labelledby=\"panelsStayOpen-headingTwo\">\n<div class=\"accordion-body\">\n<p class=\"mb-3\"><a href=\"https:\/\/staging-www.jonnyfresh.com\/jobs\/sachbearbeiter-kundenmanagement\/\">Sachbearbeiter Kundenmanagement<\/a><\/p>\n<p class=\"mb-3\"><a href=\"https:\/\/staging-www.jonnyfresh.com\/jobs\/junior-teamleitung-kundenservice\/\">Junior Teamleitung Kundenservice<\/a><\/p>\n<\/div>\n<\/div>\n<div class=\"accordion-item\">\n<h4 class=\"accordion-header\" id=\"panelsStayOpen-headingThree\"><a href=\"#\" class=\"accordion-button collapsed d-flex align-items-start\" data-bs-toggle=\"collapse\" data-bs-target=\"#panelsStayOpen-collapseThree\"><span class=\"material-icons\">expand_circle_down<\/span> Operatives Gesch\u00e4ft\/ Lieferfahrer<\/a><\/h4>\n<div id=\"panelsStayOpen-collapseThree\" class=\"accordion-collapse collapse\" aria-labelledby=\"panelsStayOpen-headingThree\">\n<div class=\"accordion-body\">\n<p class=\"mb-3\"><a href=\"https:\/\/staging-www.jonnyfresh.com\/jobs\/lieferfahrer-berlin\/\">Lieferfahrer Berlin \u2013 Vollzeit<\/a><\/p>\n<p class=\"mb-3\"><a href=\"https:\/\/staging-www.jonnyfresh.com\/jobs\/lieferfahrer-muenchen\/\">Lieferfahrer M\u00fcnchen \u2013 Vollzeit<\/a><\/p>\n<p class=\"mb-3\"><a href=\"https:\/\/media.jonnyfresh.com\/wp-content\/uploads\/2019\/10\/kommissionierer-berlin.pdf\">Kommissionierer*innen Berlin \u2013 Vollzeit\/ Teilzeit<\/a><\/p>\n<p class=\"mb-3\"><a href=\"https:\/\/media.jonnyfresh.com\/wp-content\/uploads\/2019\/08\/mitarbeiter-wareneingang-warenausgang.pdf\">Mitarbeiter*innen Wareneingang Berlin \u2013 Vollzeit<\/a><\/p>\n<p class=\"mb-3\"><a href=\"https:\/\/media.jonnyfresh.com\/wp-content\/uploads\/2019\/08\/buegelkraft-berlin.pdf\">B\u00fcgelkraft Berlin \u2013 Vollzeit<\/a><\/p>\n<\/div>\n<\/div>\n<\/div>\n<\/div>\n<\/div>\n<\/div><\/div><\/div><\/div><\/div><\/div><div class=\"fsn-row full-width-row fsn-69e49bf706ca9 jf-promo-box jf-promo-box-light light\" style=\"background-repeat:repeat;background-position:left top;background-attachment:scroll;background-size:auto;\"><div class=\"container\"><div class=\"row\"><div class=\"col-sm-12\"><div class=\"fsn-column-inner fsn-69e49bf706ce5 jf-promo-box-content light\"><div class=\"fsn-text fsn-69e49bf706d11\">\n<h3 style=\"text-align: center;\">Wir sind Jonny Fresh!<\/h3>\n<p style=\"text-align: center;\">Wirf\u2019 einen Blick hinter die Kulissen. Unser Team in Berlin stellt sich vor und freut sich schon auf dich!<\/p>\n<p style=\"text-align: center;\"><a href=\"\/ueber-uns\/\" class=\"btn btn-secondary btn-lg\">\u00dcber uns<\/a><\/p>\n<\/div><\/div><\/div><\/div><\/div><\/div>\n","protected":false},"excerpt":{"rendered":"","protected":false},"author":17,"featured_media":0,"parent":0,"menu_order":370,"comment_status":"closed","ping_status":"closed","template":"","meta":{"inline_featured_image":false,"footnotes":""},"categories":[],"tags":[],"class_list":["post-26534","page","type-page","status-publish","hentry"],"yoast_head":"<!-- This site is optimized with the Yoast SEO plugin v25.3 - https:\/\/yoast.com\/wordpress\/plugins\/seo\/ -->\n<title>Karriere \u00bb Bewirb dich jetzt bei uns!<\/title>\n<meta name=\"description\" content=\"Karriere \u00bb Remote Work \u2713 flexible Arbeitszeiten \u2713 regelm\u00e4\u00dfige Teamevents \u2713 \u00bb Werde jetzt Teil unseres Teams!\" \/>\n<meta name=\"robots\" content=\"index, follow, max-snippet:-1, max-image-preview:large, max-video-preview:-1\" \/>\n<link rel=\"canonical\" href=\"https:\/\/staging-www.jonnyfresh.com\/at\/jobs\/\" \/>\n<meta property=\"og:locale\" content=\"de_DE\" \/>\n<meta property=\"og:type\" content=\"article\" \/>\n<meta property=\"og:title\" content=\"Karriere \u00bb Bewirb dich jetzt bei uns!\" \/>\n<meta property=\"og:description\" content=\"Karriere \u00bb Remote Work \u2713 flexible Arbeitszeiten \u2713 regelm\u00e4\u00dfige Teamevents \u2713 \u00bb Werde jetzt Teil unseres Teams!\" \/>\n<meta property=\"og:url\" content=\"https:\/\/staging-www.jonnyfresh.com\/at\/jobs\/\" \/>\n<meta property=\"og:site_name\" content=\"jonnyfresh\" \/>\n<meta property=\"article:modified_time\" content=\"2023-07-26T11:57:59+00:00\" \/>\n<meta property=\"og:image\" content=\"https:\/\/staging-staging-www.jonnyfresh.com\/wp-content\/uploads\/2022\/02\/jonny_fresh_jobs.jpg\" \/>\n<meta name=\"twitter:card\" content=\"summary_large_image\" \/>\n<meta name=\"twitter:label1\" content=\"Est. reading time\" \/>\n\t<meta name=\"twitter:data1\" content=\"2 minutes\" \/>\n<script type=\"application\/ld+json\" class=\"yoast-schema-graph\">{\"@context\":\"https:\/\/schema.org\",\"@graph\":[{\"@type\":\"WebPage\",\"@id\":\"https:\/\/staging-www.jonnyfresh.com\/at\/jobs\/\",\"url\":\"https:\/\/staging-www.jonnyfresh.com\/at\/jobs\/\",\"name\":\"Karriere \u00bb Bewirb dich jetzt bei uns!\",\"isPartOf\":{\"@id\":\"https:\/\/staging-www.jonnyfresh.com\/at\/#website\"},\"primaryImageOfPage\":{\"@id\":\"https:\/\/staging-www.jonnyfresh.com\/at\/jobs\/#primaryimage\"},\"image\":{\"@id\":\"https:\/\/staging-www.jonnyfresh.com\/at\/jobs\/#primaryimage\"},\"thumbnailUrl\":\"https:\/\/staging-staging-www.jonnyfresh.com\/wp-content\/uploads\/2022\/02\/jonny_fresh_jobs.jpg\",\"datePublished\":\"2016-06-21T14:38:17+00:00\",\"dateModified\":\"2023-07-26T11:57:59+00:00\",\"description\":\"Karriere \u00bb Remote Work \u2713 flexible Arbeitszeiten \u2713 regelm\u00e4\u00dfige Teamevents \u2713 \u00bb Werde jetzt Teil unseres Teams!\",\"inLanguage\":\"de-AT\",\"potentialAction\":[{\"@type\":\"ReadAction\",\"target\":[\"https:\/\/staging-www.jonnyfresh.com\/at\/jobs\/\"]}]},{\"@type\":\"ImageObject\",\"inLanguage\":\"de-AT\",\"@id\":\"https:\/\/staging-www.jonnyfresh.com\/at\/jobs\/#primaryimage\",\"url\":\"https:\/\/staging-staging-www.jonnyfresh.com\/wp-content\/uploads\/2022\/02\/jonny_fresh_jobs.jpg\",\"contentUrl\":\"https:\/\/staging-staging-www.jonnyfresh.com\/wp-content\/uploads\/2022\/02\/jonny_fresh_jobs.jpg\"},{\"@type\":\"WebSite\",\"@id\":\"https:\/\/staging-www.jonnyfresh.com\/at\/#website\",\"url\":\"https:\/\/staging-www.jonnyfresh.com\/at\/\",\"name\":\"jonnyfresh\",\"description\":\"Eine weitere WordPress Website\",\"potentialAction\":[{\"@type\":\"SearchAction\",\"target\":{\"@type\":\"EntryPoint\",\"urlTemplate\":\"https:\/\/staging-www.jonnyfresh.com\/at\/?s={search_term_string}\"},\"query-input\":{\"@type\":\"PropertyValueSpecification\",\"valueRequired\":true,\"valueName\":\"search_term_string\"}}],\"inLanguage\":\"de-AT\"}]}<\/script>\n<!-- \/ Yoast SEO plugin. -->","yoast_head_json":{"title":"Karriere \u00bb Bewirb dich jetzt bei uns!","description":"Karriere \u00bb Remote Work \u2713 flexible Arbeitszeiten \u2713 regelm\u00e4\u00dfige Teamevents \u2713 \u00bb Werde jetzt Teil unseres Teams!","robots":{"index":"index","follow":"follow","max-snippet":"max-snippet:-1","max-image-preview":"max-image-preview:large","max-video-preview":"max-video-preview:-1"},"canonical":"https:\/\/staging-www.jonnyfresh.com\/at\/jobs\/","og_locale":"de_DE","og_type":"article","og_title":"Karriere \u00bb Bewirb dich jetzt bei uns!","og_description":"Karriere \u00bb Remote Work \u2713 flexible Arbeitszeiten \u2713 regelm\u00e4\u00dfige Teamevents \u2713 \u00bb Werde jetzt Teil unseres Teams!","og_url":"https:\/\/staging-www.jonnyfresh.com\/at\/jobs\/","og_site_name":"jonnyfresh","article_modified_time":"2023-07-26T11:57:59+00:00","og_image":[{"url":"https:\/\/staging-staging-www.jonnyfresh.com\/wp-content\/uploads\/2022\/02\/jonny_fresh_jobs.jpg","type":"","width":"","height":""}],"twitter_card":"summary_large_image","twitter_misc":{"Est. reading time":"2 minutes"},"schema":{"@context":"https:\/\/schema.org","@graph":[{"@type":"WebPage","@id":"https:\/\/staging-www.jonnyfresh.com\/at\/jobs\/","url":"https:\/\/staging-www.jonnyfresh.com\/at\/jobs\/","name":"Karriere \u00bb Bewirb dich jetzt bei uns!","isPartOf":{"@id":"https:\/\/staging-www.jonnyfresh.com\/at\/#website"},"primaryImageOfPage":{"@id":"https:\/\/staging-www.jonnyfresh.com\/at\/jobs\/#primaryimage"},"image":{"@id":"https:\/\/staging-www.jonnyfresh.com\/at\/jobs\/#primaryimage"},"thumbnailUrl":"https:\/\/staging-staging-www.jonnyfresh.com\/wp-content\/uploads\/2022\/02\/jonny_fresh_jobs.jpg","datePublished":"2016-06-21T14:38:17+00:00","dateModified":"2023-07-26T11:57:59+00:00","description":"Karriere \u00bb Remote Work \u2713 flexible Arbeitszeiten \u2713 regelm\u00e4\u00dfige Teamevents \u2713 \u00bb Werde jetzt Teil unseres Teams!","inLanguage":"de-AT","potentialAction":[{"@type":"ReadAction","target":["https:\/\/staging-www.jonnyfresh.com\/at\/jobs\/"]}]},{"@type":"ImageObject","inLanguage":"de-AT","@id":"https:\/\/staging-www.jonnyfresh.com\/at\/jobs\/#primaryimage","url":"https:\/\/staging-staging-www.jonnyfresh.com\/wp-content\/uploads\/2022\/02\/jonny_fresh_jobs.jpg","contentUrl":"https:\/\/staging-staging-www.jonnyfresh.com\/wp-content\/uploads\/2022\/02\/jonny_fresh_jobs.jpg"},{"@type":"WebSite","@id":"https:\/\/staging-www.jonnyfresh.com\/at\/#website","url":"https:\/\/staging-www.jonnyfresh.com\/at\/","name":"jonnyfresh","description":"Eine weitere WordPress Website","potentialAction":[{"@type":"SearchAction","target":{"@type":"EntryPoint","urlTemplate":"https:\/\/staging-www.jonnyfresh.com\/at\/?s={search_term_string}"},"query-input":{"@type":"PropertyValueSpecification","valueRequired":true,"valueName":"search_term_string"}}],"inLanguage":"de-AT"}]}},"_links":{"self":[{"href":"https:\/\/staging-www.jonnyfresh.com\/at\/wp-json\/wp\/v2\/pages\/26534","targetHints":{"allow":["GET"]}}],"collection":[{"href":"https:\/\/staging-www.jonnyfresh.com\/at\/wp-json\/wp\/v2\/pages"}],"about":[{"href":"https:\/\/staging-www.jonnyfresh.com\/at\/wp-json\/wp\/v2\/types\/page"}],"author":[{"embeddable":true,"href":"https:\/\/staging-www.jonnyfresh.com\/at\/wp-json\/wp\/v2\/users\/17"}],"replies":[{"embeddable":true,"href":"https:\/\/staging-www.jonnyfresh.com\/at\/wp-json\/wp\/v2\/comments?post=26534"}],"version-history":[{"count":5,"href":"https:\/\/staging-www.jonnyfresh.com\/at\/wp-json\/wp\/v2\/pages\/26534\/revisions"}],"predecessor-version":[{"id":36412,"href":"https:\/\/staging-www.jonnyfresh.com\/at\/wp-json\/wp\/v2\/pages\/26534\/revisions\/36412"}],"wp:attachment":[{"href":"https:\/\/staging-www.jonnyfresh.com\/at\/wp-json\/wp\/v2\/media?parent=26534"}],"wp:term":[{"taxonomy":"category","embeddable":true,"href":"https:\/\/staging-www.jonnyfresh.com\/at\/wp-json\/wp\/v2\/categories?post=26534"},{"taxonomy":"post_tag","embeddable":true,"href":"https:\/\/staging-www.jonnyfresh.com\/at\/wp-json\/wp\/v2\/tags?post=26534"}],"curies":[{"name":"wp","href":"https:\/\/api.w.org\/{rel}","templated":true}]}}