{"id":26495,"date":"2018-04-03T10:58:55","date_gmt":"2018-04-03T08:58:55","guid":{"rendered":"https:\/\/staging-www.jonnyfresh.com\/download-app\/"},"modified":"2024-06-06T14:53:04","modified_gmt":"2024-06-06T12:53:04","slug":"download-app","status":"publish","type":"page","link":"https:\/\/staging-www.jonnyfresh.com\/at\/download-app\/","title":{"rendered":"Download App"},"content":{"rendered":"<div class=\"fsn-row full-width-row fsn-69f2592422d34 jf-promo light\" style=\"background-repeat:repeat;background-position:left top;background-attachment:scroll;background-size:auto;\"><div class=\"container\"><div class=\"row\"><div class=\"col-12 col-md-7 order-2 order-md-1 text-center text-md-start jf-promo-content\"><div class=\"fsn-column-inner fsn-69f2592422dbc light\"><div class=\"fsn-text fsn-69f2592422dfa jf-promo-text\">\n<h1>Hol dir jetzt die Jonny Fresh App<\/h1>\n<h2>W\u00e4schewaschen ganz einfach mit dem Smartphone<\/h2>\n<p><a href=\"https:\/\/itunes.apple.com\/de\/app\/jonny-fresh-textilreinigung\/id1024534584\" target=\"_blank\" rel=\"noopener\" class=\"jf-promo-content-button\"><img decoding=\"async\" src=\"https:\/\/staging-www.jonnyfresh.com\/wp-content\/uploads\/2018\/04\/Apple.png\" alt=\"Jonny Fresh App im App Store herunterladen\" width=\"150\" height=\"44\" class=\"alignnone wp-image-3992\" \/><\/a>\u00a0\u00a0\u00a0<a href=\"https:\/\/play.google.com\/store\/apps\/details?id=de.jonnyfresh.jonnyfresh\" target=\"_blank\" rel=\"noopener\" class=\"jf-promo-content-button\"><img decoding=\"async\" src=\"https:\/\/staging-www.jonnyfresh.com\/wp-content\/uploads\/2018\/04\/Google.png\" alt=\"Jonny Fresh App im Google Play Store herunterladen\" width=\"150\" height=\"44\" class=\"alignnone wp-image-3993\" \/><\/a><\/p>\n<\/div><div id=\"component-26426\" class=\"component fsn-69f25924232f4\"><div  class=\"fsn-row full-width-container fsn-69f2592423449 light\" style=\"background-repeat:repeat;background-position:left top;background-attachment:scroll;background-size:auto;\"><div class=\"row\"><div class=\"col-sm-12\"><div class=\"fsn-column-inner fsn-69f259242348e light\"><div class=\"fsn-text fsn-69f25924234c1\">\n<p>Noch Fragen?<\/p>\n<nav class=\"jf-phone-numbers\"><a href=\"tel:0800700020\" class=\"jf-at-phone-number\"><img decoding=\"async\" src=\"https:\/\/static.jonnyfresh.com\/wp-content\/uploads\/flags\/at.png\" alt=\"Austria flag\" width=\"17\" height=\"17\" \/> 0800 700 020 <span class=\"material-icons\">phone<\/span><\/a><\/nav>\n<\/div><\/div><\/div><\/div><\/div>\n<\/div><\/div><\/div><div class=\"col-12 col-md-5 order-1 order-md-2 jf-promo-img-container\"><div class=\"fsn-column-inner fsn-69f25924234f8 light\"><div class=\"fsn-text fsn-69f2592423523\">\n<div class=\"jf-promo-img-mask\"><img decoding=\"async\" src=\"https:\/\/media.jonnyfresh.com\/wp-content\/uploads\/2024\/03\/jonny_fresh_app_download.jpg\" alt=\"Hol dir jetzt die Jonny Fresh App\" class=\"alignnone size-full wp-image-18571 jf-promo-img\" width=\"100%\" height=\"100%\" \/><\/div>\n<div class=\"jf-promo-img-mask-shadow\"><\/div>\n<\/div><\/div><\/div><\/div><\/div><\/div><div class=\"fsn-row full-width-row fsn-69f2592423553 jf-promo-box jf-promo-box-light light\" style=\"background-repeat:repeat;background-position:left top;background-attachment:scroll;background-size:auto;\"><div class=\"container\"><div class=\"row\"><div class=\"col-sm-12\"><div class=\"fsn-column-inner fsn-69f2592423597 jf-promo-box-content light\"><div class=\"fsn-text fsn-69f25924235c9\">\n<h3 style=\"text-align: center;\">Abholen, reinigen und bringen zum Wunschtermin<\/h3>\n<p>W\u00e4schewaschen mit dem Smartphone? Das funktioniert jetzt genauso unkompliziert wie Pizza- oder Taxibestellen. Lade einfach die <strong>kostenlose Jonny Fresh App f\u00fcr Android &amp; iOS<\/strong> auf dein Mobilger\u00e4t und lass deine schmutzige W\u00e4sche entspannt reinigen. Jonny Fresh k\u00fcmmert sich mit gr\u00f6\u00dfter Sorgfalt um deine Kleidung. Wir versichern dir ein Reinigungs- und B\u00fcgelergebnis in Premium Qualit\u00e4t. Egal ob <a href=\"\/at\/hemdenreinigung\/\">Hemd<\/a>, Hose, <a href=\"\/at\/anzugreinigung\/\">Anzug<\/a> oder Kleid \u2013 wir reinigen s\u00e4mtliche Textilien f\u00fcr dich. Auch gr\u00f6\u00dfere W\u00e4schest\u00fccke wie Tischdecken, Bettw\u00e4sche oder Handt\u00fccher sind bei uns in den besten H\u00e4nden.<\/p>\n<p>Bestell jetzt deine mobile <a href=\"\/at\/\">Putzerei<\/a> bequem per App. Lass deine W\u00e4sche abholen und und zu deiner Wunschadresse nach Hause oder beispielsweise ins B\u00fcro bringen. Mit einer Standard-Bearbeitungszeit an den Werktagen von nur 48 Stunden hast du deine W\u00e4sche bereits nach kurzer Zeit frisch gewaschen und faltenfrei geb\u00fcgelt zur\u00fcck!<\/p>\n<h3 style=\"text-align: center;\">Mit der Jonny Fresh App bequem W\u00e4sche waschen<\/h3>\n<p>Die Bedienbarkeit der Jonny Fresh App ist kinderleicht und intuitiv. Einmal get\u00e4tigte Angaben kannst du in deinem Konto speichern und nach Belieben f\u00fcr die n\u00e4chste Bestellung anpassen, so dass du Jonny Fresh ganz flexibel nutzen kannst. Deinen virtuellen W\u00e4schekorb kannst du ganz einfach per Klick auf das Pluszeichen f\u00fcllen. Auch Sonderw\u00fcnsche zu deiner Bestellung kannst du selbstverst\u00e4ndlich angeben. Nachdem du den W\u00e4scheservice von Jonny Fresh per App bestellt hast, kannst dich nun entspannt zur\u00fcck lehnen.<\/p>\n<\/div><\/div><\/div><\/div><\/div><\/div><div class=\"fsn-row full-width-row fsn-69f2592423681 jf-promo-box light\" style=\"background-repeat:repeat;background-position:left top;background-attachment:scroll;background-size:auto;\"><div class=\"container\"><div class=\"row\"><div class=\"col-sm-12\"><div class=\"fsn-column-inner fsn-69f25924236f1 light\"><div class=\"fsn-text fsn-69f2592423730\">\n<div class=\"jf-promo-box-content\">\n<div class=\"jf-promo-box-content-header-small\" style=\"text-align: center;\">Deine Vorteile<\/div>\n<h3 style=\"text-align: center;\">Darum Jonny Fresh<\/h3>\n<\/div>\n<\/div><div  class=\"fsn-row full-width-container fsn-69f2592423755 light\" style=\"background-repeat:repeat;background-position:left top;background-attachment:scroll;background-size:auto;\"><div class=\"row\"><div class=\"col-sm-4\"><div class=\"fsn-column-inner fsn-69f2592423799 jf-dialog-box jf-dialog-box-horizontal light\"><div class=\"fsn-text fsn-69f25924237c5\">\n<div class=\"jf-icon-box jf-icon-box-small\">\n<div class=\"jf-icon-box-container\"><img decoding=\"async\" src=\"https:\/\/staging-www.jonnyfresh.com\/wp-content\/uploads\/2022\/02\/abholung_und_lieferung_am_wunschort.svg\" alt=\"Abholung &amp; Lieferung\" width=\"66\" height=\"66\" \/><\/div>\n<\/div>\n<div class=\"jf-dialog-box-header\">Abholung &amp; Lieferung<\/div>\n<p>Alles inklusive: Wir holen &amp; liefern in mehr als 10 St\u00e4dten und sind p\u00fcnktlich zum Wunschtermin da, wo du uns brauchst.<\/p>\n<\/div><\/div><\/div><div class=\"col-sm-4\"><div class=\"fsn-column-inner fsn-69f25924237e8 jf-dialog-box jf-dialog-box-horizontal light\"><div class=\"fsn-text fsn-69f2592423812\">\n<div class=\"jf-icon-box jf-icon-box-small\">\n<div class=\"jf-icon-box-container\"><img decoding=\"async\" src=\"https:\/\/staging-www.jonnyfresh.com\/wp-content\/uploads\/2022\/02\/einheitlicher_qualitaetsstandard.svg\" alt=\"Premium Qualit\u00e4t\" width=\"66\" height=\"66\" \/><\/div>\n<\/div>\n<div class=\"jf-dialog-box-header\">Premium Qualit\u00e4t<\/div>\n<p>Wir bieten erstklassige Reinigung mit gr\u00f6\u00dfter Sorgfalt und garantieren immer das bestm\u00f6gliche Ergebnis.<\/p>\n<\/div><\/div><\/div><div class=\"col-sm-4\"><div class=\"fsn-column-inner fsn-69f2592423832 jf-dialog-box jf-dialog-box-horizontal light\"><div class=\"fsn-text fsn-69f259242385c\">\n<div class=\"jf-icon-box jf-icon-box-small\">\n<div class=\"jf-icon-box-container\"><img decoding=\"async\" src=\"https:\/\/staging-www.jonnyfresh.com\/wp-content\/uploads\/2022\/02\/textilreinigung_in_48_stunden.svg\" alt=\"Eigenzeit &amp; Zeitersparnis\" width=\"66\" height=\"66\" \/><\/div>\n<\/div>\n<div class=\"jf-dialog-box-header\">Eigenzeit &amp; Zeitersparnis<\/div>\n<p>Wir erledigen die W\u00e4sche und B\u00fcgelarbeit wodurch du mehr Zeit f\u00fcr Dinge erh\u00e4ltst, die dir wirklich wichtig sind!<\/p>\n<\/div><\/div><\/div><\/div><\/div><\/div><\/div><\/div><\/div><\/div><div  class=\"fsn-row full-width-container fsn-69f2592423897 light\" style=\"background-repeat:repeat;background-position:left top;background-attachment:scroll;background-size:auto;\"><div class=\"row\"><div class=\"col-sm-12\"><div class=\"fsn-column-inner fsn-69f25924238c6 light\"><div id=\"component-26430\" class=\"component fsn-69f2592423e2b\"><div class=\"fsn-row full-width-row fsn-69f2592424b3c jf-content-box jf-content-box-download-app light\" style=\"background-repeat:repeat;background-position:left top;background-attachment:scroll;background-size:auto;\"><div class=\"container\"><div class=\"row\"><div class=\"col-sm-12\"><div class=\"fsn-column-inner fsn-69f2592424ba5 light\"><div  class=\"fsn-row full-width-container fsn-69f2592424c16 light\" style=\"background-repeat:repeat;background-position:left top;background-attachment:scroll;background-size:auto;\"><div class=\"row\"><div class=\"col-12 col-lg-6 jf-content-box-content order-1 order-lg-2 d-flex align-items-center\"><div class=\"fsn-column-inner fsn-69f2592424c62 light\"><div class=\"fsn-text fsn-69f2592424c9f\">\n<h4>W\u00e4schewaschen mit dem Smartphone<\/h4>\n<h3>10% Gutschein exklusiv in unserer Jonny Fresh App<\/h3>\n<p>Du m\u00f6chtest 10 % bei deiner Bestellung sparen? Lade dir einfach die W\u00e4sche-App von Jonny Fresh auf dein Smartphone \u2013 f\u00fcr Android und iOS verf\u00fcgbar. So buchst du deine Textilreinigung mit nur wenigen Klicks, wann und wo du gerade bist, und hast den Status immer im Blick. Nutze bei deiner Bestellung den <strong>Gutscheincode APP10<\/strong> und sichere dir 10 % Rabatt.*<br \/>F\u00fcr Privatkunden in <strong>Berlin, Frankfurt, Hamburg, Hannover, Potsdam, M\u00fcnchen und Wien<\/strong> verf\u00fcgbar.<\/p>\n<p>*G\u00fcltig ab 25 \u20ac Mindestbestellwert. Einmalig in der App einl\u00f6sbar. Nicht mit anderen Aktionen kombinierbar. G\u00fcltig bis 13.07.2025.<\/p>\n<p><a href=\"https:\/\/apps.apple.com\/de\/app\/jonny-fresh-textilreinigung\/id1024534584\" target=\"_blank\" rel=\"noopener\"><img decoding=\"async\" src=\"https:\/\/media.jonnyfresh.com\/wp-content\/uploads\/2022\/01\/download-apple.png\" alt=\"Laden Sie die Jonny Fresh-App aus dem Apple Store herunter\" width=\"103\" height=\"30\" class=\"alignnone wp-image-18543\"><\/a><a href=\"https:\/\/play.google.com\/store\/apps\/details?id=de.jonnyfresh.jonnyfresh\" target=\"_blank\" rel=\"noopener\"><img decoding=\"async\" src=\"https:\/\/media.jonnyfresh.com\/wp-content\/uploads\/2022\/01\/download-google.png\" alt=\"Laden Sie die Jonny Fresh-App von Google Play herunter\" width=\"103\" height=\"30\" class=\"alignnone wp-image-18547\"><\/a><\/p>\n<\/div><\/div><\/div><div class=\"col-12 col-lg-6 d-flex justify-content-center order-2 order-lg-1\"><div class=\"fsn-column-inner fsn-69f2592424cd8 light\"><div class=\"fsn-text fsn-69f2592424d05\">\n<p><img decoding=\"async\" src=\"https:\/\/media.jonnyfresh.com\/wp-content\/uploads\/2024\/03\/waesche_waschen_mit_dem_smartphone.jpg\" alt=\"Jonny Fresh mobile app\" width=\"451\" height=\"607\" class=\"alignnone wp-image-19055\"><\/p>\n<\/div><\/div><\/div><\/div><\/div><\/div><\/div><\/div><\/div><\/div>\n<\/div><\/div><\/div><\/div><\/div>\n","protected":false},"excerpt":{"rendered":"","protected":false},"author":17,"featured_media":38208,"parent":0,"menu_order":270,"comment_status":"closed","ping_status":"closed","template":"","meta":{"inline_featured_image":false,"footnotes":""},"categories":[],"tags":[],"class_list":["post-26495","page","type-page","status-publish","has-post-thumbnail","hentry"],"yoast_head":"<!-- This site is optimized with the Yoast SEO plugin v25.3 - https:\/\/yoast.com\/wordpress\/plugins\/seo\/ -->\n<title>Jonny Fresh App: W\u00e4schewaschen mit dem Smartphone<\/title>\n<meta name=\"description\" content=\"Lade dir die Jonny Fresh App f\u00fcr iOS &amp; Android herunter und habe unseren W\u00e4scheservice ab jetzt immer direkt zur Hand!\" \/>\n<meta name=\"robots\" content=\"index, follow, max-snippet:-1, max-image-preview:large, max-video-preview:-1\" \/>\n<link rel=\"canonical\" href=\"https:\/\/staging-www.jonnyfresh.com\/at\/download-app\/\" \/>\n<meta property=\"og:locale\" content=\"de_DE\" \/>\n<meta property=\"og:type\" content=\"article\" \/>\n<meta property=\"og:title\" content=\"Jonny Fresh App: W\u00e4schewaschen mit dem Smartphone\" \/>\n<meta property=\"og:description\" content=\"Lade dir die Jonny Fresh App f\u00fcr iOS &amp; Android herunter und habe unseren W\u00e4scheservice ab jetzt immer direkt zur Hand!\" \/>\n<meta property=\"og:url\" content=\"https:\/\/staging-www.jonnyfresh.com\/at\/download-app\/\" \/>\n<meta property=\"og:site_name\" content=\"jonnyfresh\" \/>\n<meta property=\"article:modified_time\" content=\"2024-06-06T12:53:04+00:00\" \/>\n<meta property=\"og:image\" content=\"https:\/\/media.jonnyfresh.com\/wp-content\/uploads\/2024\/03\/jonny_fresh_app_download.jpg\" \/>\n\t<meta property=\"og:image:width\" content=\"1580\" \/>\n\t<meta property=\"og:image:height\" content=\"1038\" \/>\n\t<meta property=\"og:image:type\" content=\"image\/jpeg\" \/>\n<meta name=\"twitter:card\" content=\"summary_large_image\" \/>\n<meta name=\"twitter:label1\" content=\"Est. reading time\" \/>\n\t<meta name=\"twitter:data1\" content=\"3 minutes\" \/>\n<script type=\"application\/ld+json\" class=\"yoast-schema-graph\">{\"@context\":\"https:\/\/schema.org\",\"@graph\":[{\"@type\":\"WebPage\",\"@id\":\"https:\/\/staging-www.jonnyfresh.com\/at\/download-app\/\",\"url\":\"https:\/\/staging-www.jonnyfresh.com\/at\/download-app\/\",\"name\":\"Jonny Fresh App: W\u00e4schewaschen mit dem Smartphone\",\"isPartOf\":{\"@id\":\"https:\/\/staging-www.jonnyfresh.com\/at\/#website\"},\"primaryImageOfPage\":{\"@id\":\"https:\/\/staging-www.jonnyfresh.com\/at\/download-app\/#primaryimage\"},\"image\":{\"@id\":\"https:\/\/staging-www.jonnyfresh.com\/at\/download-app\/#primaryimage\"},\"thumbnailUrl\":\"https:\/\/media.jonnyfresh.com\/wp-content\/uploads\/2024\/03\/jonny_fresh_app_download.jpg\",\"datePublished\":\"2018-04-03T08:58:55+00:00\",\"dateModified\":\"2024-06-06T12:53:04+00:00\",\"description\":\"Lade dir die Jonny Fresh App f\u00fcr iOS & Android herunter und habe unseren W\u00e4scheservice ab jetzt immer direkt zur Hand!\",\"inLanguage\":\"de-AT\",\"potentialAction\":[{\"@type\":\"ReadAction\",\"target\":[\"https:\/\/staging-www.jonnyfresh.com\/at\/download-app\/\"]}]},{\"@type\":\"ImageObject\",\"inLanguage\":\"de-AT\",\"@id\":\"https:\/\/staging-www.jonnyfresh.com\/at\/download-app\/#primaryimage\",\"url\":\"https:\/\/media.jonnyfresh.com\/wp-content\/uploads\/2024\/03\/jonny_fresh_app_download.jpg\",\"contentUrl\":\"https:\/\/media.jonnyfresh.com\/wp-content\/uploads\/2024\/03\/jonny_fresh_app_download.jpg\",\"width\":1580,\"height\":1038},{\"@type\":\"WebSite\",\"@id\":\"https:\/\/staging-www.jonnyfresh.com\/at\/#website\",\"url\":\"https:\/\/staging-www.jonnyfresh.com\/at\/\",\"name\":\"jonnyfresh\",\"description\":\"Eine weitere WordPress Website\",\"potentialAction\":[{\"@type\":\"SearchAction\",\"target\":{\"@type\":\"EntryPoint\",\"urlTemplate\":\"https:\/\/staging-www.jonnyfresh.com\/at\/?s={search_term_string}\"},\"query-input\":{\"@type\":\"PropertyValueSpecification\",\"valueRequired\":true,\"valueName\":\"search_term_string\"}}],\"inLanguage\":\"de-AT\"}]}<\/script>\n<!-- \/ Yoast SEO plugin. -->","yoast_head_json":{"title":"Jonny Fresh App: W\u00e4schewaschen mit dem Smartphone","description":"Lade dir die Jonny Fresh App f\u00fcr iOS & Android herunter und habe unseren W\u00e4scheservice ab jetzt immer direkt zur Hand!","robots":{"index":"index","follow":"follow","max-snippet":"max-snippet:-1","max-image-preview":"max-image-preview:large","max-video-preview":"max-video-preview:-1"},"canonical":"https:\/\/staging-www.jonnyfresh.com\/at\/download-app\/","og_locale":"de_DE","og_type":"article","og_title":"Jonny Fresh App: W\u00e4schewaschen mit dem Smartphone","og_description":"Lade dir die Jonny Fresh App f\u00fcr iOS & Android herunter und habe unseren W\u00e4scheservice ab jetzt immer direkt zur Hand!","og_url":"https:\/\/staging-www.jonnyfresh.com\/at\/download-app\/","og_site_name":"jonnyfresh","article_modified_time":"2024-06-06T12:53:04+00:00","og_image":[{"width":1580,"height":1038,"url":"https:\/\/media.jonnyfresh.com\/wp-content\/uploads\/2024\/03\/jonny_fresh_app_download.jpg","type":"image\/jpeg"}],"twitter_card":"summary_large_image","twitter_misc":{"Est. reading time":"3 minutes"},"schema":{"@context":"https:\/\/schema.org","@graph":[{"@type":"WebPage","@id":"https:\/\/staging-www.jonnyfresh.com\/at\/download-app\/","url":"https:\/\/staging-www.jonnyfresh.com\/at\/download-app\/","name":"Jonny Fresh App: W\u00e4schewaschen mit dem Smartphone","isPartOf":{"@id":"https:\/\/staging-www.jonnyfresh.com\/at\/#website"},"primaryImageOfPage":{"@id":"https:\/\/staging-www.jonnyfresh.com\/at\/download-app\/#primaryimage"},"image":{"@id":"https:\/\/staging-www.jonnyfresh.com\/at\/download-app\/#primaryimage"},"thumbnailUrl":"https:\/\/media.jonnyfresh.com\/wp-content\/uploads\/2024\/03\/jonny_fresh_app_download.jpg","datePublished":"2018-04-03T08:58:55+00:00","dateModified":"2024-06-06T12:53:04+00:00","description":"Lade dir die Jonny Fresh App f\u00fcr iOS & Android herunter und habe unseren W\u00e4scheservice ab jetzt immer direkt zur Hand!","inLanguage":"de-AT","potentialAction":[{"@type":"ReadAction","target":["https:\/\/staging-www.jonnyfresh.com\/at\/download-app\/"]}]},{"@type":"ImageObject","inLanguage":"de-AT","@id":"https:\/\/staging-www.jonnyfresh.com\/at\/download-app\/#primaryimage","url":"https:\/\/media.jonnyfresh.com\/wp-content\/uploads\/2024\/03\/jonny_fresh_app_download.jpg","contentUrl":"https:\/\/media.jonnyfresh.com\/wp-content\/uploads\/2024\/03\/jonny_fresh_app_download.jpg","width":1580,"height":1038},{"@type":"WebSite","@id":"https:\/\/staging-www.jonnyfresh.com\/at\/#website","url":"https:\/\/staging-www.jonnyfresh.com\/at\/","name":"jonnyfresh","description":"Eine weitere WordPress Website","potentialAction":[{"@type":"SearchAction","target":{"@type":"EntryPoint","urlTemplate":"https:\/\/staging-www.jonnyfresh.com\/at\/?s={search_term_string}"},"query-input":{"@type":"PropertyValueSpecification","valueRequired":true,"valueName":"search_term_string"}}],"inLanguage":"de-AT"}]}},"_links":{"self":[{"href":"https:\/\/staging-www.jonnyfresh.com\/at\/wp-json\/wp\/v2\/pages\/26495","targetHints":{"allow":["GET"]}}],"collection":[{"href":"https:\/\/staging-www.jonnyfresh.com\/at\/wp-json\/wp\/v2\/pages"}],"about":[{"href":"https:\/\/staging-www.jonnyfresh.com\/at\/wp-json\/wp\/v2\/types\/page"}],"author":[{"embeddable":true,"href":"https:\/\/staging-www.jonnyfresh.com\/at\/wp-json\/wp\/v2\/users\/17"}],"replies":[{"embeddable":true,"href":"https:\/\/staging-www.jonnyfresh.com\/at\/wp-json\/wp\/v2\/comments?post=26495"}],"version-history":[{"count":5,"href":"https:\/\/staging-www.jonnyfresh.com\/at\/wp-json\/wp\/v2\/pages\/26495\/revisions"}],"predecessor-version":[{"id":38842,"href":"https:\/\/staging-www.jonnyfresh.com\/at\/wp-json\/wp\/v2\/pages\/26495\/revisions\/38842"}],"wp:featuredmedia":[{"embeddable":true,"href":"https:\/\/staging-www.jonnyfresh.com\/at\/wp-json\/wp\/v2\/media\/38208"}],"wp:attachment":[{"href":"https:\/\/staging-www.jonnyfresh.com\/at\/wp-json\/wp\/v2\/media?parent=26495"}],"wp:term":[{"taxonomy":"category","embeddable":true,"href":"https:\/\/staging-www.jonnyfresh.com\/at\/wp-json\/wp\/v2\/categories?post=26495"},{"taxonomy":"post_tag","embeddable":true,"href":"https:\/\/staging-www.jonnyfresh.com\/at\/wp-json\/wp\/v2\/tags?post=26495"}],"curies":[{"name":"wp","href":"https:\/\/api.w.org\/{rel}","templated":true}]}}