{"id":26491,"date":"2018-04-03T12:17:19","date_gmt":"2018-04-03T10:17:19","guid":{"rendered":"https:\/\/staging-www.jonnyfresh.com\/handtuchreinigung\/"},"modified":"2023-05-09T08:43:07","modified_gmt":"2023-05-09T06:43:07","slug":"handtuchreinigung","status":"publish","type":"page","link":"https:\/\/staging-www.jonnyfresh.com\/at\/handtuchreinigung\/","title":{"rendered":"Handtuchreinigung online buchen"},"content":{"rendered":"<div class=\"fsn-row full-width-row fsn-69f4eae8e74ad jf-promo light\" style=\"background-repeat:repeat;background-position:left top;background-attachment:scroll;background-size:auto;\"><div class=\"container\"><div class=\"row\"><div class=\"col-12 col-md-7 order-2 order-md-1 text-center text-md-start jf-promo-content\"><div class=\"fsn-column-inner fsn-69f4eae8e7545 light\"><div class=\"fsn-text fsn-69f4eae8e759c jf-promo-text\">\n<h1 class=\"jf-disable-dynamic-line-break\">Handtuchreinigung bequem online buchen<\/h1>\n<h2>Abholen, reinigen und bringen zum Wunschtermin<\/h2>\n<\/div><div id=\"component-26438\" class=\"component fsn-69f4eae8e78a2\"><div  class=\"fsn-row full-width-container fsn-69f4eae8e79bd light seamless\" style=\"background-repeat:repeat;background-position:left top;background-attachment:scroll;background-size:auto;\"><div class=\"row\"><div class=\"col-sm-12\"><div class=\"fsn-column-inner fsn-69f4eae8e7a06 light\"><div class=\"fsn-code fsn-69f4eae8e7a3c\"><form action=\"https:\/\/staging-customerwebapp.jonnyfresh.com\/online-bestellen\/#c0\" method=\"get\" class=\"jf-form jf-postal-code-form\" autocomplete=\"off\">\r\n    <fieldset>\r\n        <div class=\"row\">\r\n            <div class=\"col-12 col-lg-7 jf-postal-code-container\">\r\n                <div class=\"input-group\">\r\n                    <div class=\"jf-spinner\"><\/div>\r\n                    <input type=\"hidden\" name=\"locale\" value=\"de_AT\">\r\n                    <input type=\"hidden\" name=\"postalCodeId\" value=\"\">\r\n                    <input type=\"hidden\" name=\"plz\" value=\"\">\r\n\t\t\t\t\t<input type=\"hidden\" name=\"corporate\" value=\"\">\r\n                    <input type=\"text\" maxlength=\"5\" name=\"plz\" class=\"form-control text-center text-lg-start jf-postal-code\" placeholder=\"Postleitzahl eingeben\">\r\n                    <span class=\"material-icons\">location_on<\/span>\r\n                <\/div>\r\n                <div class=\"jf-postal-code-results\">\r\n                    <ul><\/ul>\r\n                <\/div>\r\n            <\/div>\r\n            <div class=\"col-12 col-lg-5\">\r\n                 <div class=\"d-grid\">\r\n                     <a class=\"btn btn-secondary btn-lg\" href=\"#\" role=\"button\">Los geht's <span class=\"material-icons\">chevron_right<\/span>\r\n<\/a>\r\n                 <\/div>\r\n             <\/div>\r\n         <\/div>\r\n     <\/fieldset>\r\n<\/form><\/div><\/div><\/div><\/div><\/div>\n<\/div><div id=\"component-26426\" class=\"component fsn-69f4eae8e7d3e\"><div  class=\"fsn-row full-width-container fsn-69f4eae8e7ead light\" style=\"background-repeat:repeat;background-position:left top;background-attachment:scroll;background-size:auto;\"><div class=\"row\"><div class=\"col-sm-12\"><div class=\"fsn-column-inner fsn-69f4eae8e7efa light\"><div class=\"fsn-text fsn-69f4eae8e7f31\">\n<p>Noch Fragen?<\/p>\n<nav class=\"jf-phone-numbers\"><a href=\"tel:0800700020\" class=\"jf-at-phone-number\"><img decoding=\"async\" src=\"https:\/\/static.jonnyfresh.com\/wp-content\/uploads\/flags\/at.png\" alt=\"Austria flag\" width=\"17\" height=\"17\" \/> 0800 700 020 <span class=\"material-icons\">phone<\/span><\/a><\/nav>\n<\/div><\/div><\/div><\/div><\/div>\n<\/div><\/div><\/div><div class=\"col-12 col-md-5 order-1 order-md-2 jf-promo-img-container\"><div class=\"fsn-column-inner fsn-69f4eae8e7f6d light\"><div class=\"fsn-text fsn-69f4eae8e7faa\">\n<div class=\"jf-promo-img-mask\"><img decoding=\"async\" src=\"https:\/\/staging-www.jonnyfresh.com\/wp-content\/uploads\/2022\/02\/jonny_fresh_handtuchreinigung.jpg\" alt=\"Handtuchreinigung bequem online buchen\" class=\"alignnone size-full wp-image-18571 jf-promo-img\" width=\"100%\" height=\"100%\" \/><\/div>\n<div class=\"jf-promo-img-mask-shadow\"><\/div>\n<\/div><\/div><\/div><\/div><\/div><\/div><div  class=\"fsn-row full-width-container fsn-69f4eae8e7fdc light\" style=\"background-repeat:repeat;background-position:left top;background-attachment:scroll;background-size:auto;\"><div class=\"row\"><div class=\"col-sm-12\"><div class=\"fsn-column-inner fsn-69f4eae8e8093 light\"><div id=\"component-26441\" class=\"component fsn-69f4eae8e8365\"><div class=\"fsn-row full-width-row fsn-69f4eae8e8d61 jf-our-clients light\" style=\"background-repeat:repeat;background-position:left top;background-attachment:scroll;background-size:auto;\"><div class=\"container\"><div class=\"row\"><div class=\"col-sm-12\"><div class=\"fsn-column-inner fsn-69f4eae8e8dc9 light\"><div class=\"fsn-text fsn-69f4eae8e8e15\">\n<div class=\"owl-carousel\">\n<div><img decoding=\"async\" src=\"https:\/\/staging-www.jonnyfresh.com\/wp-content\/uploads\/2022\/01\/handelsblatt_logo.png\" alt=\"Handelsblatt\" width=\"155\" height=\"44\" class=\"alignnone wp-image-18785\" data-no-lazy=\"1\" srcset=\"https:\/\/media.jonnyfresh.com\/wp-content\/uploads\/2022\/01\/handelsblatt_logo.png 310w, https:\/\/media.jonnyfresh.com\/wp-content\/uploads\/2022\/01\/handelsblatt_logo-300x85.png 300w\" sizes=\"(max-width: 768px) 70vw, 640px\" \/><\/div>\n<div><img decoding=\"async\" src=\"https:\/\/staging-www.jonnyfresh.com\/wp-content\/uploads\/2022\/01\/n-tv_logo.png\" alt=\"N-TV\" width=\"155\" height=\"44\" class=\"alignnone wp-image-18791\" data-no-lazy=\"1\" srcset=\"https:\/\/media.jonnyfresh.com\/wp-content\/uploads\/2022\/01\/n-tv_logo.png 310w, https:\/\/media.jonnyfresh.com\/wp-content\/uploads\/2022\/01\/n-tv_logo-300x85.png 300w\" sizes=\"(max-width: 768px) 70vw, 640px\" \/><\/div>\n<div><img decoding=\"async\" src=\"https:\/\/staging-www.jonnyfresh.com\/wp-content\/uploads\/2022\/01\/prosieben_logo.png\" alt=\"ProSieben\" width=\"155\" height=\"44\" class=\"alignnone wp-image-18795\" data-no-lazy=\"1\" srcset=\"https:\/\/media.jonnyfresh.com\/wp-content\/uploads\/2022\/01\/prosieben_logo.png 310w, https:\/\/media.jonnyfresh.com\/wp-content\/uploads\/2022\/01\/prosieben_logo-300x85.png 300w\" sizes=\"(max-width: 768px) 70vw, 640px\" \/><\/div>\n<div><img decoding=\"async\" src=\"https:\/\/staging-www.jonnyfresh.com\/wp-content\/uploads\/2022\/01\/glamour_logo.png\" alt=\"Glamour\" width=\"155\" height=\"44\" class=\"alignnone wp-image-18799\" data-no-lazy=\"1\" srcset=\"https:\/\/media.jonnyfresh.com\/wp-content\/uploads\/2022\/01\/glamour_logo.png 310w, https:\/\/media.jonnyfresh.com\/wp-content\/uploads\/2022\/01\/glamour_logo-300x85.png 300w\" sizes=\"(max-width: 768px) 70vw, 640px\" \/><\/div>\n<div><img decoding=\"async\" src=\"https:\/\/staging-www.jonnyfresh.com\/wp-content\/uploads\/2022\/01\/gq_logo.png\" alt=\"GQ\" width=\"155\" height=\"44\" class=\"alignnone wp-image-18803\" data-no-lazy=\"1\" srcset=\"https:\/\/media.jonnyfresh.com\/wp-content\/uploads\/2022\/01\/gq_logo.png 310w, https:\/\/media.jonnyfresh.com\/wp-content\/uploads\/2022\/01\/gq_logo-300x85.png 300w\" sizes=\"(max-width: 768px) 70vw, 640px\" \/><\/div>\n<div><img decoding=\"async\" src=\"https:\/\/staging-www.jonnyfresh.com\/wp-content\/uploads\/2022\/01\/wirtschaftswoche_logo.png\" alt=\"Wirtschaftswoche\" width=\"155\" height=\"44\" class=\"alignnone wp-image-18807\" data-no-lazy=\"1\" srcset=\"https:\/\/media.jonnyfresh.com\/wp-content\/uploads\/2022\/01\/wirtschaftswoche_logo.png 310w, https:\/\/media.jonnyfresh.com\/wp-content\/uploads\/2022\/01\/wirtschaftswoche_logo-300x85.png 300w\" sizes=\"(max-width: 768px) 70vw, 640px\" \/><\/div>\n<\/div>\n<\/div><\/div><\/div><\/div><\/div><\/div>\n<\/div><\/div><\/div><\/div><\/div><div class=\"fsn-row full-width-row fsn-69f4eae8e8e69 jf-promo-box jf-promo-box-light light\" style=\"background-repeat:repeat;background-position:left top;background-attachment:scroll;background-size:auto;\"><div class=\"container\"><div class=\"row\"><div class=\"col-sm-12\"><div class=\"fsn-column-inner fsn-69f4eae8e8eb2 jf-promo-box-content light\"><div class=\"fsn-text fsn-69f4eae8e8eec\">\n<h3 style=\"text-align: center;\">Handtuchreinigung mit Abhol- und Bringdienst<\/h3>\n<p>Ob im Badezimmer, im G\u00e4ste-WC oder in der K\u00fcche \u2013 ein frisches und sauberes Handtuch gibt einfach ein gutes Gef\u00fchl. Vor allem in Hotels, Unternehmen und Ferienwohnungen fallen oft gro\u00dfe Mengen an Handtuchw\u00e4sche an, aber auch zuhause bei Privatkunden verursachen Geschirrt\u00fccher, Badet\u00fccher oder auch H\u00e4ndehandt\u00fccher viel Arbeit bei der W\u00e4sche. Als mobile <a href=\"\/at\/\">Putzerei<\/a> und W\u00e4scherei mit praktischem Abhol- und Bringdienst f\u00fcr W\u00e4sche nehmen wir dir gerne die Arbeit mit der W\u00e4sche ab und erledigen f\u00fcr dich schnell und zuverl\u00e4ssig die <strong>Handtuchreinigung<\/strong>.<\/p>\n<\/div><\/div><\/div><\/div><\/div><\/div><div class=\"fsn-row full-width-row fsn-69f4eae8e8f1f jf-promo-box light\" style=\"background-repeat:repeat;background-position:left top;background-attachment:scroll;background-size:auto;\"><div class=\"container\"><div class=\"row\"><div class=\"col-sm-12\"><div class=\"fsn-column-inner fsn-69f4eae8e8f67 light\"><div class=\"fsn-text fsn-69f4eae8e8f93\">\n<div class=\"jf-promo-box-content\">\n<div class=\"jf-promo-box-content-header-small text-center\">Smarte Putzerei<\/div>\n<h3 class=\"text-center\">So funktioniert die Handtuchreinigung:<\/h3>\n<\/div>\n<\/div><div id=\"component-26428\" class=\"component fsn-69f4eae8e92b4\"><div  class=\"fsn-row full-width-container fsn-69f4eae8e9472 light\" style=\"background-repeat:repeat;background-position:left top;background-attachment:scroll;background-size:auto;\"><div class=\"row flex-column flex-lg-row jf-process-steps\"><div class=\"col-12 col-lg-4\"><div class=\"fsn-column-inner fsn-69f4eae8e94c9 light\"><div class=\"fsn-text fsn-69f4eae8e94fd\">\n<p><img decoding=\"async\" src=\"https:\/\/staging-www.jonnyfresh.com\/wp-content\/uploads\/2022\/03\/hand-with-smartphone-jonny-fresh-app.svg\" alt=\"Du bestellst\" width=\"359\" height=\"218\" \/><\/p>\n<div class=\"jf-how-it-works-header d-flex align-items-start justify-content-center justify-content-lg-start\"><span class=\"text-center flex-shrink-0\">1<\/span> Du bestellst<\/div>\n<p class=\"jf-step-text\">W\u00e4hle per App oder Website die zu reinigenden Textilien aus.<\/p>\n<\/div><\/div><\/div><div class=\"col-12 col-lg-4\"><div class=\"fsn-column-inner fsn-69f4eae8e9525 light\"><div class=\"fsn-text fsn-69f4eae8e9553\">\n<p><img decoding=\"async\" src=\"https:\/\/staging-www.jonnyfresh.com\/wp-content\/uploads\/2022\/03\/jonny-fresh-delivery-driver.svg\" alt=\"Wir holen ab\" width=\"359\" height=\"218\" \/><\/p>\n<div class=\"jf-how-it-works-header d-flex align-items-start justify-content-center justify-content-lg-start\"><span class=\"text-center flex-shrink-0\">2<\/span> Wir holen ab<\/div>\n<p class=\"jf-step-text\">Zum vereinbarten Zeitpunkt holen wir die W\u00e4sche am Wunschstandort ab.<\/p>\n<\/div><\/div><\/div><div class=\"col-12 col-lg-4\"><div class=\"fsn-column-inner fsn-69f4eae8e9575 light\"><div class=\"fsn-text fsn-69f4eae8e959f\">\n<p><img decoding=\"async\" src=\"https:\/\/staging-www.jonnyfresh.com\/wp-content\/uploads\/2022\/03\/hand-with-shirt-on-hanger.svg\" alt=\"Wir liefern\" width=\"355\" height=\"218\" \/><\/p>\n<div class=\"jf-how-it-works-header d-flex align-items-start justify-content-center justify-content-lg-start\"><span class=\"text-center flex-shrink-0\">3<\/span> Wir liefern<\/div>\n<p class=\"jf-step-text\">Deine W\u00e4sche kommt professionell gereinigt und geb\u00fcgelt nach nur 48 Stunden wieder bei dir an.<\/p>\n<\/div><\/div><\/div><\/div><\/div>\n<\/div><\/div><\/div><\/div><\/div><\/div><div  class=\"fsn-row full-width-container fsn-69f4eae8e95f2 light\" style=\"background-repeat:repeat;background-position:left top;background-attachment:scroll;background-size:auto;\"><div class=\"row\"><div class=\"col-sm-12\"><div class=\"fsn-column-inner fsn-69f4eae8e9622 light\"><div id=\"component-26427\" class=\"component fsn-69f4eae8e9950\"><div class=\"fsn-row full-width-row fsn-69f4eae8e9af5 jf-order-now light\" style=\"background-repeat:repeat;background-position:left top;background-attachment:scroll;background-size:auto;\"><div class=\"container\"><div class=\"row\"><div class=\"col-sm-12\"><div class=\"fsn-column-inner fsn-69f4eae8e9b49 light\"><div  class=\"fsn-row full-width-container fsn-69f4eae8e9b8c light\" style=\"background-repeat:repeat;background-position:left top;background-attachment:scroll;background-size:auto;\"><div class=\"row flex-column flex-lg-row align-items-center\"><div class=\"col jf-order-now-content\"><div class=\"fsn-column-inner fsn-69f4eae8e9bd1 light\"><div class=\"fsn-text fsn-69f4eae8e9c10\">\n<h3>Jetzt einfach hier Putzerei buchen<\/h3>\n<h4>\u00dcberzeuge dich jetzt selber von den<br \/>\nVorteilen unseres Abhol- und Bringdienst!<\/h4>\n<\/div><\/div><\/div><div class=\"col d-lg-flex justify-content-lg-center\"><div class=\"fsn-column-inner fsn-69f4eae8e9c3b light\"><div id=\"component-26438\" class=\"component fsn-69f4eae8e9c73\"><div  class=\"fsn-row full-width-container fsn-69f4eae8e9d3f light seamless\" style=\"background-repeat:repeat;background-position:left top;background-attachment:scroll;background-size:auto;\"><div class=\"row\"><div class=\"col-sm-12\"><div class=\"fsn-column-inner fsn-69f4eae8e9d78 light\"><div class=\"fsn-code fsn-69f4eae8e9da9\"><form action=\"https:\/\/staging-customerwebapp.jonnyfresh.com\/online-bestellen\/#c0\" method=\"get\" class=\"jf-form jf-postal-code-form\" autocomplete=\"off\">\r\n    <fieldset>\r\n        <div class=\"row\">\r\n            <div class=\"col-12 col-lg-7 jf-postal-code-container\">\r\n                <div class=\"input-group\">\r\n                    <div class=\"jf-spinner\"><\/div>\r\n                    <input type=\"hidden\" name=\"locale\" value=\"de_AT\">\r\n                    <input type=\"hidden\" name=\"postalCodeId\" value=\"\">\r\n                    <input type=\"hidden\" name=\"plz\" value=\"\">\r\n\t\t\t\t\t<input type=\"hidden\" name=\"corporate\" value=\"\">\r\n                    <input type=\"text\" maxlength=\"5\" name=\"plz\" class=\"form-control text-center text-lg-start jf-postal-code\" placeholder=\"Postleitzahl eingeben\">\r\n                    <span class=\"material-icons\">location_on<\/span>\r\n                <\/div>\r\n                <div class=\"jf-postal-code-results\">\r\n                    <ul><\/ul>\r\n                <\/div>\r\n            <\/div>\r\n            <div class=\"col-12 col-lg-5\">\r\n                 <div class=\"d-grid\">\r\n                     <a class=\"btn btn-secondary btn-lg\" href=\"#\" role=\"button\">Los geht's <span class=\"material-icons\">chevron_right<\/span>\r\n<\/a>\r\n                 <\/div>\r\n             <\/div>\r\n         <\/div>\r\n     <\/fieldset>\r\n<\/form><\/div><\/div><\/div><\/div><\/div>\n<\/div><\/div><\/div><\/div><\/div><\/div><\/div><\/div><\/div><\/div>\n<\/div><\/div><\/div><\/div><\/div><div class=\"fsn-row full-width-row fsn-69f4eae8e9e19 jf-promo-box jf-promo-box-light light\" style=\"background-repeat:repeat;background-position:left top;background-attachment:scroll;background-size:auto;\"><div class=\"container\"><div class=\"row\"><div class=\"col-sm-12\"><div class=\"fsn-column-inner fsn-69f4eae8e9e68 jf-promo-box-content light\"><div class=\"fsn-text fsn-69f4eae8e9ea2\">\n<h3 class=\"text-center\">Handt\u00fccher professionell reinigen lassen<\/h3>\n<ul class=\"jf-list jf-list-large\">\n<li class=\"d-flex\"><span class=\"material-icons\">check_circle<\/span> Sachgem\u00e4\u00dfe Premium-Handtuchw\u00e4sche f\u00fcr alle g\u00e4ngigen Stoffe von Leinen bis Frottee<\/li>\n<li class=\"d-flex\"><span class=\"material-icons\">check_circle<\/span> Behutsame Pflege, Trocknung und Aufbereitung<\/li>\n<li class=\"d-flex\"><span class=\"material-icons\">check_circle<\/span> Professionelle hygienische Reinigung nach medizinischen Ma\u00dfst\u00e4ben<\/li>\n<li class=\"d-flex\"><span class=\"material-icons\">check_circle<\/span> Lieferung der W\u00e4sche ab 48h f\u00fcr Unternehmen &amp; Privathaushalte<\/li>\n<li class=\"d-flex\"><span class=\"material-icons\">check_circle<\/span> Inklusive Abholung &amp; Lieferung bequem an der Haust\u00fcr, im B\u00fcro oder von unterwegs<\/li>\n<li class=\"d-flex\"><span class=\"material-icons\">check_circle<\/span> Einfache Bestellung der Handtuchreinigung online oder per <a href=\"https:\/\/staging-www.jonnyfresh.com\/at\/download-app\/\">App<\/a><\/li>\n<li class=\"d-flex\"><span class=\"material-icons\">check_circle<\/span> Kompetente Kundenberatung und ausgedehnte Servicezeiten f\u00fcr Vielbesch\u00e4ftigte<\/li>\n<\/ul>\n<\/div><\/div><\/div><\/div><\/div><\/div><div class=\"fsn-row full-width-row fsn-69f4eae8e9ee5 jf-promo-box jf-promo-box-list light\" style=\"background-repeat:repeat;background-position:left top;background-attachment:scroll;background-size:auto;\"><div class=\"container\"><div class=\"row\"><div class=\"col-sm-12\"><div class=\"fsn-column-inner fsn-69f4eae8e9f36 light\"><div class=\"fsn-text fsn-69f4eae8e9f76\">\n<div class=\"jf-promo-box-content\">\n<div class=\"jf-promo-box-content-header-small text-center\">Beliebte Produkte<\/div>\n<h3 class=\"text-center\">Topseller bei der Handtuchreinigung<\/h3>\n<\/div>\n<\/div><div class=\"fsn-text fsn-69f4eae8e9f8e\">\n<div class=\"jf-boxes-horizontal-slider jf-products-viewer\">\n<div class=\"jf-boxes-horizontal-slider-container\">\n<div class=\"jf-boxes-horizontal-slide\">\n<p><img decoding=\"async\" src=\"https:\/\/staging-www.jonnyfresh.com\/wp-content\/uploads\/2022\/03\/mikrofasertuch.png\" alt=\"Mikrofaser-\/ Bodentuch\" width=\"179\" height=\"168\" class=\"alignnone wp-image-19570 size-full\" \/><\/p>\n<div class=\"jf-boxes-horizontal-slide-content\">\n<div class=\"jf-horizontal-slide-header\">Mikrofaser-\/ Bodentuch<\/div>\n<\/div>\n<\/div>\n<div class=\"jf-boxes-horizontal-slide\">\n<p><img decoding=\"async\" src=\"https:\/\/staging-www.jonnyfresh.com\/wp-content\/uploads\/2022\/03\/geschirrhandtuch.png\" alt=\"Geschirrhandtuch\" width=\"179\" height=\"168\" class=\"alignnone wp-image-19574 size-full\" \/><\/p>\n<div class=\"jf-boxes-horizontal-slide-content\">\n<div class=\"jf-horizontal-slide-header\">Geschirrhandtuch<\/div>\n<\/div>\n<\/div>\n<div class=\"jf-boxes-horizontal-slide\">\n<p><img decoding=\"async\" src=\"https:\/\/staging-www.jonnyfresh.com\/wp-content\/uploads\/2022\/03\/handtuch.png\" alt=\"Handtuch bis 1m L\u00e4nge\" width=\"179\" height=\"168\" class=\"alignnone wp-image-19584 size-full\" \/><\/p>\n<div class=\"jf-boxes-horizontal-slide-content\">\n<div class=\"jf-horizontal-slide-header\">Handtuch bis 1m L\u00e4nge<\/div>\n<\/div>\n<\/div>\n<\/div>\n<\/div>\n<\/div><\/div><\/div><\/div><\/div><\/div>\n","protected":false},"excerpt":{"rendered":"","protected":false},"author":17,"featured_media":0,"parent":0,"menu_order":266,"comment_status":"closed","ping_status":"closed","template":"","meta":{"inline_featured_image":false,"footnotes":""},"categories":[],"tags":[],"class_list":["post-26491","page","type-page","status-publish","hentry"],"yoast_head":"<!-- This site is optimized with the Yoast SEO plugin v25.3 - https:\/\/yoast.com\/wordpress\/plugins\/seo\/ -->\n<title>Handtuchreinigung \u00bb Kontaktiere uns jetzt online!<\/title>\n<meta name=\"description\" content=\"Handtuchreinigung \u00bb Service inkl. Abholung &amp; Lieferung \u2713 F\u00fcr Privat- &amp; Gesch\u00e4ftskunden \u2713 Einfach &amp; zuverl\u00e4ssig \u2713 \u00bb Jetzt Termin vereinbaren!\" \/>\n<meta name=\"robots\" content=\"index, follow, max-snippet:-1, max-image-preview:large, max-video-preview:-1\" \/>\n<link rel=\"canonical\" href=\"https:\/\/staging-www.jonnyfresh.com\/at\/handtuchreinigung\/\" \/>\n<meta property=\"og:locale\" content=\"de_DE\" \/>\n<meta property=\"og:type\" content=\"article\" \/>\n<meta property=\"og:title\" content=\"Handtuchreinigung \u00bb Kontaktiere uns jetzt online!\" \/>\n<meta property=\"og:description\" content=\"Handtuchreinigung \u00bb Service inkl. Abholung &amp; Lieferung \u2713 F\u00fcr Privat- &amp; Gesch\u00e4ftskunden \u2713 Einfach &amp; zuverl\u00e4ssig \u2713 \u00bb Jetzt Termin vereinbaren!\" \/>\n<meta property=\"og:url\" content=\"https:\/\/staging-www.jonnyfresh.com\/at\/handtuchreinigung\/\" \/>\n<meta property=\"og:site_name\" content=\"jonnyfresh\" \/>\n<meta property=\"article:modified_time\" content=\"2023-05-09T06:43:07+00:00\" \/>\n<meta property=\"og:image\" content=\"https:\/\/staging-www.jonnyfresh.com\/wp-content\/uploads\/2022\/02\/jonny_fresh_handtuchreinigung.jpg\" \/>\n<meta name=\"twitter:card\" content=\"summary_large_image\" \/>\n<meta name=\"twitter:label1\" content=\"Est. reading time\" \/>\n\t<meta name=\"twitter:data1\" content=\"3 minutes\" \/>\n<script type=\"application\/ld+json\" class=\"yoast-schema-graph\">{\"@context\":\"https:\/\/schema.org\",\"@graph\":[{\"@type\":\"WebPage\",\"@id\":\"https:\/\/staging-www.jonnyfresh.com\/at\/handtuchreinigung\/\",\"url\":\"https:\/\/staging-www.jonnyfresh.com\/at\/handtuchreinigung\/\",\"name\":\"Handtuchreinigung \u00bb Kontaktiere uns jetzt online!\",\"isPartOf\":{\"@id\":\"https:\/\/staging-www.jonnyfresh.com\/at\/#website\"},\"primaryImageOfPage\":{\"@id\":\"https:\/\/staging-www.jonnyfresh.com\/at\/handtuchreinigung\/#primaryimage\"},\"image\":{\"@id\":\"https:\/\/staging-www.jonnyfresh.com\/at\/handtuchreinigung\/#primaryimage\"},\"thumbnailUrl\":\"https:\/\/staging-www.jonnyfresh.com\/wp-content\/uploads\/2022\/02\/jonny_fresh_handtuchreinigung.jpg\",\"datePublished\":\"2018-04-03T10:17:19+00:00\",\"dateModified\":\"2023-05-09T06:43:07+00:00\",\"description\":\"Handtuchreinigung \u00bb Service inkl. Abholung & Lieferung \u2713 F\u00fcr Privat- & Gesch\u00e4ftskunden \u2713 Einfach & zuverl\u00e4ssig \u2713 \u00bb Jetzt Termin vereinbaren!\",\"inLanguage\":\"de-AT\",\"potentialAction\":[{\"@type\":\"ReadAction\",\"target\":[\"https:\/\/staging-www.jonnyfresh.com\/at\/handtuchreinigung\/\"]}]},{\"@type\":\"ImageObject\",\"inLanguage\":\"de-AT\",\"@id\":\"https:\/\/staging-www.jonnyfresh.com\/at\/handtuchreinigung\/#primaryimage\",\"url\":\"https:\/\/staging-www.jonnyfresh.com\/wp-content\/uploads\/2022\/02\/jonny_fresh_handtuchreinigung.jpg\",\"contentUrl\":\"https:\/\/staging-www.jonnyfresh.com\/wp-content\/uploads\/2022\/02\/jonny_fresh_handtuchreinigung.jpg\"},{\"@type\":\"WebSite\",\"@id\":\"https:\/\/staging-www.jonnyfresh.com\/at\/#website\",\"url\":\"https:\/\/staging-www.jonnyfresh.com\/at\/\",\"name\":\"jonnyfresh\",\"description\":\"Eine weitere WordPress Website\",\"potentialAction\":[{\"@type\":\"SearchAction\",\"target\":{\"@type\":\"EntryPoint\",\"urlTemplate\":\"https:\/\/staging-www.jonnyfresh.com\/at\/?s={search_term_string}\"},\"query-input\":{\"@type\":\"PropertyValueSpecification\",\"valueRequired\":true,\"valueName\":\"search_term_string\"}}],\"inLanguage\":\"de-AT\"}]}<\/script>\n<!-- \/ Yoast SEO plugin. -->","yoast_head_json":{"title":"Handtuchreinigung \u00bb Kontaktiere uns jetzt online!","description":"Handtuchreinigung \u00bb Service inkl. Abholung & Lieferung \u2713 F\u00fcr Privat- & Gesch\u00e4ftskunden \u2713 Einfach & zuverl\u00e4ssig \u2713 \u00bb Jetzt Termin vereinbaren!","robots":{"index":"index","follow":"follow","max-snippet":"max-snippet:-1","max-image-preview":"max-image-preview:large","max-video-preview":"max-video-preview:-1"},"canonical":"https:\/\/staging-www.jonnyfresh.com\/at\/handtuchreinigung\/","og_locale":"de_DE","og_type":"article","og_title":"Handtuchreinigung \u00bb Kontaktiere uns jetzt online!","og_description":"Handtuchreinigung \u00bb Service inkl. Abholung & Lieferung \u2713 F\u00fcr Privat- & Gesch\u00e4ftskunden \u2713 Einfach & zuverl\u00e4ssig \u2713 \u00bb Jetzt Termin vereinbaren!","og_url":"https:\/\/staging-www.jonnyfresh.com\/at\/handtuchreinigung\/","og_site_name":"jonnyfresh","article_modified_time":"2023-05-09T06:43:07+00:00","og_image":[{"url":"https:\/\/staging-www.jonnyfresh.com\/wp-content\/uploads\/2022\/02\/jonny_fresh_handtuchreinigung.jpg","type":"","width":"","height":""}],"twitter_card":"summary_large_image","twitter_misc":{"Est. reading time":"3 minutes"},"schema":{"@context":"https:\/\/schema.org","@graph":[{"@type":"WebPage","@id":"https:\/\/staging-www.jonnyfresh.com\/at\/handtuchreinigung\/","url":"https:\/\/staging-www.jonnyfresh.com\/at\/handtuchreinigung\/","name":"Handtuchreinigung \u00bb Kontaktiere uns jetzt online!","isPartOf":{"@id":"https:\/\/staging-www.jonnyfresh.com\/at\/#website"},"primaryImageOfPage":{"@id":"https:\/\/staging-www.jonnyfresh.com\/at\/handtuchreinigung\/#primaryimage"},"image":{"@id":"https:\/\/staging-www.jonnyfresh.com\/at\/handtuchreinigung\/#primaryimage"},"thumbnailUrl":"https:\/\/staging-www.jonnyfresh.com\/wp-content\/uploads\/2022\/02\/jonny_fresh_handtuchreinigung.jpg","datePublished":"2018-04-03T10:17:19+00:00","dateModified":"2023-05-09T06:43:07+00:00","description":"Handtuchreinigung \u00bb Service inkl. Abholung & Lieferung \u2713 F\u00fcr Privat- & Gesch\u00e4ftskunden \u2713 Einfach & zuverl\u00e4ssig \u2713 \u00bb Jetzt Termin vereinbaren!","inLanguage":"de-AT","potentialAction":[{"@type":"ReadAction","target":["https:\/\/staging-www.jonnyfresh.com\/at\/handtuchreinigung\/"]}]},{"@type":"ImageObject","inLanguage":"de-AT","@id":"https:\/\/staging-www.jonnyfresh.com\/at\/handtuchreinigung\/#primaryimage","url":"https:\/\/staging-www.jonnyfresh.com\/wp-content\/uploads\/2022\/02\/jonny_fresh_handtuchreinigung.jpg","contentUrl":"https:\/\/staging-www.jonnyfresh.com\/wp-content\/uploads\/2022\/02\/jonny_fresh_handtuchreinigung.jpg"},{"@type":"WebSite","@id":"https:\/\/staging-www.jonnyfresh.com\/at\/#website","url":"https:\/\/staging-www.jonnyfresh.com\/at\/","name":"jonnyfresh","description":"Eine weitere WordPress Website","potentialAction":[{"@type":"SearchAction","target":{"@type":"EntryPoint","urlTemplate":"https:\/\/staging-www.jonnyfresh.com\/at\/?s={search_term_string}"},"query-input":{"@type":"PropertyValueSpecification","valueRequired":true,"valueName":"search_term_string"}}],"inLanguage":"de-AT"}]}},"_links":{"self":[{"href":"https:\/\/staging-www.jonnyfresh.com\/at\/wp-json\/wp\/v2\/pages\/26491","targetHints":{"allow":["GET"]}}],"collection":[{"href":"https:\/\/staging-www.jonnyfresh.com\/at\/wp-json\/wp\/v2\/pages"}],"about":[{"href":"https:\/\/staging-www.jonnyfresh.com\/at\/wp-json\/wp\/v2\/types\/page"}],"author":[{"embeddable":true,"href":"https:\/\/staging-www.jonnyfresh.com\/at\/wp-json\/wp\/v2\/users\/17"}],"replies":[{"embeddable":true,"href":"https:\/\/staging-www.jonnyfresh.com\/at\/wp-json\/wp\/v2\/comments?post=26491"}],"version-history":[{"count":3,"href":"https:\/\/staging-www.jonnyfresh.com\/at\/wp-json\/wp\/v2\/pages\/26491\/revisions"}],"predecessor-version":[{"id":35521,"href":"https:\/\/staging-www.jonnyfresh.com\/at\/wp-json\/wp\/v2\/pages\/26491\/revisions\/35521"}],"wp:attachment":[{"href":"https:\/\/staging-www.jonnyfresh.com\/at\/wp-json\/wp\/v2\/media?parent=26491"}],"wp:term":[{"taxonomy":"category","embeddable":true,"href":"https:\/\/staging-www.jonnyfresh.com\/at\/wp-json\/wp\/v2\/categories?post=26491"},{"taxonomy":"post_tag","embeddable":true,"href":"https:\/\/staging-www.jonnyfresh.com\/at\/wp-json\/wp\/v2\/tags?post=26491"}],"curies":[{"name":"wp","href":"https:\/\/api.w.org\/{rel}","templated":true}]}}