{"id":26487,"date":"2018-06-18T13:29:41","date_gmt":"2018-06-18T11:29:41","guid":{"rendered":"https:\/\/staging-www.jonnyfresh.com\/kundenservice\/"},"modified":"2024-03-05T17:19:12","modified_gmt":"2024-03-05T16:19:12","slug":"kundenservice","status":"publish","type":"page","link":"https:\/\/staging-www.jonnyfresh.com\/at\/kundenservice\/","title":{"rendered":"Kontaktiere uns"},"content":{"rendered":"<div class=\"fsn-row full-width-row fsn-69e73d17d46a2 jf-promo light\" style=\"background-repeat:repeat;background-position:left top;background-attachment:scroll;background-size:auto;\"><div class=\"container\"><div class=\"row\"><div class=\"col-12 col-md-7 order-2 order-md-1 text-center text-md-start jf-promo-content\"><div class=\"fsn-column-inner fsn-69e73d17d4740 light\"><div class=\"fsn-text fsn-69e73d17d47a6 jf-promo-text\">\n<h1 class=\"jf-promo-header-big\"><a href=\"https:\/\/staging-www.jonnyfresh.com\/at\/faq\/\">Hast du schon unsere FAQ gesehen?<\/a><\/h1>\n<h2>Alles zum Thema Bestellung, Reinigung und Lieferservice<\/h2>\n<p class=\"jf-promo-content-button jf-hide-native\"><a href=\"https:\/\/staging-www.jonnyfresh.com\/at\/faq\/\" class=\"btn btn-secondary btn-lg\">Hier geht&#8217;s zu den FAQ<\/a><\/p>\n<\/div><div id=\"component-26426\" class=\"component fsn-69e73d17d4bbc\"><div  class=\"fsn-row full-width-container fsn-69e73d17d4d35 light\" style=\"background-repeat:repeat;background-position:left top;background-attachment:scroll;background-size:auto;\"><div class=\"row\"><div class=\"col-sm-12\"><div class=\"fsn-column-inner fsn-69e73d17d4d82 light\"><div class=\"fsn-text fsn-69e73d17d4db6\">\n<p>Noch Fragen?<\/p>\n<nav class=\"jf-phone-numbers\"><a href=\"tel:0800700020\" class=\"jf-at-phone-number\"><img decoding=\"async\" src=\"https:\/\/static.jonnyfresh.com\/wp-content\/uploads\/flags\/at.png\" alt=\"Austria flag\" width=\"17\" height=\"17\" \/> 0800 700 020 <span class=\"material-icons\">phone<\/span><\/a><\/nav>\n<\/div><\/div><\/div><\/div><\/div>\n<\/div><\/div><\/div><div class=\"col-12 col-md-5 order-1 order-md-2 jf-promo-img-container\"><div class=\"fsn-column-inner fsn-69e73d17d4df1 light\"><div class=\"fsn-text fsn-69e73d17d4e1d\">\n<div class=\"jf-promo-img-mask\"><img decoding=\"async\" src=\"https:\/\/staging-www.jonnyfresh.com\/wp-content\/uploads\/2022\/02\/jonny_fresh_kundenservice.jpg\" alt=\"Hast du schon unsere FAQ gesehen?\" class=\"alignnone size-full wp-image-18571 jf-promo-img\" width=\"100%\" height=\"100%\" \/><\/div>\n<div class=\"jf-promo-img-mask-shadow\"><\/div>\n<\/div><\/div><\/div><\/div><\/div><\/div><div  class=\"fsn-row full-width-container fsn-69e73d17d4e52 light\" style=\"background-repeat:repeat;background-position:left top;background-attachment:scroll;background-size:auto;\"><div class=\"row\"><div class=\"col-sm-12\"><div class=\"fsn-column-inner fsn-69e73d17d4e82 light\"><div id=\"component-26441\" class=\"component fsn-69e73d17d529f\"><div class=\"fsn-row full-width-row fsn-69e73d17d5ee2 jf-our-clients light\" style=\"background-repeat:repeat;background-position:left top;background-attachment:scroll;background-size:auto;\"><div class=\"container\"><div class=\"row\"><div class=\"col-sm-12\"><div class=\"fsn-column-inner fsn-69e73d17d5f46 light\"><div class=\"fsn-text fsn-69e73d17d5f83\">\n<div class=\"owl-carousel\">\n<div><img decoding=\"async\" src=\"https:\/\/staging-www.jonnyfresh.com\/wp-content\/uploads\/2022\/01\/handelsblatt_logo.png\" alt=\"Handelsblatt\" width=\"155\" height=\"44\" class=\"alignnone wp-image-18785\" data-no-lazy=\"1\" srcset=\"https:\/\/media.jonnyfresh.com\/wp-content\/uploads\/2022\/01\/handelsblatt_logo.png 310w, https:\/\/media.jonnyfresh.com\/wp-content\/uploads\/2022\/01\/handelsblatt_logo-300x85.png 300w\" sizes=\"(max-width: 768px) 70vw, 640px\" \/><\/div>\n<div><img decoding=\"async\" src=\"https:\/\/staging-www.jonnyfresh.com\/wp-content\/uploads\/2022\/01\/n-tv_logo.png\" alt=\"N-TV\" width=\"155\" height=\"44\" class=\"alignnone wp-image-18791\" data-no-lazy=\"1\" srcset=\"https:\/\/media.jonnyfresh.com\/wp-content\/uploads\/2022\/01\/n-tv_logo.png 310w, https:\/\/media.jonnyfresh.com\/wp-content\/uploads\/2022\/01\/n-tv_logo-300x85.png 300w\" sizes=\"(max-width: 768px) 70vw, 640px\" \/><\/div>\n<div><img decoding=\"async\" src=\"https:\/\/staging-www.jonnyfresh.com\/wp-content\/uploads\/2022\/01\/prosieben_logo.png\" alt=\"ProSieben\" width=\"155\" height=\"44\" class=\"alignnone wp-image-18795\" data-no-lazy=\"1\" srcset=\"https:\/\/media.jonnyfresh.com\/wp-content\/uploads\/2022\/01\/prosieben_logo.png 310w, https:\/\/media.jonnyfresh.com\/wp-content\/uploads\/2022\/01\/prosieben_logo-300x85.png 300w\" sizes=\"(max-width: 768px) 70vw, 640px\" \/><\/div>\n<div><img decoding=\"async\" src=\"https:\/\/staging-www.jonnyfresh.com\/wp-content\/uploads\/2022\/01\/glamour_logo.png\" alt=\"Glamour\" width=\"155\" height=\"44\" class=\"alignnone wp-image-18799\" data-no-lazy=\"1\" srcset=\"https:\/\/media.jonnyfresh.com\/wp-content\/uploads\/2022\/01\/glamour_logo.png 310w, https:\/\/media.jonnyfresh.com\/wp-content\/uploads\/2022\/01\/glamour_logo-300x85.png 300w\" sizes=\"(max-width: 768px) 70vw, 640px\" \/><\/div>\n<div><img decoding=\"async\" src=\"https:\/\/staging-www.jonnyfresh.com\/wp-content\/uploads\/2022\/01\/gq_logo.png\" alt=\"GQ\" width=\"155\" height=\"44\" class=\"alignnone wp-image-18803\" data-no-lazy=\"1\" srcset=\"https:\/\/media.jonnyfresh.com\/wp-content\/uploads\/2022\/01\/gq_logo.png 310w, https:\/\/media.jonnyfresh.com\/wp-content\/uploads\/2022\/01\/gq_logo-300x85.png 300w\" sizes=\"(max-width: 768px) 70vw, 640px\" \/><\/div>\n<div><img decoding=\"async\" src=\"https:\/\/staging-www.jonnyfresh.com\/wp-content\/uploads\/2022\/01\/wirtschaftswoche_logo.png\" alt=\"Wirtschaftswoche\" width=\"155\" height=\"44\" class=\"alignnone wp-image-18807\" data-no-lazy=\"1\" srcset=\"https:\/\/media.jonnyfresh.com\/wp-content\/uploads\/2022\/01\/wirtschaftswoche_logo.png 310w, https:\/\/media.jonnyfresh.com\/wp-content\/uploads\/2022\/01\/wirtschaftswoche_logo-300x85.png 300w\" sizes=\"(max-width: 768px) 70vw, 640px\" \/><\/div>\n<\/div>\n<\/div><\/div><\/div><\/div><\/div><\/div>\n<\/div><\/div><\/div><\/div><\/div><div class=\"fsn-row full-width-row fsn-69e73d17d5fde jf-promo-box jf-promo-box-light light\" style=\"background-repeat:repeat;background-position:left top;background-attachment:scroll;background-size:auto;\"><div class=\"container\"><div class=\"row\"><div class=\"col-sm-12\"><div class=\"fsn-column-inner fsn-69e73d17d602b jf-promo-box-content light\"><div class=\"fsn-text fsn-69e73d17d605e\">\n<h3 style=\"text-align: center;\">Wir helfen dir gern!<\/h3>\n<p>Du hast unsere FAQ gesehen und deine Frage konnte nicht beantwortet werden? Du m\u00f6chtest lieber direkt mit uns Kontakt aufnehmen?<br \/>\nKein Problem! Wir sind f\u00fcr dich von Montag bis Donnerstag von 07-17 Uhr da und freitags erreichst du uns von 07-13 Uhr. Ruf uns an unter <a href=\"tel:0800700020\">0800\u00a0700\u00a0020<\/a> \u00a0oder nutze das Kontaktformular, um uns zu schreiben!<\/p>\n<\/div><\/div><\/div><\/div><\/div><\/div><div id=\"jf-contact-form\" class=\"fsn-row full-width-row fsn-69e73d17d6090 jf-content-box jf-content-box-alt jf-business-contact-form light\" style=\"background-repeat:repeat;background-position:left top;background-attachment:scroll;background-size:auto;\"><div class=\"container\"><div class=\"row\"><div class=\"col-sm-12\"><div class=\"fsn-column-inner fsn-69e73d17d60d0 light\"><div  class=\"fsn-row full-width-container fsn-69e73d17d610a light\" style=\"background-repeat:repeat;background-position:left top;background-attachment:scroll;background-size:auto;\"><div class=\"row\"><div class=\"col-12 col-lg-5 jf-content-box-content\"><div class=\"fsn-column-inner fsn-69e73d17d6142 light\"><div class=\"fsn-text fsn-69e73d17d616d\">\n<div class=\"jf-content-box-small-header\">Wir helfen dir gern<\/div>\n<h3>Du hast noch Fragen oder<br \/>\nein besonderes Anliegen?<\/h3>\n<p>Du hast auf deine Frage keine passende Antwort in unseren FAQ finden k\u00f6nnen? Kein Problem, schreib uns einfach \u00fcber das Kontaktformular an. Wir k\u00fcmmern uns umgehend um dein Anliegen und melden uns schnellstm\u00f6glich bei dir zur\u00fcck.<\/p>\n<p>Wir freuen uns von dir zu h\u00f6ren und dich weiterhin mit frischer W\u00e4sche zu versorgen.<\/p>\n<\/div><\/div><\/div><div class=\"col-12 col-lg-7\"><div class=\"fsn-column-inner fsn-69e73d17d6197 light\"><div class=\"fsn-text fsn-69e73d17d61bd\">\n<iframe id=\"jfSalesForceContactForm\" style=\"width: 100%;\" data-src=\"https:\/\/jonnyfresh--pre--c.visualforce.com\/apex\/ContactUs\" data-lang=\"de\" scrolling=\"no\" onload=\"salesForceIframeManager.handleOnLoad(this)\"><\/iframe>\n<\/div><\/div><\/div><\/div><\/div><\/div><\/div><\/div><\/div><\/div><div  class=\"fsn-row full-width-container fsn-69e73d17d6215 light\" style=\"background-repeat:repeat;background-position:left top;background-attachment:scroll;background-size:auto;\"><div class=\"row\"><div class=\"col-sm-12\"><div class=\"fsn-column-inner fsn-69e73d17d6249 light\"><div id=\"component-26430\" class=\"component fsn-69e73d17d6655\"><div class=\"fsn-row full-width-row fsn-69e73d17d72c1 jf-content-box jf-content-box-download-app light\" style=\"background-repeat:repeat;background-position:left top;background-attachment:scroll;background-size:auto;\"><div class=\"container\"><div class=\"row\"><div class=\"col-sm-12\"><div class=\"fsn-column-inner fsn-69e73d17d7329 light\"><div  class=\"fsn-row full-width-container fsn-69e73d17d7374 light\" style=\"background-repeat:repeat;background-position:left top;background-attachment:scroll;background-size:auto;\"><div class=\"row\"><div class=\"col-12 col-lg-6 jf-content-box-content order-1 order-lg-2 d-flex align-items-center\"><div class=\"fsn-column-inner fsn-69e73d17d73be light\"><div class=\"fsn-text fsn-69e73d17d7404\">\n<h4>W\u00e4schewaschen mit dem Smartphone<\/h4>\n<h3>10% Gutschein exklusiv in unserer Jonny Fresh App<\/h3>\n<p>Du m\u00f6chtest 10 % bei deiner Bestellung sparen? Lade dir einfach die W\u00e4sche-App von Jonny Fresh auf dein Smartphone \u2013 f\u00fcr Android und iOS verf\u00fcgbar. So buchst du deine Textilreinigung mit nur wenigen Klicks, wann und wo du gerade bist, und hast den Status immer im Blick. Nutze bei deiner Bestellung den <strong>Gutscheincode APP10<\/strong> und sichere dir 10 % Rabatt.*<br \/>F\u00fcr Privatkunden in <strong>Berlin, Frankfurt, Hamburg, Hannover, Potsdam, M\u00fcnchen und Wien<\/strong> verf\u00fcgbar.<\/p>\n<p>*G\u00fcltig ab 25 \u20ac Mindestbestellwert. Einmalig in der App einl\u00f6sbar. Nicht mit anderen Aktionen kombinierbar. G\u00fcltig bis 13.07.2025.<\/p>\n<p><a href=\"https:\/\/apps.apple.com\/de\/app\/jonny-fresh-textilreinigung\/id1024534584\" target=\"_blank\" rel=\"noopener\"><img decoding=\"async\" src=\"https:\/\/media.jonnyfresh.com\/wp-content\/uploads\/2022\/01\/download-apple.png\" alt=\"Laden Sie die Jonny Fresh-App aus dem Apple Store herunter\" width=\"103\" height=\"30\" class=\"alignnone wp-image-18543\"><\/a><a href=\"https:\/\/play.google.com\/store\/apps\/details?id=de.jonnyfresh.jonnyfresh\" target=\"_blank\" rel=\"noopener\"><img decoding=\"async\" src=\"https:\/\/media.jonnyfresh.com\/wp-content\/uploads\/2022\/01\/download-google.png\" alt=\"Laden Sie die Jonny Fresh-App von Google Play herunter\" width=\"103\" height=\"30\" class=\"alignnone wp-image-18547\"><\/a><\/p>\n<\/div><\/div><\/div><div class=\"col-12 col-lg-6 d-flex justify-content-center order-2 order-lg-1\"><div class=\"fsn-column-inner fsn-69e73d17d742e light\"><div class=\"fsn-text fsn-69e73d17d7501\">\n<p><img decoding=\"async\" src=\"https:\/\/media.jonnyfresh.com\/wp-content\/uploads\/2024\/03\/waesche_waschen_mit_dem_smartphone.jpg\" alt=\"Jonny Fresh mobile app\" width=\"451\" height=\"607\" class=\"alignnone wp-image-19055\"><\/p>\n<\/div><\/div><\/div><\/div><\/div><\/div><\/div><\/div><\/div><\/div>\n<\/div><\/div><\/div><\/div><\/div>\n","protected":false},"excerpt":{"rendered":"","protected":false},"author":17,"featured_media":0,"parent":0,"menu_order":235,"comment_status":"closed","ping_status":"closed","template":"","meta":{"inline_featured_image":false,"footnotes":""},"categories":[],"tags":[],"class_list":["post-26487","page","type-page","status-publish","hentry"],"yoast_head":"<!-- This site is optimized with the Yoast SEO plugin v25.3 - https:\/\/yoast.com\/wordpress\/plugins\/seo\/ -->\n<title>Kundenservice \u00bb Kontaktiere uns jetzt kostenlos!<\/title>\n<meta name=\"description\" content=\"Kundenservice \u00bb kostenlos &amp; unverbindlich \u2713 schnell &amp; zuverl\u00e4ssig \u2713 Putzereiservice in Premium Qualit\u00e4t \u2713 \u00bb Kontaktiere uns jetzt f\u00fcr Hilfe!\" \/>\n<meta name=\"robots\" content=\"index, follow, max-snippet:-1, max-image-preview:large, max-video-preview:-1\" \/>\n<link rel=\"canonical\" href=\"https:\/\/staging-www.jonnyfresh.com\/at\/kundenservice\/\" \/>\n<meta property=\"og:locale\" content=\"de_DE\" \/>\n<meta property=\"og:type\" content=\"article\" \/>\n<meta property=\"og:title\" content=\"Kundenservice \u00bb Kontaktiere uns jetzt kostenlos!\" \/>\n<meta property=\"og:description\" content=\"Kundenservice \u00bb kostenlos &amp; unverbindlich \u2713 schnell &amp; zuverl\u00e4ssig \u2713 Putzereiservice in Premium Qualit\u00e4t \u2713 \u00bb Kontaktiere uns jetzt f\u00fcr Hilfe!\" \/>\n<meta property=\"og:url\" content=\"https:\/\/staging-www.jonnyfresh.com\/at\/kundenservice\/\" \/>\n<meta property=\"og:site_name\" content=\"jonnyfresh\" \/>\n<meta property=\"article:modified_time\" content=\"2024-03-05T16:19:12+00:00\" \/>\n<meta property=\"og:image\" content=\"https:\/\/staging-www.jonnyfresh.com\/wp-content\/uploads\/2022\/02\/jonny_fresh_kundenservice.jpg\" \/>\n<meta name=\"twitter:card\" content=\"summary_large_image\" \/>\n<meta name=\"twitter:label1\" content=\"Est. reading time\" \/>\n\t<meta name=\"twitter:data1\" content=\"2 minutes\" \/>\n<script type=\"application\/ld+json\" class=\"yoast-schema-graph\">{\"@context\":\"https:\/\/schema.org\",\"@graph\":[{\"@type\":\"WebPage\",\"@id\":\"https:\/\/staging-www.jonnyfresh.com\/at\/kundenservice\/\",\"url\":\"https:\/\/staging-www.jonnyfresh.com\/at\/kundenservice\/\",\"name\":\"Kundenservice \u00bb Kontaktiere uns jetzt kostenlos!\",\"isPartOf\":{\"@id\":\"https:\/\/staging-www.jonnyfresh.com\/at\/#website\"},\"primaryImageOfPage\":{\"@id\":\"https:\/\/staging-www.jonnyfresh.com\/at\/kundenservice\/#primaryimage\"},\"image\":{\"@id\":\"https:\/\/staging-www.jonnyfresh.com\/at\/kundenservice\/#primaryimage\"},\"thumbnailUrl\":\"https:\/\/staging-www.jonnyfresh.com\/wp-content\/uploads\/2022\/02\/jonny_fresh_kundenservice.jpg\",\"datePublished\":\"2018-06-18T11:29:41+00:00\",\"dateModified\":\"2024-03-05T16:19:12+00:00\",\"description\":\"Kundenservice \u00bb kostenlos & unverbindlich \u2713 schnell & zuverl\u00e4ssig \u2713 Putzereiservice in Premium Qualit\u00e4t \u2713 \u00bb Kontaktiere uns jetzt f\u00fcr Hilfe!\",\"inLanguage\":\"de-AT\",\"potentialAction\":[{\"@type\":\"ReadAction\",\"target\":[\"https:\/\/staging-www.jonnyfresh.com\/at\/kundenservice\/\"]}]},{\"@type\":\"ImageObject\",\"inLanguage\":\"de-AT\",\"@id\":\"https:\/\/staging-www.jonnyfresh.com\/at\/kundenservice\/#primaryimage\",\"url\":\"https:\/\/staging-www.jonnyfresh.com\/wp-content\/uploads\/2022\/02\/jonny_fresh_kundenservice.jpg\",\"contentUrl\":\"https:\/\/staging-www.jonnyfresh.com\/wp-content\/uploads\/2022\/02\/jonny_fresh_kundenservice.jpg\"},{\"@type\":\"WebSite\",\"@id\":\"https:\/\/staging-www.jonnyfresh.com\/at\/#website\",\"url\":\"https:\/\/staging-www.jonnyfresh.com\/at\/\",\"name\":\"jonnyfresh\",\"description\":\"Eine weitere WordPress Website\",\"potentialAction\":[{\"@type\":\"SearchAction\",\"target\":{\"@type\":\"EntryPoint\",\"urlTemplate\":\"https:\/\/staging-www.jonnyfresh.com\/at\/?s={search_term_string}\"},\"query-input\":{\"@type\":\"PropertyValueSpecification\",\"valueRequired\":true,\"valueName\":\"search_term_string\"}}],\"inLanguage\":\"de-AT\"}]}<\/script>\n<!-- \/ Yoast SEO plugin. -->","yoast_head_json":{"title":"Kundenservice \u00bb Kontaktiere uns jetzt kostenlos!","description":"Kundenservice \u00bb kostenlos & unverbindlich \u2713 schnell & zuverl\u00e4ssig \u2713 Putzereiservice in Premium Qualit\u00e4t \u2713 \u00bb Kontaktiere uns jetzt f\u00fcr Hilfe!","robots":{"index":"index","follow":"follow","max-snippet":"max-snippet:-1","max-image-preview":"max-image-preview:large","max-video-preview":"max-video-preview:-1"},"canonical":"https:\/\/staging-www.jonnyfresh.com\/at\/kundenservice\/","og_locale":"de_DE","og_type":"article","og_title":"Kundenservice \u00bb Kontaktiere uns jetzt kostenlos!","og_description":"Kundenservice \u00bb kostenlos & unverbindlich \u2713 schnell & zuverl\u00e4ssig \u2713 Putzereiservice in Premium Qualit\u00e4t \u2713 \u00bb Kontaktiere uns jetzt f\u00fcr Hilfe!","og_url":"https:\/\/staging-www.jonnyfresh.com\/at\/kundenservice\/","og_site_name":"jonnyfresh","article_modified_time":"2024-03-05T16:19:12+00:00","og_image":[{"url":"https:\/\/staging-www.jonnyfresh.com\/wp-content\/uploads\/2022\/02\/jonny_fresh_kundenservice.jpg","type":"","width":"","height":""}],"twitter_card":"summary_large_image","twitter_misc":{"Est. reading time":"2 minutes"},"schema":{"@context":"https:\/\/schema.org","@graph":[{"@type":"WebPage","@id":"https:\/\/staging-www.jonnyfresh.com\/at\/kundenservice\/","url":"https:\/\/staging-www.jonnyfresh.com\/at\/kundenservice\/","name":"Kundenservice \u00bb Kontaktiere uns jetzt kostenlos!","isPartOf":{"@id":"https:\/\/staging-www.jonnyfresh.com\/at\/#website"},"primaryImageOfPage":{"@id":"https:\/\/staging-www.jonnyfresh.com\/at\/kundenservice\/#primaryimage"},"image":{"@id":"https:\/\/staging-www.jonnyfresh.com\/at\/kundenservice\/#primaryimage"},"thumbnailUrl":"https:\/\/staging-www.jonnyfresh.com\/wp-content\/uploads\/2022\/02\/jonny_fresh_kundenservice.jpg","datePublished":"2018-06-18T11:29:41+00:00","dateModified":"2024-03-05T16:19:12+00:00","description":"Kundenservice \u00bb kostenlos & unverbindlich \u2713 schnell & zuverl\u00e4ssig \u2713 Putzereiservice in Premium Qualit\u00e4t \u2713 \u00bb Kontaktiere uns jetzt f\u00fcr Hilfe!","inLanguage":"de-AT","potentialAction":[{"@type":"ReadAction","target":["https:\/\/staging-www.jonnyfresh.com\/at\/kundenservice\/"]}]},{"@type":"ImageObject","inLanguage":"de-AT","@id":"https:\/\/staging-www.jonnyfresh.com\/at\/kundenservice\/#primaryimage","url":"https:\/\/staging-www.jonnyfresh.com\/wp-content\/uploads\/2022\/02\/jonny_fresh_kundenservice.jpg","contentUrl":"https:\/\/staging-www.jonnyfresh.com\/wp-content\/uploads\/2022\/02\/jonny_fresh_kundenservice.jpg"},{"@type":"WebSite","@id":"https:\/\/staging-www.jonnyfresh.com\/at\/#website","url":"https:\/\/staging-www.jonnyfresh.com\/at\/","name":"jonnyfresh","description":"Eine weitere WordPress Website","potentialAction":[{"@type":"SearchAction","target":{"@type":"EntryPoint","urlTemplate":"https:\/\/staging-www.jonnyfresh.com\/at\/?s={search_term_string}"},"query-input":{"@type":"PropertyValueSpecification","valueRequired":true,"valueName":"search_term_string"}}],"inLanguage":"de-AT"}]}},"_links":{"self":[{"href":"https:\/\/staging-www.jonnyfresh.com\/at\/wp-json\/wp\/v2\/pages\/26487","targetHints":{"allow":["GET"]}}],"collection":[{"href":"https:\/\/staging-www.jonnyfresh.com\/at\/wp-json\/wp\/v2\/pages"}],"about":[{"href":"https:\/\/staging-www.jonnyfresh.com\/at\/wp-json\/wp\/v2\/types\/page"}],"author":[{"embeddable":true,"href":"https:\/\/staging-www.jonnyfresh.com\/at\/wp-json\/wp\/v2\/users\/17"}],"replies":[{"embeddable":true,"href":"https:\/\/staging-www.jonnyfresh.com\/at\/wp-json\/wp\/v2\/comments?post=26487"}],"version-history":[{"count":5,"href":"https:\/\/staging-www.jonnyfresh.com\/at\/wp-json\/wp\/v2\/pages\/26487\/revisions"}],"predecessor-version":[{"id":38109,"href":"https:\/\/staging-www.jonnyfresh.com\/at\/wp-json\/wp\/v2\/pages\/26487\/revisions\/38109"}],"wp:attachment":[{"href":"https:\/\/staging-www.jonnyfresh.com\/at\/wp-json\/wp\/v2\/media?parent=26487"}],"wp:term":[{"taxonomy":"category","embeddable":true,"href":"https:\/\/staging-www.jonnyfresh.com\/at\/wp-json\/wp\/v2\/categories?post=26487"},{"taxonomy":"post_tag","embeddable":true,"href":"https:\/\/staging-www.jonnyfresh.com\/at\/wp-json\/wp\/v2\/tags?post=26487"}],"curies":[{"name":"wp","href":"https:\/\/api.w.org\/{rel}","templated":true}]}}