{"id":26477,"date":"2019-06-13T15:24:04","date_gmt":"2019-06-13T13:24:04","guid":{"rendered":"https:\/\/staging-www.jonnyfresh.com\/ablauf-textilreinigung\/"},"modified":"2023-05-09T08:33:17","modified_gmt":"2023-05-09T06:33:17","slug":"ablauf-textilreinigung","status":"publish","type":"page","link":"https:\/\/staging-www.jonnyfresh.com\/at\/ablauf-textilreinigung\/","title":{"rendered":"Wie funktioniert Jonny Fresh?"},"content":{"rendered":"<div class=\"fsn-row full-width-row fsn-69e15a2a0385b jf-promo light\" style=\"background-repeat:repeat;background-position:left top;background-attachment:scroll;background-size:auto;\"><div class=\"container\"><div class=\"row\"><div class=\"col-12 col-md-7 order-2 order-md-1 text-center text-md-start jf-promo-content\"><div class=\"fsn-column-inner fsn-69e15a2a03921 light\"><div class=\"fsn-text fsn-69e15a2a0397e jf-promo-text\">\n<h1>Wie funktioniert die Putzerei bei Jonny Fresh?<\/h1>\n<h2>Deine Textilien frisch gewaschen, geb\u00fcgelt und geliefert<\/h2>\n<\/div><div id=\"component-26438\" class=\"component fsn-69e15a2a03ed3\"><div  class=\"fsn-row full-width-container fsn-69e15a2a0404f light seamless\" style=\"background-repeat:repeat;background-position:left top;background-attachment:scroll;background-size:auto;\"><div class=\"row\"><div class=\"col-sm-12\"><div class=\"fsn-column-inner fsn-69e15a2a0409a light\"><div class=\"fsn-code fsn-69e15a2a040ce\"><form action=\"https:\/\/staging-customerwebapp.jonnyfresh.com\/online-bestellen\/#c0\" method=\"get\" class=\"jf-form jf-postal-code-form\" autocomplete=\"off\">\r\n    <fieldset>\r\n        <div class=\"row\">\r\n            <div class=\"col-12 col-lg-7 jf-postal-code-container\">\r\n                <div class=\"input-group\">\r\n                    <div class=\"jf-spinner\"><\/div>\r\n                    <input type=\"hidden\" name=\"locale\" value=\"de_AT\">\r\n                    <input type=\"hidden\" name=\"postalCodeId\" value=\"\">\r\n                    <input type=\"hidden\" name=\"plz\" value=\"\">\r\n\t\t\t\t\t<input type=\"hidden\" name=\"corporate\" value=\"\">\r\n                    <input type=\"text\" maxlength=\"5\" name=\"plz\" class=\"form-control text-center text-lg-start jf-postal-code\" placeholder=\"Postleitzahl eingeben\">\r\n                    <span class=\"material-icons\">location_on<\/span>\r\n                <\/div>\r\n                <div class=\"jf-postal-code-results\">\r\n                    <ul><\/ul>\r\n                <\/div>\r\n            <\/div>\r\n            <div class=\"col-12 col-lg-5\">\r\n                 <div class=\"d-grid\">\r\n                     <a class=\"btn btn-secondary btn-lg\" href=\"#\" role=\"button\">Los geht's <span class=\"material-icons\">chevron_right<\/span>\r\n<\/a>\r\n                 <\/div>\r\n             <\/div>\r\n         <\/div>\r\n     <\/fieldset>\r\n<\/form><\/div><\/div><\/div><\/div><\/div>\n<\/div><div id=\"component-26426\" class=\"component fsn-69e15a2a04649\"><div  class=\"fsn-row full-width-container fsn-69e15a2a04876 light\" style=\"background-repeat:repeat;background-position:left top;background-attachment:scroll;background-size:auto;\"><div class=\"row\"><div class=\"col-sm-12\"><div class=\"fsn-column-inner fsn-69e15a2a04905 light\"><div class=\"fsn-text fsn-69e15a2a0495d\">\n<p>Noch Fragen?<\/p>\n<nav class=\"jf-phone-numbers\"><a href=\"tel:0800700020\" class=\"jf-at-phone-number\"><img decoding=\"async\" src=\"https:\/\/static.jonnyfresh.com\/wp-content\/uploads\/flags\/at.png\" alt=\"Austria flag\" width=\"17\" height=\"17\" \/> 0800 700 020 <span class=\"material-icons\">phone<\/span><\/a><\/nav>\n<\/div><\/div><\/div><\/div><\/div>\n<\/div><\/div><\/div><div class=\"col-12 col-md-5 order-1 order-md-2 jf-promo-img-container\"><div class=\"fsn-column-inner fsn-69e15a2a049c2 light\"><div class=\"fsn-text fsn-69e15a2a04a11\">\n<div class=\"jf-promo-img-mask\"><img decoding=\"async\" src=\"https:\/\/staging-www.jonnyfresh.com\/wp-content\/uploads\/2022\/02\/jonny_fresh_ablauf_textilreinigung.jpg\" alt=\"Wie funktioniert die Putzerei bei Jonny Fresh?\" class=\"alignnone size-full wp-image-18571 jf-promo-img\" width=\"100%\" height=\"100%\" \/><\/div>\n<div class=\"jf-promo-img-mask-shadow\"><\/div>\n<\/div><\/div><\/div><\/div><\/div><\/div><div class=\"fsn-row full-width-row fsn-69e15a2a04a91 jf-promo-box jf-promo-box-light light\" style=\"background-repeat:repeat;background-position:left top;background-attachment:scroll;background-size:auto;\"><div class=\"container\"><div class=\"row\"><div class=\"col-sm-12\"><div class=\"fsn-column-inner fsn-69e15a2a04c12 jf-promo-box-content light\"><div class=\"fsn-text fsn-69e15a2a04d5f\">\n<h3 style=\"text-align: center;\">Ablauf der Putzerei mit Bringdienst<\/h3>\n<p>Als Anbieter der mobilen <a href=\"\/at\/\">Putzerei<\/a> und W\u00e4scherei ist Jonny Fresh f\u00fcr die <strong>Erbringung der Reinigungsleistung<\/strong> unter Einhaltung strenger <a href=\"\/at\/hygiene-covid-19\/\">Hygienema\u00dfnahmen<\/a> zust\u00e4ndig. Allerdings f\u00fchren wir bei Jonny Fresh die Reinigung nicht selbstst\u00e4ndig durch, sondern arbeiten in den verschiedenen St\u00e4dten mit ausgew\u00e4hlten lokalen Anbietern aus der W\u00e4scherei- und Putzereibranche zusammen. Um unseren Kunden einen einheitlichen und m\u00f6glichst effizienten W\u00e4scheservice bieten zu k\u00f6nnen, funktioniert die <strong>Putzerei mit Abhol- und Bringdienst<\/strong> bei all unseren Reinigungspartnern nach demselben Ablauf:<\/p>\n<div class=\"accordion jf-accordion m-0\">\n<div class=\"accordion-item\">\n<h4 class=\"accordion-header\" id=\"panelsStayOpen-headingOne\"><a href=\"#\" class=\"accordion-button collapsed d-flex align-items-start\" data-bs-toggle=\"collapse\" data-bs-target=\"#panelsStayOpen-collapseOne\"><span class=\"material-icons\">expand_circle_down<\/span> Bestellung der Putzerei<br \/>\n<\/a><\/h4>\n<div id=\"panelsStayOpen-collapseOne\" class=\"accordion-collapse collapse\" aria-labelledby=\"panelsStayOpen-headingOne\">\n<div class=\"accordion-body\">\n<ol>\n<li>W\u00e4hle per Website oder App, was du reinigen lassen m\u00f6chtest und <strong>bestimme eine Abhol- und Lieferzeit<\/strong>.<\/li>\n<li>Dein Auftrag wird automatisch in unserem System angelegt und digital an unseren Reinigungspartner in deiner Stadt weitergeleitet.<\/li>\n<li>Dein ausgew\u00e4hlter Abhol- und Bringtag, das gebuchte Zeitfenster und dein favorisierter Abholort werden innerhalb unserer <strong>automatisierten Tourenplanung<\/strong> koordiniert.<\/li>\n<\/ol>\n<\/div>\n<\/div>\n<\/div>\n<div class=\"accordion-item\">\n<h4 class=\"accordion-header\" id=\"panelsStayOpen-headingTwo\"><a href=\"#\" class=\"accordion-button collapsed d-flex align-items-start\" data-bs-toggle=\"collapse\" data-bs-target=\"#panelsStayOpen-collapseTwo\"><span class=\"material-icons\">expand_circle_down<\/span> Abholung der zu reinigenden W\u00e4sche<br \/>\n<\/a><\/h4>\n<div id=\"panelsStayOpen-collapseTwo\" class=\"accordion-collapse collapse\" aria-labelledby=\"panelsStayOpen-headingTwo\">\n<div class=\"accordion-body\">\n<ol>\n<li>Jeden Tag erhalten die Fahrer unserer Flotte einen tagesaktuellen Tourenplan, der unter Ber\u00fccksichtigung der prognostizierten Verkehrslage erstellt wird.<\/li>\n<li>Die sogenannte <strong>Driver App<\/strong>, die unsere Fahrer benutzen, koordiniert die Fahrer durch die Stadt bis an deine Haust\u00fcr, wo er deine W\u00e4sche abholt und in einem Jonny Fresh W\u00e4schesack aus Baumwolle zur Putzerei transportiert.<\/li>\n<\/ol>\n<\/div>\n<\/div>\n<\/div>\n<div class=\"accordion-item\">\n<h4 class=\"accordion-header\" id=\"panelsStayOpen-headingThree\"><a href=\"#\" class=\"accordion-button collapsed d-flex align-items-start\" data-bs-toggle=\"collapse\" data-bs-target=\"#panelsStayOpen-collapseThree\"><span class=\"material-icons\">expand_circle_down<\/span> Wareneingang in der Putzerei<br \/>\n<\/a><\/h4>\n<div id=\"panelsStayOpen-collapseThree\" class=\"accordion-collapse collapse\" aria-labelledby=\"panelsStayOpen-headingThree\">\n<div class=\"accordion-body\">\n<ol>\n<li>In der Reinigung angekommen, \u00fcberpr\u00fcft unser Reinigungspartner die von dir abgegebenen W\u00e4schest\u00fccke.<\/li>\n<li>Wenn du weniger, mehr oder andere W\u00e4schest\u00fccke mitgegeben hast als du online gebucht hast, passt unser Reinigungspartner jetzt mit der sogenannten <strong>Dry Cleaner App<\/strong> deinen Auftrag an. Du wirst per Mail direkt \u00fcber die Anpassung informiert.<\/li>\n<li>Jeder Artikel wird vom Reiniger nun mit einem kleinen <strong>Etikett inklusive Auftragsnummer<\/strong> versehen. Deine W\u00e4schest\u00fccke lassen sich deiner Bestellung mithilfe der Auftragsnummer zu jeder Zeit unverwechselbar zuordnen.<\/li>\n<li>Anschlie\u00dfend sortiert unser Reinigungspartner deine W\u00e4schest\u00fccke in Artikel f\u00fcr die chemische Reinigung bzw. die W\u00e4sche.<\/li>\n<\/ol>\n<\/div>\n<\/div>\n<\/div>\n<div class=\"accordion-item\">\n<h4 class=\"accordion-header\" id=\"panelsStayOpen-headingFour\"><a href=\"#\" class=\"accordion-button collapsed d-flex align-items-start\" data-bs-toggle=\"collapse\" data-bs-target=\"#panelsStayOpen-collapseFour\"><span class=\"material-icons\">expand_circle_down<\/span> Eventuelle R\u00fcckfragen kl\u00e4ren<br \/>\n<\/a><\/h4>\n<div id=\"panelsStayOpen-collapseFour\" class=\"accordion-collapse collapse\" aria-labelledby=\"panelsStayOpen-headingFour\">\n<div class=\"accordion-body\">\n<ol>\n<li>Wenn unser Reinigungspartner keine Pflegekennzeichen an deiner W\u00e4sche finden kann, meldet er sich bei unserem Kundenservice.<\/li>\n<li>Der Kundenservice kontaktiert dich daraufhin telefonisch oder per Mail, um die ideale Reinigung mit dir abzustimmen.<\/li>\n<\/ol>\n<\/div>\n<\/div>\n<\/div>\n<div class=\"accordion-item\">\n<h4 class=\"accordion-header\" id=\"panelsStayOpen-headingFive\"><a href=\"#\" class=\"accordion-button collapsed d-flex align-items-start\" data-bs-toggle=\"collapse\" data-bs-target=\"#panelsStayOpen-collapseFive\"><span class=\"material-icons\">expand_circle_down<\/span> W\u00e4sche waschen bzw. reinigen<br \/>\n<\/a><\/h4>\n<div id=\"panelsStayOpen-collapseFive\" class=\"accordion-collapse collapse\" aria-labelledby=\"panelsStayOpen-headingFive\">\n<div class=\"accordion-body\">\n<ol>\n<li>Falls notwendig, z.B. wenn besonders hartn\u00e4ckige Flecken vorhanden sind, wird deine W\u00e4sche <strong>mit Reinigungsmitteln vorbehandelt, <\/strong>in Fachkreisen \u201cdetachiert\u201d genannt.<\/li>\n<li>Deine W\u00e4sche wird nun gewaschen bzw. chemisch gereinigt.<\/li>\n<\/ol>\n<\/div>\n<\/div>\n<\/div>\n<div class=\"accordion-item\">\n<h4 class=\"accordion-header\" id=\"panelsStayOpen-headingSix\"><a href=\"#\" class=\"accordion-button collapsed d-flex align-items-start\" data-bs-toggle=\"collapse\" data-bs-target=\"#panelsStayOpen-collapseSix\"><span class=\"material-icons\">expand_circle_down<\/span> W\u00e4sche gl\u00e4tten<br \/>\n<\/a><\/h4>\n<div id=\"panelsStayOpen-collapseSix\" class=\"accordion-collapse collapse\" aria-labelledby=\"panelsStayOpen-headingSix\">\n<div class=\"accordion-body\">\n<ol>\n<li>Prinzipiell wird jeder Artikel, der maschinell gegl\u00e4ttet werden darf, nach der Reinigung bzw. dem Waschen gegl\u00e4ttet.<\/li>\n<li>Es gibt <strong>verschiedene Verfahren, um W\u00e4sche zu gl\u00e4tten<\/strong>. Flachw\u00e4sche wird z.B. gemangelt, h\u00e4ngend gelieferte Hemden werden mithilfe einer B\u00fcgelpuppe gegl\u00e4ttet, w\u00e4hrend beispielsweise Blusen oft h\u00e4ndisch geb\u00fcgelt werden.<\/li>\n<\/ol>\n<\/div>\n<\/div>\n<\/div>\n<div class=\"accordion-item\">\n<h4 class=\"accordion-header\" id=\"panelsStayOpen-headingSeven\"><a href=\"#\" class=\"accordion-button collapsed d-flex align-items-start\" data-bs-toggle=\"collapse\" data-bs-target=\"#panelsStayOpen-collapseSeven\"><span class=\"material-icons\">expand_circle_down<\/span> Vorsortierung der W\u00e4sche<br \/>\n<\/a><\/h4>\n<div id=\"panelsStayOpen-collapseSeven\" class=\"accordion-collapse collapse\" aria-labelledby=\"panelsStayOpen-headingSeven\">\n<div class=\"accordion-body\">\n<ol>\n<li>Wenn du uns mehrere Teile zur Reinigung geben hast, werden jetzt all deine W\u00e4schest\u00fccke gesammelt und zentral gelagert.<\/li>\n<li>Die Sortierung erfolgt anhand der Auftragsnummer, die sich auf den Etiketten befindet, die im Wareneingang befestigt wurden.<\/li>\n<\/ol>\n<\/div>\n<\/div>\n<\/div>\n<div class=\"accordion-item\">\n<h4 class=\"accordion-header\" id=\"panelsStayOpen-headingEight\"><a href=\"#\" class=\"accordion-button collapsed d-flex align-items-start\" data-bs-toggle=\"collapse\" data-bs-target=\"#panelsStayOpen-collapseEight\"><span class=\"material-icons\">expand_circle_down<\/span> Finale Kontrolle vor Warenausgang<br \/>\n<\/a><\/h4>\n<div id=\"panelsStayOpen-collapseEight\" class=\"accordion-collapse collapse\" aria-labelledby=\"panelsStayOpen-headingEight\">\n<div class=\"accordion-body\">\n<ol>\n<li>Bevor wir deine W\u00e4sche verpacken und ausliefern, kontrolliert ein Mitarbeiter in der Textilreinigung noch einmal final die Qualit\u00e4t der Reinigung und der B\u00fcgelleistung.<\/li>\n<\/ol>\n<\/div>\n<\/div>\n<\/div>\n<div class=\"accordion-item\">\n<h4 class=\"accordion-header\" id=\"panelsStayOpen-headingNine\"><a href=\"#\" class=\"accordion-button collapsed d-flex align-items-start\" data-bs-toggle=\"collapse\" data-bs-target=\"#panelsStayOpen-collapseNine\"><span class=\"material-icons\">expand_circle_down<\/span> W\u00e4sche verpacken<br \/>\n<\/a><\/h4>\n<div id=\"panelsStayOpen-collapseNine\" class=\"accordion-collapse collapse\" aria-labelledby=\"panelsStayOpen-headingNine\">\n<div class=\"accordion-body\">\n<ol>\n<li>Nach der abschlie\u00dfenden Qualit\u00e4tskontrolle wird deine W\u00e4sche f\u00fcr den bevorstehenden Transport und zum Schutz vor \u00e4u\u00dferen Einfl\u00fcssen verpackt.<\/li>\n<li>Je nach Wunsch legt unser Reinigungspartner deine W\u00e4sche zusammen oder h\u00e4ngt sie auf einen Kleiderb\u00fcgel aus Draht.<\/li>\n<li>Gelegte Ware wird <strong>in robustem Papier verpackt<\/strong>. H\u00e4ngende Ware wird unter einer plastikfreien Schutzh\u00fclle verpackt. Um Folie zu sparen, werden immer bis zu 5 Kleidungsst\u00fccke <strong>unter eine Folie gepackt<\/strong>.<\/li>\n<\/ol>\n<\/div>\n<\/div>\n<\/div>\n<div class=\"accordion-item\">\n<h4 class=\"accordion-header\" id=\"panelsStayOpen-headingTen\"><a href=\"#\" class=\"accordion-button collapsed d-flex align-items-start\" data-bs-toggle=\"collapse\" data-bs-target=\"#panelsStayOpen-collapseTen\"><span class=\"material-icons\">expand_circle_down<\/span> Auslieferung der gereinigten W\u00e4sche<br \/>\n<\/a><\/h4>\n<div id=\"panelsStayOpen-collapseTen\" class=\"accordion-collapse collapse\" aria-labelledby=\"panelsStayOpen-headingTen\">\n<div class=\"accordion-body\">\n<ol>\n<li>Deine gereinigte W\u00e4sche ist nun bereit f\u00fcr den R\u00fccktransport zu dir.<\/li>\n<li>An dem von dir gebuchten Liefertag r\u00e4umt ein Fahrer von Jonny Fresh nun die sauberen Textilien in sein Lieferfahrzeug.<\/li>\n<li>\u00dcber die <strong>Driver App<\/strong> sieht unser Fahrer, wann er dir deine W\u00e4sche an den gew\u00fcnschten Ort liefern soll.<\/li>\n<li>Zum vereinbarten Zeitpunkt \u00fcberreicht dir der Jonny Fresh Fahrer nun deine gereinigte und verpackte W\u00e4sche.<\/li>\n<li>Wenn du keine Verwendung f\u00fcr die Drahtkleiderb\u00fcgel hast, kannst du sie uns gern zur\u00fcck geben. Wir k\u00f6nnen die <strong>Kleiderb\u00fcgel dann wiederverwenden<\/strong>.<\/li>\n<li>Hast du bei der Anlieferung erneut W\u00e4sche, die du uns gerne mitgeben m\u00f6chtest? Kein Problem, unser Fahrer hat bestimmt einen W\u00e4schesack dabei, sodass du deine zu reinigende <strong>W\u00e4sche direkt wieder abgeben<\/strong> kannst!<\/li>\n<\/ol>\n<\/div>\n<\/div>\n<\/div>\n<\/div>\n<p>&nbsp;<\/p>\n<h3 style=\"text-align: center;\">Hast du weitere Fragen zum W\u00e4scheservice bei Jonny Fresh?<\/h3>\n<p>Die Beschreibung des Ablaufs der Textilreinigung ist interessant, aber du hast weitere Fragen zum Lieferservice oder zur Bestellung bei Jonny Fresh? Kein Problem, in unseren <a href=\"\/at\/faq\/\">FAQ\u00b4s<\/a> findest du n\u00fctzliche Antworten auf h\u00e4ufig gestellte Fragen. Gerne kannst du auch unseren <a href=\"\/at\/kundenservice\/\">Kundenservice<\/a> kontaktieren!<\/p>\n<\/div><\/div><\/div><\/div><\/div><\/div>\n","protected":false},"excerpt":{"rendered":"","protected":false},"author":14,"featured_media":0,"parent":0,"menu_order":113,"comment_status":"closed","ping_status":"closed","template":"","meta":{"inline_featured_image":false,"footnotes":""},"categories":[],"tags":[],"class_list":["post-26477","page","type-page","status-publish","hentry"],"yoast_head":"<!-- This site is optimized with the Yoast SEO plugin v25.3 - https:\/\/yoast.com\/wordpress\/plugins\/seo\/ -->\n<title>Ablauf Deiner Textilreinigung \u00bb Jetzt mehr erfahren!<\/title>\n<meta name=\"description\" content=\"Ablauf Deiner Textilreinigung \u00bb bequem &amp; professionell \u2713 Zufriedenheitsgarantie \u2713 Abholung &amp; Lieferung \u2713 \u00bb Jetzt mehr erfahren!\" \/>\n<meta name=\"robots\" content=\"index, follow, max-snippet:-1, max-image-preview:large, max-video-preview:-1\" \/>\n<link rel=\"canonical\" href=\"https:\/\/staging-www.jonnyfresh.com\/at\/ablauf-textilreinigung\/\" \/>\n<meta property=\"og:locale\" content=\"de_DE\" \/>\n<meta property=\"og:type\" content=\"article\" \/>\n<meta property=\"og:title\" content=\"Ablauf Deiner Textilreinigung \u00bb Jetzt mehr erfahren!\" \/>\n<meta property=\"og:description\" content=\"Ablauf Deiner Textilreinigung \u00bb bequem &amp; professionell \u2713 Zufriedenheitsgarantie \u2713 Abholung &amp; Lieferung \u2713 \u00bb Jetzt mehr erfahren!\" \/>\n<meta property=\"og:url\" content=\"https:\/\/staging-www.jonnyfresh.com\/at\/ablauf-textilreinigung\/\" \/>\n<meta property=\"og:site_name\" content=\"jonnyfresh\" \/>\n<meta property=\"article:modified_time\" content=\"2023-05-09T06:33:17+00:00\" \/>\n<meta property=\"og:image\" content=\"https:\/\/staging-www.jonnyfresh.com\/wp-content\/uploads\/2022\/02\/jonny_fresh_ablauf_textilreinigung.jpg\" \/>\n<meta name=\"twitter:card\" content=\"summary_large_image\" \/>\n<meta name=\"twitter:label1\" content=\"Est. reading time\" \/>\n\t<meta name=\"twitter:data1\" content=\"5 minutes\" \/>\n<script type=\"application\/ld+json\" class=\"yoast-schema-graph\">{\"@context\":\"https:\/\/schema.org\",\"@graph\":[{\"@type\":\"WebPage\",\"@id\":\"https:\/\/staging-www.jonnyfresh.com\/at\/ablauf-textilreinigung\/\",\"url\":\"https:\/\/staging-www.jonnyfresh.com\/at\/ablauf-textilreinigung\/\",\"name\":\"Ablauf Deiner Textilreinigung \u00bb Jetzt mehr erfahren!\",\"isPartOf\":{\"@id\":\"https:\/\/staging-www.jonnyfresh.com\/at\/#website\"},\"primaryImageOfPage\":{\"@id\":\"https:\/\/staging-www.jonnyfresh.com\/at\/ablauf-textilreinigung\/#primaryimage\"},\"image\":{\"@id\":\"https:\/\/staging-www.jonnyfresh.com\/at\/ablauf-textilreinigung\/#primaryimage\"},\"thumbnailUrl\":\"https:\/\/staging-www.jonnyfresh.com\/wp-content\/uploads\/2022\/02\/jonny_fresh_ablauf_textilreinigung.jpg\",\"datePublished\":\"2019-06-13T13:24:04+00:00\",\"dateModified\":\"2023-05-09T06:33:17+00:00\",\"description\":\"Ablauf Deiner Textilreinigung \u00bb bequem & professionell \u2713 Zufriedenheitsgarantie \u2713 Abholung & Lieferung \u2713 \u00bb Jetzt mehr erfahren!\",\"inLanguage\":\"de-AT\",\"potentialAction\":[{\"@type\":\"ReadAction\",\"target\":[\"https:\/\/staging-www.jonnyfresh.com\/at\/ablauf-textilreinigung\/\"]}]},{\"@type\":\"ImageObject\",\"inLanguage\":\"de-AT\",\"@id\":\"https:\/\/staging-www.jonnyfresh.com\/at\/ablauf-textilreinigung\/#primaryimage\",\"url\":\"https:\/\/staging-www.jonnyfresh.com\/wp-content\/uploads\/2022\/02\/jonny_fresh_ablauf_textilreinigung.jpg\",\"contentUrl\":\"https:\/\/staging-www.jonnyfresh.com\/wp-content\/uploads\/2022\/02\/jonny_fresh_ablauf_textilreinigung.jpg\"},{\"@type\":\"WebSite\",\"@id\":\"https:\/\/staging-www.jonnyfresh.com\/at\/#website\",\"url\":\"https:\/\/staging-www.jonnyfresh.com\/at\/\",\"name\":\"jonnyfresh\",\"description\":\"Eine weitere WordPress Website\",\"potentialAction\":[{\"@type\":\"SearchAction\",\"target\":{\"@type\":\"EntryPoint\",\"urlTemplate\":\"https:\/\/staging-www.jonnyfresh.com\/at\/?s={search_term_string}\"},\"query-input\":{\"@type\":\"PropertyValueSpecification\",\"valueRequired\":true,\"valueName\":\"search_term_string\"}}],\"inLanguage\":\"de-AT\"}]}<\/script>\n<!-- \/ Yoast SEO plugin. -->","yoast_head_json":{"title":"Ablauf Deiner Textilreinigung \u00bb Jetzt mehr erfahren!","description":"Ablauf Deiner Textilreinigung \u00bb bequem & professionell \u2713 Zufriedenheitsgarantie \u2713 Abholung & Lieferung \u2713 \u00bb Jetzt mehr erfahren!","robots":{"index":"index","follow":"follow","max-snippet":"max-snippet:-1","max-image-preview":"max-image-preview:large","max-video-preview":"max-video-preview:-1"},"canonical":"https:\/\/staging-www.jonnyfresh.com\/at\/ablauf-textilreinigung\/","og_locale":"de_DE","og_type":"article","og_title":"Ablauf Deiner Textilreinigung \u00bb Jetzt mehr erfahren!","og_description":"Ablauf Deiner Textilreinigung \u00bb bequem & professionell \u2713 Zufriedenheitsgarantie \u2713 Abholung & Lieferung \u2713 \u00bb Jetzt mehr erfahren!","og_url":"https:\/\/staging-www.jonnyfresh.com\/at\/ablauf-textilreinigung\/","og_site_name":"jonnyfresh","article_modified_time":"2023-05-09T06:33:17+00:00","og_image":[{"url":"https:\/\/staging-www.jonnyfresh.com\/wp-content\/uploads\/2022\/02\/jonny_fresh_ablauf_textilreinigung.jpg","type":"","width":"","height":""}],"twitter_card":"summary_large_image","twitter_misc":{"Est. reading time":"5 minutes"},"schema":{"@context":"https:\/\/schema.org","@graph":[{"@type":"WebPage","@id":"https:\/\/staging-www.jonnyfresh.com\/at\/ablauf-textilreinigung\/","url":"https:\/\/staging-www.jonnyfresh.com\/at\/ablauf-textilreinigung\/","name":"Ablauf Deiner Textilreinigung \u00bb Jetzt mehr erfahren!","isPartOf":{"@id":"https:\/\/staging-www.jonnyfresh.com\/at\/#website"},"primaryImageOfPage":{"@id":"https:\/\/staging-www.jonnyfresh.com\/at\/ablauf-textilreinigung\/#primaryimage"},"image":{"@id":"https:\/\/staging-www.jonnyfresh.com\/at\/ablauf-textilreinigung\/#primaryimage"},"thumbnailUrl":"https:\/\/staging-www.jonnyfresh.com\/wp-content\/uploads\/2022\/02\/jonny_fresh_ablauf_textilreinigung.jpg","datePublished":"2019-06-13T13:24:04+00:00","dateModified":"2023-05-09T06:33:17+00:00","description":"Ablauf Deiner Textilreinigung \u00bb bequem & professionell \u2713 Zufriedenheitsgarantie \u2713 Abholung & Lieferung \u2713 \u00bb Jetzt mehr erfahren!","inLanguage":"de-AT","potentialAction":[{"@type":"ReadAction","target":["https:\/\/staging-www.jonnyfresh.com\/at\/ablauf-textilreinigung\/"]}]},{"@type":"ImageObject","inLanguage":"de-AT","@id":"https:\/\/staging-www.jonnyfresh.com\/at\/ablauf-textilreinigung\/#primaryimage","url":"https:\/\/staging-www.jonnyfresh.com\/wp-content\/uploads\/2022\/02\/jonny_fresh_ablauf_textilreinigung.jpg","contentUrl":"https:\/\/staging-www.jonnyfresh.com\/wp-content\/uploads\/2022\/02\/jonny_fresh_ablauf_textilreinigung.jpg"},{"@type":"WebSite","@id":"https:\/\/staging-www.jonnyfresh.com\/at\/#website","url":"https:\/\/staging-www.jonnyfresh.com\/at\/","name":"jonnyfresh","description":"Eine weitere WordPress Website","potentialAction":[{"@type":"SearchAction","target":{"@type":"EntryPoint","urlTemplate":"https:\/\/staging-www.jonnyfresh.com\/at\/?s={search_term_string}"},"query-input":{"@type":"PropertyValueSpecification","valueRequired":true,"valueName":"search_term_string"}}],"inLanguage":"de-AT"}]}},"_links":{"self":[{"href":"https:\/\/staging-www.jonnyfresh.com\/at\/wp-json\/wp\/v2\/pages\/26477","targetHints":{"allow":["GET"]}}],"collection":[{"href":"https:\/\/staging-www.jonnyfresh.com\/at\/wp-json\/wp\/v2\/pages"}],"about":[{"href":"https:\/\/staging-www.jonnyfresh.com\/at\/wp-json\/wp\/v2\/types\/page"}],"author":[{"embeddable":true,"href":"https:\/\/staging-www.jonnyfresh.com\/at\/wp-json\/wp\/v2\/users\/14"}],"replies":[{"embeddable":true,"href":"https:\/\/staging-www.jonnyfresh.com\/at\/wp-json\/wp\/v2\/comments?post=26477"}],"version-history":[{"count":1,"href":"https:\/\/staging-www.jonnyfresh.com\/at\/wp-json\/wp\/v2\/pages\/26477\/revisions"}],"predecessor-version":[{"id":26807,"href":"https:\/\/staging-www.jonnyfresh.com\/at\/wp-json\/wp\/v2\/pages\/26477\/revisions\/26807"}],"wp:attachment":[{"href":"https:\/\/staging-www.jonnyfresh.com\/at\/wp-json\/wp\/v2\/media?parent=26477"}],"wp:term":[{"taxonomy":"category","embeddable":true,"href":"https:\/\/staging-www.jonnyfresh.com\/at\/wp-json\/wp\/v2\/categories?post=26477"},{"taxonomy":"post_tag","embeddable":true,"href":"https:\/\/staging-www.jonnyfresh.com\/at\/wp-json\/wp\/v2\/tags?post=26477"}],"curies":[{"name":"wp","href":"https:\/\/api.w.org\/{rel}","templated":true}]}}