{"id":26471,"date":"2019-12-12T12:16:32","date_gmt":"2019-12-12T11:16:32","guid":{"rendered":"https:\/\/staging-www.jonnyfresh.com\/kleiderreinigung\/"},"modified":"2024-06-06T14:49:59","modified_gmt":"2024-06-06T12:49:59","slug":"kleiderreinigung","status":"publish","type":"page","link":"https:\/\/staging-www.jonnyfresh.com\/at\/kleiderreinigung\/","title":{"rendered":"Kleiderreinigung online bestellen"},"content":{"rendered":"<div class=\"fsn-row full-width-row fsn-69e49bda71aec jf-promo light\" style=\"background-repeat:repeat;background-position:left top;background-attachment:scroll;background-size:auto;\"><div class=\"container\"><div class=\"row\"><div class=\"col-12 col-md-7 order-2 order-md-1 text-center text-md-start jf-promo-content\"><div class=\"fsn-column-inner fsn-69e49bda71c6a light\"><div class=\"fsn-text fsn-69e49bda71ccc jf-promo-text\">\n<h1 class=\"jf-disable-dynamic-line-break\">Kleiderreinigung online buchen<\/h1>\n<h2>Abholen, reinigen und bringen zum Wunschtermin<\/h2>\n<\/div><\/div><\/div><div class=\"col-12 col-md-5 order-1 order-md-2 jf-promo-img-container\"><div class=\"fsn-column-inner fsn-69e49bda72690 light\"><div class=\"fsn-text fsn-69e49bda726d4\">\n<div class=\"jf-promo-img-mask\"><img decoding=\"async\" src=\"https:\/\/staging-www.jonnyfresh.com\/wp-content\/uploads\/2022\/02\/jonny_fresh_kleiderreinigung.jpg\" alt=\"Kleiderreinigung online buchen\" class=\"alignnone size-full wp-image-18571 jf-promo-img\" width=\"100%\" height=\"100%\" \/><\/div>\n<div class=\"jf-promo-img-mask-shadow\"><\/div>\n<\/div><\/div><\/div><\/div><\/div><\/div><div  class=\"fsn-row full-width-container fsn-69e49bda7270d light\" style=\"background-repeat:repeat;background-position:left top;background-attachment:scroll;background-size:auto;\"><div class=\"row\"><div class=\"col-sm-12\"><div class=\"fsn-column-inner fsn-69e49bda72743 light\"><\/div><\/div><\/div><\/div><div class=\"fsn-row full-width-row fsn-69e49bda72cb8 jf-promo-box jf-promo-box-light light\" style=\"background-repeat:repeat;background-position:left top;background-attachment:scroll;background-size:auto;\"><div class=\"container\"><div class=\"row\"><div class=\"col-sm-12\"><div class=\"fsn-column-inner fsn-69e49bda72d65 jf-promo-box-content light\"><div class=\"fsn-text fsn-69e49bda72dc0\">\n<h3 style=\"text-align: center;\">Kleiderreinigung bequem online buchen<\/h3>\n<p style=\"text-align: left;\">Egal ob kurz oder lang, aus Seide, Satin oder Samt, ob Cocktail-, Sommer- oder Abendkleid, als professionelle <a href=\"\/at\/\">Putzerei<\/a> \u00fcbernimmt Jonny Fresh die fachgerechte <strong>Kleiderreinigung<\/strong> f\u00fcr dich. Weil im Jonny Fresh W\u00e4scheservice ein praktischer Abhol- und Bringdienst inbegriffen ist, sparst du dir nicht nur den l\u00e4stigen Weg zur lokalen Putzereifiliale oder zum Waschsalon, sondern du kannst wegen des digitalen Bestellprozesses unseres W\u00e4scheservice von einer echten Zeitersparnis profitieren. Beauftrage die <strong>Reinigung deiner Kleider<\/strong> jetzt mit nur wenigen Klicks in unter 3 Minuten online und lass dir deine Kleider zu der von dir ausgew\u00e4hlten Uhrzeit zu deiner Wunschadresse liefern!<\/p>\n<\/div><\/div><\/div><\/div><\/div><\/div><div class=\"fsn-row full-width-row fsn-69e49bda72e13 jf-promo-box light\" style=\"background-repeat:repeat;background-position:left top;background-attachment:scroll;background-size:auto;\"><div class=\"container\"><div class=\"row\"><div class=\"col-sm-12\"><div class=\"fsn-column-inner fsn-69e49bda72e78 light\"><div class=\"fsn-text fsn-69e49bda72ec7\">\n<div class=\"jf-promo-box-content\">\n<div class=\"jf-promo-box-content-header-small text-center\">Smarte Putzerei<\/div>\n<h3 class=\"text-center\">So funktioniert die Kleiderreinigung:<\/h3>\n<\/div>\n<\/div><\/div><\/div><\/div><\/div><\/div><div  class=\"fsn-row full-width-container fsn-69e49bda733ca light\" style=\"background-repeat:repeat;background-position:left top;background-attachment:scroll;background-size:auto;\"><div class=\"row\"><div class=\"col-sm-12\"><div class=\"fsn-column-inner fsn-69e49bda7342d light\"><\/div><\/div><\/div><\/div><div class=\"fsn-row full-width-row fsn-69e49bda73901 jf-promo-box jf-promo-box-light light\" style=\"background-repeat:repeat;background-position:left top;background-attachment:scroll;background-size:auto;\"><div class=\"container\"><div class=\"row\"><div class=\"col-sm-12\"><div class=\"fsn-column-inner fsn-69e49bda7396d light\"><div class=\"fsn-text fsn-69e49bda739b3\">\n<div class=\"jf-promo-box-content\">\n<div class=\"jf-promo-box-content-header-small\" style=\"text-align: center;\">Deine Vorteile<\/div>\n<h3 style=\"text-align: center;\">Vorteile der Kleiderreinigung<\/h3>\n<\/div>\n<\/div><div  class=\"fsn-row full-width-container fsn-69e49bda739da light\" style=\"background-repeat:repeat;background-position:left top;background-attachment:scroll;background-size:auto;\"><div class=\"row\"><div class=\"col-sm-4\"><div class=\"fsn-column-inner fsn-69e49bda73a23 jf-dialog-box jf-dialog-box-alt jf-dialog-box-horizontal light\"><div class=\"fsn-text fsn-69e49bda73a53\">\n<div class=\"jf-icon-box jf-icon-box-small\">\n<div class=\"jf-icon-box-container\"><img decoding=\"async\" src=\"https:\/\/staging-www.jonnyfresh.com\/wp-content\/uploads\/2022\/02\/abholung_und_lieferung_am_wunschort.svg\" alt=\"Abholung &amp; Lieferung\" width=\"66\" height=\"66\" \/><\/div>\n<\/div>\n<div class=\"jf-dialog-box-header\"><strong>Abholung &amp; Lieferung<\/strong><\/div>\n<p>Wir holen &amp; liefern Kleider in mehr als 10 St\u00e4dten und sind p\u00fcnktlich zum Wunschtermin da, wo du uns brauchst.<\/p>\n<\/div><\/div><\/div><div class=\"col-sm-4\"><div class=\"fsn-column-inner fsn-69e49bda73ae2 jf-dialog-box jf-dialog-box-alt jf-dialog-box-horizontal light\"><div class=\"fsn-text fsn-69e49bda73b26\">\n<div class=\"jf-icon-box jf-icon-box-small\">\n<div class=\"jf-icon-box-container\"><img decoding=\"async\" src=\"https:\/\/staging-www.jonnyfresh.com\/wp-content\/uploads\/2022\/02\/einheitlicher_qualitaetsstandard.svg\" alt=\"Premium Qualit\u00e4t\" width=\"66\" height=\"66\" \/><\/div>\n<\/div>\n<div class=\"jf-dialog-box-header\"><strong>Premium Qualit\u00e4t<\/strong><\/div>\n<p class=\"jf-step-text\">Wir reinigen deine Kleider mit gr\u00f6\u00dfter Sorgfalt und garantieren immer das bestm\u00f6gliche Ergebnis.<\/p>\n<\/div><\/div><\/div><div class=\"col-sm-4\"><div class=\"fsn-column-inner fsn-69e49bda73b4b jf-dialog-box jf-dialog-box-alt jf-dialog-box-horizontal light\"><div class=\"fsn-text fsn-69e49bda73ba3\">\n<div class=\"jf-icon-box jf-icon-box-small\">\n<div class=\"jf-icon-box-container\"><img decoding=\"async\" src=\"https:\/\/staging-www.jonnyfresh.com\/wp-content\/uploads\/2022\/02\/textilreinigung_in_48_stunden.svg\" alt=\"Eigenzeit &amp; Zeitersparnis\" width=\"66\" height=\"66\" \/><\/div>\n<\/div>\n<div class=\"jf-dialog-box-header\"><strong>Eigenzeit &amp; Zeitersparnis<\/strong><\/div>\n<p class=\"jf-step-text\">Wir erledigen die Reinigung deiner Kleider f\u00fcr dich, wodurch du mehr Zeit f\u00fcr Dinge erh\u00e4ltst, die dir wirklich wichtig sind!<\/p>\n<\/div><\/div><\/div><\/div><\/div><\/div><\/div><\/div><\/div><\/div><div class=\"fsn-row full-width-row fsn-69e49bda73c10 jf-promo-box jf-promo-box-list light\" style=\"background-repeat:repeat;background-position:left top;background-attachment:scroll;background-size:auto;\"><div class=\"container\"><div class=\"row\"><div class=\"col-sm-12\"><div class=\"fsn-column-inner fsn-69e49bda73c8c light\"><div class=\"fsn-text fsn-69e49bda73cee\">\n<div class=\"jf-promo-box-content\">\n<div class=\"jf-promo-box-content-header-small text-center\">Beliebte Produkte<\/div>\n<h3 class=\"text-center\">Unsere Topseller<br \/>\nbei der Kleiderreinigung:<\/h3>\n<\/div>\n<\/div><div class=\"fsn-text fsn-69e49bda7418d\">\n<div class=\"jf-boxes-horizontal-slider jf-products-viewer\">\n<div class=\"jf-boxes-horizontal-slider-container\">\n<div class=\"jf-boxes-horizontal-slide\">\n<p><img decoding=\"async\" src=\"https:\/\/staging-www.jonnyfresh.com\/wp-content\/uploads\/2022\/02\/brautkleit-inkl.png\" alt=\"Brautkleid\" width=\"179\" height=\"168\" class=\"alignnone wp-image-19314 size-full\" \/><\/p>\n<div class=\"jf-boxes-horizontal-slide-content\">\n<div class=\"jf-horizontal-slide-header\">Brautkleid<\/div>\n<\/div>\n<\/div>\n<div class=\"jf-boxes-horizontal-slide\">\n<p><img decoding=\"async\" src=\"https:\/\/staging-www.jonnyfresh.com\/wp-content\/uploads\/2022\/03\/etuikleid.png\" alt=\"Etuikleid\" width=\"179\" height=\"168\" class=\"alignnone wp-image-19318 size-full\" \/><\/p>\n<div class=\"jf-boxes-horizontal-slide-content\">\n<div class=\"jf-horizontal-slide-header\">Etuikleid<\/div>\n<\/div>\n<\/div>\n<div class=\"jf-boxes-horizontal-slide\">\n<p><img decoding=\"async\" src=\"https:\/\/staging-www.jonnyfresh.com\/wp-content\/uploads\/2022\/02\/ballkleid.png\" alt=\"Ballkleid\" width=\"179\" height=\"168\" class=\"alignnone wp-image-19322 size-full\" \/><\/p>\n<div class=\"jf-boxes-horizontal-slide-content\">\n<div class=\"jf-horizontal-slide-header\">Ballkleid<\/div>\n<\/div>\n<\/div>\n<\/div>\n<\/div>\n<\/div><\/div><\/div><\/div><\/div><\/div><div class=\"fsn-row full-width-row fsn-69e49bda741ee jf-promo-box jf-promo-box-light light\" style=\"background-repeat:repeat;background-position:left top;background-attachment:scroll;background-size:auto;\"><div class=\"container\"><div class=\"row\"><div class=\"col-sm-12\"><div class=\"fsn-column-inner fsn-69e49bda742af light\"><div class=\"fsn-text fsn-69e49bda74333\">\n<div class=\"jf-promo-box-content\">\n<div class=\"jf-promo-box-content-header-small text-center\">Elegant gekleidet<\/div>\n<h3 class=\"text-center\">Fragen zur Kleiderreinigung?<\/h3>\n<\/div>\n<\/div><div class=\"fsn-text fsn-69e49bda7436f\">\n<div class=\"accordion jf-accordion\">\n<div class=\"accordion-item\">\n<h4 class=\"accordion-header\" id=\"panelsStayOpen-headingOne\"><a class=\"accordion-button d-flex align-items-start\" data-bs-toggle=\"collapse\" data-bs-target=\"#panelsStayOpen-collapseOne\"><span class=\"material-icons\">expand_circle_down<\/span> Muss jedes Kleid chemisch gereinigt werden?<\/a><\/h4>\n<div id=\"panelsStayOpen-collapseOne\" class=\"accordion-collapse collapse show\" aria-labelledby=\"panelsStayOpen-headingOne\">\n<div class=\"accordion-body\">Selbstverst\u00e4ndlich muss nicht jedes Kleid chemisch gereinigt werden. Kleider aus Baumwolle oder aus Jersey k\u00f6nnen meist problemlos in der Waschmaschine gewaschen werden, w\u00e4hrend <strong>Kleider<\/strong> aus empfindlichen Stoffen eine sanfte Art der <strong>Reinigung<\/strong> ben\u00f6tigen. Kleider aus Seide, Samt oder aus Kashmir sind deswegen am besten in der W\u00e4scherei oder Putzerei aufgehoben. Hier werden die Kleidungsst\u00fccke entsprechend der vom Hersteller empfohlenen Pflegehinweise sachgem\u00e4\u00df und vor allem schonend gereinigt, wodurch die Stoffe weniger stark strapaziert werden und ein Aufquellen der Fasern verhindert wird. Die Passform der Kleidungsst\u00fccke sowie die Strahlkraft der Farben bleiben dadurch langfristig erhalten, sodass sich die Nutzung der professionelle Textilreinigung gerade bei hochpreisigen Kleidern schnell auszahlt.<\/div>\n<\/div>\n<\/div>\n<div class=\"accordion-item\">\n<h4 class=\"accordion-header\" id=\"panelsStayOpen-headingTwo\"><a href=\"#\" class=\"accordion-button collapsed d-flex align-items-start\" data-bs-toggle=\"collapse\" data-bs-target=\"#panelsStayOpen-collapseTwo\"><span class=\"material-icons\">expand_circle_down<\/span> Wie lange dauert die professionelle Kleiderreinigung?<br \/>\n<\/a><\/h4>\n<div id=\"panelsStayOpen-collapseTwo\" class=\"accordion-collapse collapse\" aria-labelledby=\"panelsStayOpen-headingTwo\">\n<div class=\"accordion-body\">\n<p>Die Bearbeitungszeit, in der die Abholung und Lieferung der W\u00e4sche \u00fcbrigens bereits eingerechnet ist, h\u00e4ngt von den zur <strong>Reinigung<\/strong> abgegebenen Textilien ab. Ein kurzes Baumwollkleid, das maschinell gewaschen und getrocknet wird, kann dem Kunden z.B. ab 48 Stunden sauber und faltenfrei geb\u00fcgelt geliefert werden. F\u00fcr aufw\u00e4ndig gefertigte <strong>Kleider<\/strong> wie Dirndl, Ballkleider oder Brautkleider, die aus empfindlichen Stoffen bestehen, zum Teil mit Verzierungen geschm\u00fcckt sind und vorsichtig gepflegt und getrocknet werden m\u00fcssen, veranschlagen wir mit ca. 72 Stunden eine l\u00e4ngere Bearbeitungszeit. Detaillierte Informationen zur Bearbeitungszeit der unterschiedlichen Kleider erh\u00e4ltst du nach der Eingabe deiner <a href=\"#\">Postleitzahl<\/a>.<\/p>\n<\/div>\n<\/div>\n<\/div>\n<div class=\"accordion-item\">\n<h4 class=\"accordion-header\" id=\"panelsStayOpen-headingThree\"><a href=\"#\" class=\"accordion-button collapsed d-flex align-items-start\" data-bs-toggle=\"collapse\" data-bs-target=\"#panelsStayOpen-collapseThree\"><span class=\"material-icons\">expand_circle_down<\/span> Was kostet die Kleiderreinigung?<\/a><\/h4>\n<div id=\"panelsStayOpen-collapseThree\" class=\"accordion-collapse collapse\" aria-labelledby=\"panelsStayOpen-headingThree\">\n<div class=\"accordion-body\">\n<p>Wie bei der Reinigungsdauer kann auch zum Preis der Kleiderreinigung keine verbindlichen Antwort gegeben werden. Die Kosten f\u00fcr die <strong>Kleiderreinigung<\/strong> ergeben sich in Abh\u00e4ngigkeit von den zur Reinigung abgegebenen Textilien, der verwendeten Stoffen und Ausf\u00fchrungen. Die W\u00e4sche eines kurzen Sommerkleides aus Baumwolle ist entsprechend g\u00fcnstiger als eine aufw\u00e4ndige Brautkleidreinigung oder Ballkleidreinigung.<\/p>\n<\/div>\n<\/div>\n<\/div>\n<\/div>\n<\/div><\/div><\/div><\/div><\/div><\/div>\n","protected":false},"excerpt":{"rendered":"","protected":false},"author":14,"featured_media":0,"parent":0,"menu_order":65,"comment_status":"closed","ping_status":"closed","template":"","meta":{"inline_featured_image":false,"footnotes":""},"categories":[],"tags":[],"class_list":["post-26471","page","type-page","status-publish","hentry"],"yoast_head":"<!-- This site is optimized with the Yoast SEO plugin v25.3 - https:\/\/yoast.com\/wordpress\/plugins\/seo\/ -->\n<title>Kleiderreinigung \u00bb Jetzt in wenigen Klicks online buchen!<\/title>\n<meta name=\"description\" content=\"Kleiderreinigung \u00bb Abholung, Reinigung &amp; Lieferung zum Wunschtermin \u2713 zeitsparend \u2713 Premium Qualit\u00e4t \u2713 \u00bb Jetzt bequem online buchen!\" \/>\n<meta name=\"robots\" content=\"index, follow, max-snippet:-1, max-image-preview:large, max-video-preview:-1\" \/>\n<link rel=\"canonical\" href=\"https:\/\/staging-www.jonnyfresh.com\/at\/kleiderreinigung\/\" \/>\n<meta property=\"og:locale\" content=\"de_DE\" \/>\n<meta property=\"og:type\" content=\"article\" \/>\n<meta property=\"og:title\" content=\"Kleiderreinigung \u00bb Jetzt in wenigen Klicks online buchen!\" \/>\n<meta property=\"og:description\" content=\"Kleiderreinigung \u00bb Abholung, Reinigung &amp; Lieferung zum Wunschtermin \u2713 zeitsparend \u2713 Premium Qualit\u00e4t \u2713 \u00bb Jetzt bequem online buchen!\" \/>\n<meta property=\"og:url\" content=\"https:\/\/staging-www.jonnyfresh.com\/at\/kleiderreinigung\/\" \/>\n<meta property=\"og:site_name\" content=\"jonnyfresh\" \/>\n<meta property=\"article:modified_time\" content=\"2024-06-06T12:49:59+00:00\" \/>\n<meta property=\"og:image\" content=\"https:\/\/staging-www.jonnyfresh.com\/wp-content\/uploads\/2022\/02\/jonny_fresh_kleiderreinigung.jpg\" \/>\n<meta name=\"twitter:card\" content=\"summary_large_image\" \/>\n<meta name=\"twitter:label1\" content=\"Est. reading time\" \/>\n\t<meta name=\"twitter:data1\" content=\"5 minutes\" \/>\n<script type=\"application\/ld+json\" class=\"yoast-schema-graph\">{\"@context\":\"https:\/\/schema.org\",\"@graph\":[{\"@type\":\"WebPage\",\"@id\":\"https:\/\/staging-www.jonnyfresh.com\/at\/kleiderreinigung\/\",\"url\":\"https:\/\/staging-www.jonnyfresh.com\/at\/kleiderreinigung\/\",\"name\":\"Kleiderreinigung \u00bb Jetzt in wenigen Klicks online buchen!\",\"isPartOf\":{\"@id\":\"https:\/\/staging-www.jonnyfresh.com\/at\/#website\"},\"primaryImageOfPage\":{\"@id\":\"https:\/\/staging-www.jonnyfresh.com\/at\/kleiderreinigung\/#primaryimage\"},\"image\":{\"@id\":\"https:\/\/staging-www.jonnyfresh.com\/at\/kleiderreinigung\/#primaryimage\"},\"thumbnailUrl\":\"https:\/\/staging-www.jonnyfresh.com\/wp-content\/uploads\/2022\/02\/jonny_fresh_kleiderreinigung.jpg\",\"datePublished\":\"2019-12-12T11:16:32+00:00\",\"dateModified\":\"2024-06-06T12:49:59+00:00\",\"description\":\"Kleiderreinigung \u00bb Abholung, Reinigung & Lieferung zum Wunschtermin \u2713 zeitsparend \u2713 Premium Qualit\u00e4t \u2713 \u00bb Jetzt bequem online buchen!\",\"inLanguage\":\"de-AT\",\"potentialAction\":[{\"@type\":\"ReadAction\",\"target\":[\"https:\/\/staging-www.jonnyfresh.com\/at\/kleiderreinigung\/\"]}]},{\"@type\":\"ImageObject\",\"inLanguage\":\"de-AT\",\"@id\":\"https:\/\/staging-www.jonnyfresh.com\/at\/kleiderreinigung\/#primaryimage\",\"url\":\"https:\/\/staging-www.jonnyfresh.com\/wp-content\/uploads\/2022\/02\/jonny_fresh_kleiderreinigung.jpg\",\"contentUrl\":\"https:\/\/staging-www.jonnyfresh.com\/wp-content\/uploads\/2022\/02\/jonny_fresh_kleiderreinigung.jpg\"},{\"@type\":\"WebSite\",\"@id\":\"https:\/\/staging-www.jonnyfresh.com\/at\/#website\",\"url\":\"https:\/\/staging-www.jonnyfresh.com\/at\/\",\"name\":\"jonnyfresh\",\"description\":\"Eine weitere WordPress Website\",\"potentialAction\":[{\"@type\":\"SearchAction\",\"target\":{\"@type\":\"EntryPoint\",\"urlTemplate\":\"https:\/\/staging-www.jonnyfresh.com\/at\/?s={search_term_string}\"},\"query-input\":{\"@type\":\"PropertyValueSpecification\",\"valueRequired\":true,\"valueName\":\"search_term_string\"}}],\"inLanguage\":\"de-AT\"}]}<\/script>\n<!-- \/ Yoast SEO plugin. -->","yoast_head_json":{"title":"Kleiderreinigung \u00bb Jetzt in wenigen Klicks online buchen!","description":"Kleiderreinigung \u00bb Abholung, Reinigung & Lieferung zum Wunschtermin \u2713 zeitsparend \u2713 Premium Qualit\u00e4t \u2713 \u00bb Jetzt bequem online buchen!","robots":{"index":"index","follow":"follow","max-snippet":"max-snippet:-1","max-image-preview":"max-image-preview:large","max-video-preview":"max-video-preview:-1"},"canonical":"https:\/\/staging-www.jonnyfresh.com\/at\/kleiderreinigung\/","og_locale":"de_DE","og_type":"article","og_title":"Kleiderreinigung \u00bb Jetzt in wenigen Klicks online buchen!","og_description":"Kleiderreinigung \u00bb Abholung, Reinigung & Lieferung zum Wunschtermin \u2713 zeitsparend \u2713 Premium Qualit\u00e4t \u2713 \u00bb Jetzt bequem online buchen!","og_url":"https:\/\/staging-www.jonnyfresh.com\/at\/kleiderreinigung\/","og_site_name":"jonnyfresh","article_modified_time":"2024-06-06T12:49:59+00:00","og_image":[{"url":"https:\/\/staging-www.jonnyfresh.com\/wp-content\/uploads\/2022\/02\/jonny_fresh_kleiderreinigung.jpg","type":"","width":"","height":""}],"twitter_card":"summary_large_image","twitter_misc":{"Est. reading time":"5 minutes"},"schema":{"@context":"https:\/\/schema.org","@graph":[{"@type":"WebPage","@id":"https:\/\/staging-www.jonnyfresh.com\/at\/kleiderreinigung\/","url":"https:\/\/staging-www.jonnyfresh.com\/at\/kleiderreinigung\/","name":"Kleiderreinigung \u00bb Jetzt in wenigen Klicks online buchen!","isPartOf":{"@id":"https:\/\/staging-www.jonnyfresh.com\/at\/#website"},"primaryImageOfPage":{"@id":"https:\/\/staging-www.jonnyfresh.com\/at\/kleiderreinigung\/#primaryimage"},"image":{"@id":"https:\/\/staging-www.jonnyfresh.com\/at\/kleiderreinigung\/#primaryimage"},"thumbnailUrl":"https:\/\/staging-www.jonnyfresh.com\/wp-content\/uploads\/2022\/02\/jonny_fresh_kleiderreinigung.jpg","datePublished":"2019-12-12T11:16:32+00:00","dateModified":"2024-06-06T12:49:59+00:00","description":"Kleiderreinigung \u00bb Abholung, Reinigung & Lieferung zum Wunschtermin \u2713 zeitsparend \u2713 Premium Qualit\u00e4t \u2713 \u00bb Jetzt bequem online buchen!","inLanguage":"de-AT","potentialAction":[{"@type":"ReadAction","target":["https:\/\/staging-www.jonnyfresh.com\/at\/kleiderreinigung\/"]}]},{"@type":"ImageObject","inLanguage":"de-AT","@id":"https:\/\/staging-www.jonnyfresh.com\/at\/kleiderreinigung\/#primaryimage","url":"https:\/\/staging-www.jonnyfresh.com\/wp-content\/uploads\/2022\/02\/jonny_fresh_kleiderreinigung.jpg","contentUrl":"https:\/\/staging-www.jonnyfresh.com\/wp-content\/uploads\/2022\/02\/jonny_fresh_kleiderreinigung.jpg"},{"@type":"WebSite","@id":"https:\/\/staging-www.jonnyfresh.com\/at\/#website","url":"https:\/\/staging-www.jonnyfresh.com\/at\/","name":"jonnyfresh","description":"Eine weitere WordPress Website","potentialAction":[{"@type":"SearchAction","target":{"@type":"EntryPoint","urlTemplate":"https:\/\/staging-www.jonnyfresh.com\/at\/?s={search_term_string}"},"query-input":{"@type":"PropertyValueSpecification","valueRequired":true,"valueName":"search_term_string"}}],"inLanguage":"de-AT"}]}},"_links":{"self":[{"href":"https:\/\/staging-www.jonnyfresh.com\/at\/wp-json\/wp\/v2\/pages\/26471","targetHints":{"allow":["GET"]}}],"collection":[{"href":"https:\/\/staging-www.jonnyfresh.com\/at\/wp-json\/wp\/v2\/pages"}],"about":[{"href":"https:\/\/staging-www.jonnyfresh.com\/at\/wp-json\/wp\/v2\/types\/page"}],"author":[{"embeddable":true,"href":"https:\/\/staging-www.jonnyfresh.com\/at\/wp-json\/wp\/v2\/users\/14"}],"replies":[{"embeddable":true,"href":"https:\/\/staging-www.jonnyfresh.com\/at\/wp-json\/wp\/v2\/comments?post=26471"}],"version-history":[{"count":3,"href":"https:\/\/staging-www.jonnyfresh.com\/at\/wp-json\/wp\/v2\/pages\/26471\/revisions"}],"predecessor-version":[{"id":38839,"href":"https:\/\/staging-www.jonnyfresh.com\/at\/wp-json\/wp\/v2\/pages\/26471\/revisions\/38839"}],"wp:attachment":[{"href":"https:\/\/staging-www.jonnyfresh.com\/at\/wp-json\/wp\/v2\/media?parent=26471"}],"wp:term":[{"taxonomy":"category","embeddable":true,"href":"https:\/\/staging-www.jonnyfresh.com\/at\/wp-json\/wp\/v2\/categories?post=26471"},{"taxonomy":"post_tag","embeddable":true,"href":"https:\/\/staging-www.jonnyfresh.com\/at\/wp-json\/wp\/v2\/tags?post=26471"}],"curies":[{"name":"wp","href":"https:\/\/api.w.org\/{rel}","templated":true}]}}