{"id":26466,"date":"2020-09-02T10:33:50","date_gmt":"2020-09-02T08:33:50","guid":{"rendered":"https:\/\/staging-www.jonnyfresh.com\/hygiene-covid-19\/"},"modified":"2020-09-02T10:33:50","modified_gmt":"2020-09-02T08:33:50","slug":"hygiene-covid-19","status":"publish","type":"page","link":"https:\/\/staging-www.jonnyfresh.com\/at\/hygiene-covid-19\/","title":{"rendered":"Hygiene- und Sicherheitsma\u00dfnahmen Jonny Fresh"},"content":{"rendered":"<div class=\"fsn-row full-width-row fsn-69e73cabcf66f jf-promo light\" style=\"background-repeat:repeat;background-position:left top;background-attachment:scroll;background-size:auto;\"><div class=\"container\"><div class=\"row\"><div class=\"col-12 col-md-7 order-2 order-md-1 text-center text-md-start jf-promo-content\"><div class=\"fsn-column-inner fsn-69e73cabcf712 light\"><div class=\"fsn-text fsn-69e73cabcf819 jf-promo-text\">\n<h1>Hygiene- und<br \/>\nSicherheits-<br \/>\nma\u00dfnahmen<\/h1>\n<h2>Abhol- und Bringdienst f\u00fcr frische W\u00e4sche<\/h2>\n<\/div><\/div><\/div><div class=\"col-12 col-md-5 order-1 order-md-2 jf-promo-img-container\"><div class=\"fsn-column-inner fsn-69e73cabcf85c light\"><div class=\"fsn-text fsn-69e73cabcf89c\">\n<div class=\"jf-promo-img-mask\"><img decoding=\"async\" src=\"https:\/\/staging-www.jonnyfresh.com\/wp-content\/uploads\/2022\/02\/jonny_fresh_hygienemassnahmen.jpg\" alt=\"Hygiene- und Sicherheits- ma\u00dfnahmen\" class=\"alignnone size-full wp-image-18571 jf-promo-img\" width=\"100%\" height=\"100%\" \/><\/div>\n<div class=\"jf-promo-img-mask-shadow\"><\/div>\n<\/div><\/div><\/div><\/div><\/div><\/div><div class=\"fsn-row full-width-row fsn-69e73cabcf8ee jf-promo-box jf-promo-box-light light\" style=\"background-repeat:repeat;background-position:left top;background-attachment:scroll;background-size:auto;\"><div class=\"container\"><div class=\"row\"><div class=\"col-sm-12\"><div class=\"fsn-column-inner fsn-69e73cabcf9aa jf-promo-box-content light\"><div class=\"fsn-text fsn-69e73cabcfa18\">\n<h3 style=\"text-align: center;\">Hygiene und Sicherheit unserer Putzerei mit Bringdienst<\/h3>\n<p style=\"text-align: left;\">Angesichts der andauernden COVID-19 Situation, die unser aktuelles Alltagsgeschehen begleitet, m\u00f6chten wir bei Jonny Fresh mit einer Reihe von <strong>Hygiene- und Sicherheitsma\u00dfnahmen<\/strong> unseren Teil zur allgemeinen Sicherheit beitragen. Die Gesundheit unserer Kunden und unserer Mitarbeiter ist das h\u00f6chste Gut. Deshalb k\u00f6nnen wir uns alle mit gegenseitiger Unterst\u00fctzung und einer professionellen Umsetzung gemeinsam bestm\u00f6glich sch\u00fctzen. Im Folgenden informieren wir dar\u00fcber, welches Hygienekonzept wir bei Jonny Fresh derzeit durchf\u00fchren:<\/p>\n<\/div><div class=\"fsn-text fsn-69e73cabcfa36\">\n<div class=\"accordion jf-accordion jf-accordion-full-width\">\n<div class=\"accordion-item\">\n<h4 class=\"accordion-header\" id=\"panelsStayOpen-headingOne\"><a class=\"accordion-button d-flex align-items-start\" data-bs-toggle=\"collapse\" data-bs-target=\"#panelsStayOpen-collapseOne\"><span class=\"material-icons\">expand_circle_down<\/span> Was leistet Jonny Fresh f\u00fcr deine Sicherheit?<br \/>\n<\/a><\/h4>\n<div id=\"panelsStayOpen-collapseOne\" class=\"accordion-collapse collapse show\" aria-labelledby=\"panelsStayOpen-headingOne\">\n<div class=\"accordion-body\">\n<ol>\n<li>In unserer Putzerei werden s\u00e4mtliche Textilien von unseren Fachkr\u00e4ften nach zertifizierten chemothermischen Desinfektionsverfahren gem\u00e4\u00df den Richtlinien des Robert Koch Institutes behandelt.<\/li>\n<li>Unsere Fahrer &amp; Reinigungskr\u00e4fte waschen und desinfizieren sich regelm\u00e4\u00dfig ihre H\u00e4nde und bem\u00fchen sich gemeinsam darum, nicht mehr Gegenst\u00e4nde als es Bedarf zu ber\u00fchren.<\/li>\n<li>Die Bezahlung bei der Lieferung mit Bargeld ist ausnahmslos nicht mehr m\u00f6glich.<\/li>\n<li>Eine Unterschrift zur Best\u00e4tigung der W\u00e4schelieferung wird ausschlie\u00dflich vom Fahrer selbst get\u00e4tigt.<\/li>\n<li>Bei gelegter Ware ist eine kontaktlose Lieferung m\u00f6glich und kann vom Kunden im Bestellprozess als Hinweis hinterlegt werden.<\/li>\n<\/ol>\n<\/div>\n<\/div>\n<\/div>\n<div class=\"accordion-item\">\n<h4 class=\"accordion-header\" id=\"panelsStayOpen-headingTwo\"><a href=\"#\" class=\"accordion-button collapsed d-flex align-items-start\" data-bs-toggle=\"collapse\" data-bs-target=\"#panelsStayOpen-collapseTwo\"><span class=\"material-icons\">expand_circle_down<\/span> Welchen Beitrag kannst du als Kunde leisten?<br \/>\n<\/a><\/h4>\n<div id=\"panelsStayOpen-collapseTwo\" class=\"accordion-collapse collapse\" aria-labelledby=\"panelsStayOpen-headingTwo\">\n<div class=\"accordion-body\">\n<ol>\n<li>Nach dem Erhalt deiner W\u00e4schelieferung solltest du dir gr\u00fcndlich die H\u00e4nde waschen.<\/li>\n<li>Jeder Kunde oder Haushalt, der einen best\u00e4tigten Fall des Virus in seinem Umfeld hat, gibt nach der Entdeckung, bis zum Ablauf der 10-t\u00e4gigen h\u00e4uslichen Quarant\u00e4ne keine Bestellung auf.<\/li>\n<li>Ein Kunde, der positiv auf das Virus getestet wurde und innerhalb von 10 Tagen eine Abholung\/Lieferung erh\u00e4lt, benachrichtigt unseren Kundenservice, damit wir entsprechende Vorkehrungen treffen und eine gemeinsame L\u00f6sung finden k\u00f6nnen.<\/li>\n<\/ol>\n<\/div>\n<\/div>\n<\/div>\n<div class=\"accordion-item\">\n<h4 class=\"accordion-header\" id=\"panelsStayOpen-headingThree\"><a href=\"#\" class=\"accordion-button collapsed d-flex align-items-start\" data-bs-toggle=\"collapse\" data-bs-target=\"#panelsStayOpen-collapseThree\"><span class=\"material-icons\">expand_circle_down<\/span> Wie sicher ist der Bringdienst f\u00fcr frische W\u00e4sche?<br \/>\n<\/a><\/h4>\n<div id=\"panelsStayOpen-collapseThree\" class=\"accordion-collapse collapse\" aria-labelledby=\"panelsStayOpen-headingThree\">\n<div class=\"accordion-body\">\n<ol>\n<li>Das Risiko, dass sich Covid-19 durch Kontakt mit Objekten, wie z.B. Kleidung ausbreiten kann, ist nach den uns bekannten Expertenaussagen des RKI aktuell nicht \u00fcberliefert. Eine Infektion mit dem Coronavirus durch den Kontakt mit W\u00e4sche wurde bisher auch nicht best\u00e4tigt.<\/li>\n<\/ol>\n<\/div>\n<\/div>\n<\/div>\n<\/div>\n<p>&nbsp;<\/p>\n<\/div><div class=\"fsn-text fsn-69e73cabcfa55 jf-hygiene-standards\">\n<h3 style=\"text-align: center;\">Hast du weitere Fragen zu den Hygienema\u00dfnahmen bei Jonny Fresh?<\/h3>\n<p>Unser ungeteilter Fokus liegt auf der Sicherheit unserer Kunden und Mitarbeiter. Solltest du spezielle W\u00fcnsche haben, z\u00f6gere bitte nicht, dich mit unserem <a href=\"\/at\/kundenservice\/\">Kundenservice<\/a> in Verbindung zu setzen! Dieser steht dir wie immer f\u00fcr alle Fragen zur Verf\u00fcgung.<\/p>\n<\/div><\/div><\/div><\/div><\/div><\/div>\n","protected":false},"excerpt":{"rendered":"","protected":false},"author":8,"featured_media":0,"parent":0,"menu_order":6,"comment_status":"closed","ping_status":"closed","template":"","meta":{"inline_featured_image":false,"footnotes":""},"categories":[],"tags":[],"class_list":["post-26466","page","type-page","status-publish","hentry"],"yoast_head":"<!-- This site is optimized with the Yoast SEO plugin v25.3 - https:\/\/yoast.com\/wordpress\/plugins\/seo\/ -->\n<title>Hygiene- und Sicherheitsma\u00dfnahmen Jonny Fresh - jonnyfresh<\/title>\n<meta name=\"robots\" content=\"index, follow, max-snippet:-1, max-image-preview:large, max-video-preview:-1\" \/>\n<link rel=\"canonical\" href=\"https:\/\/staging-www.jonnyfresh.com\/at\/hygiene-covid-19\/\" \/>\n<meta property=\"og:locale\" content=\"de_DE\" \/>\n<meta property=\"og:type\" content=\"article\" \/>\n<meta property=\"og:title\" content=\"Hygiene- und Sicherheitsma\u00dfnahmen Jonny Fresh - jonnyfresh\" \/>\n<meta property=\"og:url\" content=\"https:\/\/staging-www.jonnyfresh.com\/at\/hygiene-covid-19\/\" \/>\n<meta property=\"og:site_name\" content=\"jonnyfresh\" \/>\n<meta property=\"og:image\" content=\"https:\/\/staging-www.jonnyfresh.com\/wp-content\/uploads\/2022\/02\/jonny_fresh_hygienemassnahmen.jpg\" \/>\n<meta name=\"twitter:card\" content=\"summary_large_image\" \/>\n<meta name=\"twitter:label1\" content=\"Est. reading time\" \/>\n\t<meta name=\"twitter:data1\" content=\"3 minutes\" \/>\n<script type=\"application\/ld+json\" class=\"yoast-schema-graph\">{\"@context\":\"https:\/\/schema.org\",\"@graph\":[{\"@type\":\"WebPage\",\"@id\":\"https:\/\/staging-www.jonnyfresh.com\/at\/hygiene-covid-19\/\",\"url\":\"https:\/\/staging-www.jonnyfresh.com\/at\/hygiene-covid-19\/\",\"name\":\"Hygiene- und Sicherheitsma\u00dfnahmen Jonny Fresh - jonnyfresh\",\"isPartOf\":{\"@id\":\"https:\/\/staging-www.jonnyfresh.com\/at\/#website\"},\"primaryImageOfPage\":{\"@id\":\"https:\/\/staging-www.jonnyfresh.com\/at\/hygiene-covid-19\/#primaryimage\"},\"image\":{\"@id\":\"https:\/\/staging-www.jonnyfresh.com\/at\/hygiene-covid-19\/#primaryimage\"},\"thumbnailUrl\":\"https:\/\/staging-www.jonnyfresh.com\/wp-content\/uploads\/2022\/02\/jonny_fresh_hygienemassnahmen.jpg\",\"datePublished\":\"2020-09-02T08:33:50+00:00\",\"inLanguage\":\"de-AT\",\"potentialAction\":[{\"@type\":\"ReadAction\",\"target\":[\"https:\/\/staging-www.jonnyfresh.com\/at\/hygiene-covid-19\/\"]}]},{\"@type\":\"ImageObject\",\"inLanguage\":\"de-AT\",\"@id\":\"https:\/\/staging-www.jonnyfresh.com\/at\/hygiene-covid-19\/#primaryimage\",\"url\":\"https:\/\/staging-www.jonnyfresh.com\/wp-content\/uploads\/2022\/02\/jonny_fresh_hygienemassnahmen.jpg\",\"contentUrl\":\"https:\/\/staging-www.jonnyfresh.com\/wp-content\/uploads\/2022\/02\/jonny_fresh_hygienemassnahmen.jpg\"},{\"@type\":\"WebSite\",\"@id\":\"https:\/\/staging-www.jonnyfresh.com\/at\/#website\",\"url\":\"https:\/\/staging-www.jonnyfresh.com\/at\/\",\"name\":\"jonnyfresh\",\"description\":\"Eine weitere WordPress Website\",\"potentialAction\":[{\"@type\":\"SearchAction\",\"target\":{\"@type\":\"EntryPoint\",\"urlTemplate\":\"https:\/\/staging-www.jonnyfresh.com\/at\/?s={search_term_string}\"},\"query-input\":{\"@type\":\"PropertyValueSpecification\",\"valueRequired\":true,\"valueName\":\"search_term_string\"}}],\"inLanguage\":\"de-AT\"}]}<\/script>\n<!-- \/ Yoast SEO plugin. -->","yoast_head_json":{"title":"Hygiene- und Sicherheitsma\u00dfnahmen Jonny Fresh - jonnyfresh","robots":{"index":"index","follow":"follow","max-snippet":"max-snippet:-1","max-image-preview":"max-image-preview:large","max-video-preview":"max-video-preview:-1"},"canonical":"https:\/\/staging-www.jonnyfresh.com\/at\/hygiene-covid-19\/","og_locale":"de_DE","og_type":"article","og_title":"Hygiene- und Sicherheitsma\u00dfnahmen Jonny Fresh - jonnyfresh","og_url":"https:\/\/staging-www.jonnyfresh.com\/at\/hygiene-covid-19\/","og_site_name":"jonnyfresh","og_image":[{"url":"https:\/\/staging-www.jonnyfresh.com\/wp-content\/uploads\/2022\/02\/jonny_fresh_hygienemassnahmen.jpg","type":"","width":"","height":""}],"twitter_card":"summary_large_image","twitter_misc":{"Est. reading time":"3 minutes"},"schema":{"@context":"https:\/\/schema.org","@graph":[{"@type":"WebPage","@id":"https:\/\/staging-www.jonnyfresh.com\/at\/hygiene-covid-19\/","url":"https:\/\/staging-www.jonnyfresh.com\/at\/hygiene-covid-19\/","name":"Hygiene- und Sicherheitsma\u00dfnahmen Jonny Fresh - jonnyfresh","isPartOf":{"@id":"https:\/\/staging-www.jonnyfresh.com\/at\/#website"},"primaryImageOfPage":{"@id":"https:\/\/staging-www.jonnyfresh.com\/at\/hygiene-covid-19\/#primaryimage"},"image":{"@id":"https:\/\/staging-www.jonnyfresh.com\/at\/hygiene-covid-19\/#primaryimage"},"thumbnailUrl":"https:\/\/staging-www.jonnyfresh.com\/wp-content\/uploads\/2022\/02\/jonny_fresh_hygienemassnahmen.jpg","datePublished":"2020-09-02T08:33:50+00:00","inLanguage":"de-AT","potentialAction":[{"@type":"ReadAction","target":["https:\/\/staging-www.jonnyfresh.com\/at\/hygiene-covid-19\/"]}]},{"@type":"ImageObject","inLanguage":"de-AT","@id":"https:\/\/staging-www.jonnyfresh.com\/at\/hygiene-covid-19\/#primaryimage","url":"https:\/\/staging-www.jonnyfresh.com\/wp-content\/uploads\/2022\/02\/jonny_fresh_hygienemassnahmen.jpg","contentUrl":"https:\/\/staging-www.jonnyfresh.com\/wp-content\/uploads\/2022\/02\/jonny_fresh_hygienemassnahmen.jpg"},{"@type":"WebSite","@id":"https:\/\/staging-www.jonnyfresh.com\/at\/#website","url":"https:\/\/staging-www.jonnyfresh.com\/at\/","name":"jonnyfresh","description":"Eine weitere WordPress Website","potentialAction":[{"@type":"SearchAction","target":{"@type":"EntryPoint","urlTemplate":"https:\/\/staging-www.jonnyfresh.com\/at\/?s={search_term_string}"},"query-input":{"@type":"PropertyValueSpecification","valueRequired":true,"valueName":"search_term_string"}}],"inLanguage":"de-AT"}]}},"_links":{"self":[{"href":"https:\/\/staging-www.jonnyfresh.com\/at\/wp-json\/wp\/v2\/pages\/26466","targetHints":{"allow":["GET"]}}],"collection":[{"href":"https:\/\/staging-www.jonnyfresh.com\/at\/wp-json\/wp\/v2\/pages"}],"about":[{"href":"https:\/\/staging-www.jonnyfresh.com\/at\/wp-json\/wp\/v2\/types\/page"}],"author":[{"embeddable":true,"href":"https:\/\/staging-www.jonnyfresh.com\/at\/wp-json\/wp\/v2\/users\/8"}],"replies":[{"embeddable":true,"href":"https:\/\/staging-www.jonnyfresh.com\/at\/wp-json\/wp\/v2\/comments?post=26466"}],"version-history":[{"count":0,"href":"https:\/\/staging-www.jonnyfresh.com\/at\/wp-json\/wp\/v2\/pages\/26466\/revisions"}],"wp:attachment":[{"href":"https:\/\/staging-www.jonnyfresh.com\/at\/wp-json\/wp\/v2\/media?parent=26466"}],"wp:term":[{"taxonomy":"category","embeddable":true,"href":"https:\/\/staging-www.jonnyfresh.com\/at\/wp-json\/wp\/v2\/categories?post=26466"},{"taxonomy":"post_tag","embeddable":true,"href":"https:\/\/staging-www.jonnyfresh.com\/at\/wp-json\/wp\/v2\/tags?post=26466"}],"curies":[{"name":"wp","href":"https:\/\/api.w.org\/{rel}","templated":true}]}}