{"id":26463,"date":"2021-09-14T10:56:26","date_gmt":"2021-09-14T08:56:26","guid":{"rendered":"https:\/\/staging-www.jonnyfresh.com\/plastikfreie-verpackung\/"},"modified":"2023-05-09T08:49:08","modified_gmt":"2023-05-09T06:49:08","slug":"plastikfreie-verpackung","status":"publish","type":"page","link":"https:\/\/staging-www.jonnyfresh.com\/at\/plastikfreie-verpackung\/","title":{"rendered":"Putzerei mit plastikfreier Verpackung"},"content":{"rendered":"<div class=\"fsn-row full-width-row fsn-69e739eba5377 jf-promo light\" style=\"background-repeat:repeat;background-position:left top;background-attachment:scroll;background-size:auto;\"><div class=\"container\"><div class=\"row\"><div class=\"col-12 col-md-7 order-2 order-md-1 text-center text-md-start jf-promo-content\"><div class=\"fsn-column-inner fsn-69e739eba5409 light\"><div class=\"fsn-text fsn-69e739eba5485 jf-promo-text\">\n<h1>Putzerei mit plastikfreier Verpackung<\/h1>\n<h2>Abholen, reinigen und liefern zum Wunschtermin<\/h2>\n<\/div><div id=\"component-26438\" class=\"component fsn-69e739eba59e3\"><div  class=\"fsn-row full-width-container fsn-69e739eba5b59 light seamless\" style=\"background-repeat:repeat;background-position:left top;background-attachment:scroll;background-size:auto;\"><div class=\"row\"><div class=\"col-sm-12\"><div class=\"fsn-column-inner fsn-69e739eba5bc8 light\"><div class=\"fsn-code fsn-69e739eba5c17\"><form action=\"https:\/\/staging-customerwebapp.jonnyfresh.com\/online-bestellen\/#c0\" method=\"get\" class=\"jf-form jf-postal-code-form\" autocomplete=\"off\">\r\n    <fieldset>\r\n        <div class=\"row\">\r\n            <div class=\"col-12 col-lg-7 jf-postal-code-container\">\r\n                <div class=\"input-group\">\r\n                    <div class=\"jf-spinner\"><\/div>\r\n                    <input type=\"hidden\" name=\"locale\" value=\"de_AT\">\r\n                    <input type=\"hidden\" name=\"postalCodeId\" value=\"\">\r\n                    <input type=\"hidden\" name=\"plz\" value=\"\">\r\n\t\t\t\t\t<input type=\"hidden\" name=\"corporate\" value=\"\">\r\n                    <input type=\"text\" maxlength=\"5\" name=\"plz\" class=\"form-control text-center text-lg-start jf-postal-code\" placeholder=\"Postleitzahl eingeben\">\r\n                    <span class=\"material-icons\">location_on<\/span>\r\n                <\/div>\r\n                <div class=\"jf-postal-code-results\">\r\n                    <ul><\/ul>\r\n                <\/div>\r\n            <\/div>\r\n            <div class=\"col-12 col-lg-5\">\r\n                 <div class=\"d-grid\">\r\n                     <a class=\"btn btn-secondary btn-lg\" href=\"#\" role=\"button\">Los geht's <span class=\"material-icons\">chevron_right<\/span>\r\n<\/a>\r\n                 <\/div>\r\n             <\/div>\r\n         <\/div>\r\n     <\/fieldset>\r\n<\/form><\/div><\/div><\/div><\/div><\/div>\n<\/div><div id=\"component-26426\" class=\"component fsn-69e739eba6126\"><div  class=\"fsn-row full-width-container fsn-69e739eba62a4 light\" style=\"background-repeat:repeat;background-position:left top;background-attachment:scroll;background-size:auto;\"><div class=\"row\"><div class=\"col-sm-12\"><div class=\"fsn-column-inner fsn-69e739eba6303 light\"><div class=\"fsn-text fsn-69e739eba6339\">\n<p>Noch Fragen?<\/p>\n<nav class=\"jf-phone-numbers\"><a href=\"tel:0800700020\" class=\"jf-at-phone-number\"><img decoding=\"async\" src=\"https:\/\/static.jonnyfresh.com\/wp-content\/uploads\/flags\/at.png\" alt=\"Austria flag\" width=\"17\" height=\"17\" \/> 0800 700 020 <span class=\"material-icons\">phone<\/span><\/a><\/nav>\n<\/div><\/div><\/div><\/div><\/div>\n<\/div><\/div><\/div><div class=\"col-12 col-md-5 order-1 order-md-2 jf-promo-img-container\"><div class=\"fsn-column-inner fsn-69e739eba6379 light\"><div class=\"fsn-text fsn-69e739eba63a6\">\n<div class=\"jf-promo-img-mask\"><img decoding=\"async\" src=\"https:\/\/staging-www.jonnyfresh.com\/wp-content\/uploads\/2022\/02\/plastikfreie_verpackung.jpg\" alt=\"Putzerei mit plastikfreier Verpackung\" class=\"alignnone size-full wp-image-18571 jf-promo-img\" width=\"100%\" height=\"100%\" \/><\/div>\n<div class=\"jf-promo-img-mask-shadow\"><\/div>\n<\/div><\/div><\/div><\/div><\/div><\/div><div class=\"fsn-row full-width-row fsn-69e739eba63db jf-promo-box jf-promo-box-light light\" style=\"background-repeat:repeat;background-position:left top;background-attachment:scroll;background-size:auto;\"><div class=\"container\"><div class=\"row\"><div class=\"col-sm-12\"><div class=\"fsn-column-inner fsn-69e739eba6421 jf-promo-box-content light\"><div class=\"fsn-text fsn-69e739eba64b5\">\n<h3 style=\"text-align: center;\">Deine Kleidung in 100% plastikfreier Schutzh\u00fclle geliefert<\/h3>\n<p>Nachhaltigkeit ist einer der bedeutendsten Trends im Verpackungsbereich und ver\u00e4ndert aktuell und zuk\u00fcnftig das Zusammenspiel zwischen Anbietern und Kunden. Was z\u00e4hlt, ist der bewusste Umgang mit Ressourcen und Wertstoffen. Die Verpackung \u00fcbernimmt hier Verantwortung. Sie ist heute ein Hightech-Produkt, das mehr und mehr leistet \u2013 mit immer weniger Energie- und Materialaufwand. Die Verantwortung bei Jonny Fresh, als umweltschonende Putzerei zu agieren und voranzugehen, l\u00e4sst uns t\u00e4glich mit Freude am Schwerpunkt Nachhaltigkeit arbeiten. Unser Anspruch ist es, stets Hand in Hand mit unseren Partnern in der Textilbranche, Prozesse auf \u00f6kologischer Basis zu optimieren, um eine saubere Zukunft mit dem geringst m\u00f6glichen CO2 Fu\u00dfabdruck zu gew\u00e4hrleisten.<\/p>\n<h3 style=\"text-align: center;\">Plastikfreie Verpackung sch\u00fctzend &amp; kompostierbar<\/h3>\n<p>In Deutschland konnte die Verpackungsverwertung im Jahr 2019 ein neues Niveau erreichen. Von den \u00fcber 18 Millionen Tonnen verbrauchten Verpackungen wurden fast 97% der Verwertung (stofflich oder thermisch) zugef\u00fchrt. Die Recyclingquote lag dabei material\u00fcbergreifend bei 80,8, %. Das bedeutet, dass wir heute schon 4 von 5 Verpackungen stofflich wiederverwerten (Recycling-Bilanz der GVM, 10\/2020). Wir freuen uns, dass wir mit der deutschlandweiten Einf\u00fchrung unserer plastikfreien Verpackung zuk\u00fcnftig einen wichtigen Teil zur Recyclingquote beitragen k\u00f6nnen.<\/p>\n<p>Durchschnittlich verbraucht ein Deutscher im Leben 80 Jeans, 140 <a href=\"https:\/\/staging-www.jonnyfresh.com\/at\/jackenreinigung\/\">Jacken<\/a>, 250 Pullover &amp; 240 T-Shirts. Das entspricht etwa einer Tonne pro B\u00fcrger. Damit liegt Deutschland an der Weltspitze, nur die Schweiz und USA verbrauchen \u00e4hnlich viel. F\u00fcr alle Kleidungsst\u00fccke, die davon bei uns in der umweltschonenden Reinigung landen, verwenden wir f\u00fcr die Lieferung der gereinigten &amp; geh\u00e4ngten Textilien eine 100% plastikfreie Schutzh\u00fclle aus komplett biologisch abbaubaren Material. F\u00fcr die Verpackung m\u00fcssen keine Monokulturen wie Mais oder Zuckerrohr angebaut werden, denn sie besteht zu 100% aus Kartoffelschalenst\u00e4rke, die an anderer Stelle als Agrarabfall entsteht und recycelt wird. Somit werden keine wertvollen Lebensmittel verschwendet und die Verpackung kann nach Verwendung problemlos \u00fcber den heimischen Kompost entsorgt werden.<\/p>\n<p>Das Verpackungsmaterial ist zudem v\u00f6llig geruchsneutral und komplett frei von chemischen Weichmachern. Die neue plastikfreie Verpackung bietet dabei denselben Schutz vor Staub und Regen wie die klassische Plastikh\u00fclle.<\/p>\n<\/div><\/div><\/div><\/div><\/div><\/div><div class=\"fsn-row full-width-row fsn-69e739eba64f5 jf-promo-box light\" style=\"background-repeat:repeat;background-position:left top;background-attachment:scroll;background-size:auto;\"><div class=\"container\"><div class=\"row\"><div class=\"col-sm-12\"><div class=\"fsn-column-inner fsn-69e739eba65aa light\"><div class=\"fsn-text fsn-69e739eba662a\">\n<div class=\"jf-promo-box-content\">\n<div class=\"jf-promo-box-content-header-small text-center\">Gr\u00fcn verpackt<\/div>\n<h3 class=\"text-center\">Hygienisch &amp; nat\u00fcrlich<\/h3>\n<\/div>\n<\/div><div  class=\"fsn-row full-width-container fsn-69e739eba6667 light\" style=\"background-repeat:repeat;background-position:left top;background-attachment:scroll;background-size:auto;\"><div class=\"row flex-column flex-lg-row jf-process-steps\"><div class=\"col-12 col-lg-4\"><div class=\"fsn-column-inner fsn-69e739eba66e4 light\"><div class=\"fsn-text fsn-69e739eba67f6\">\n<p><img decoding=\"async\" src=\"https:\/\/staging-www.jonnyfresh.com\/wp-content\/uploads\/2022\/02\/100-prozent-plastikfrei-e1631534213230.png\" alt=\"100% plastikfrei\" width=\"300\" height=\"300\" class=\"alignnone size-full wp-image-19416\" srcset=\"https:\/\/media.jonnyfresh.com\/wp-content\/uploads\/2022\/02\/100-prozent-plastikfrei-e1631534213230.png 300w, https:\/\/media.jonnyfresh.com\/wp-content\/uploads\/2022\/02\/100-prozent-plastikfrei-e1631534213230-150x150.png 150w\" sizes=\"(max-width: 768px) 70vw, 640px\" \/><\/p>\n<h4 class=\"d-flex align-items-start justify-content-center justify-content-lg-start\"><span class=\"text-center flex-shrink-0\">1<\/span> 100% plastikfrei<\/h4>\n<p class=\"jf-step-text\">Die Verpackung ist aus biologischen Rohstoffen und frei von Plastik hergestellt. Sie besteht zu 100% aus Kartoffelschalenst\u00e4rke.<\/p>\n<\/div><\/div><\/div><div class=\"col-12 col-lg-4\"><div class=\"fsn-column-inner fsn-69e739eba683c light\"><div class=\"fsn-text fsn-69e739eba688c\">\n<p><img decoding=\"async\" src=\"https:\/\/staging-www.jonnyfresh.com\/wp-content\/uploads\/2022\/02\/100-prozent-schuetzend-e1631534239420.png\" alt=\"100% sch\u00fctzend\" width=\"300\" height=\"300\" class=\"alignnone size-full wp-image-19420\" srcset=\"https:\/\/media.jonnyfresh.com\/wp-content\/uploads\/2022\/02\/100-prozent-schuetzend-e1631534239420.png 300w, https:\/\/media.jonnyfresh.com\/wp-content\/uploads\/2022\/02\/100-prozent-schuetzend-e1631534239420-150x150.png 150w\" sizes=\"(max-width: 768px) 70vw, 640px\" \/><\/p>\n<h4 class=\"d-flex align-items-start justify-content-center justify-content-lg-start\"><span class=\"text-center flex-shrink-0\">2<\/span> 100% sch\u00fctzend<\/h4>\n<p class=\"jf-step-text\">Gereinigte Kleidungsst\u00fccke werden optimal vor N\u00e4sse und Staub, aber auch vor Ber\u00fchrung z.\u2009B. w\u00e4hrend des Transports gesch\u00fctzt.<\/p>\n<\/div><\/div><\/div><div class=\"col-12 col-lg-4\"><div class=\"fsn-column-inner fsn-69e739eba68ca light\"><div class=\"fsn-text fsn-69e739eba6917\">\n<p><img decoding=\"async\" src=\"https:\/\/staging-www.jonnyfresh.com\/wp-content\/uploads\/2022\/02\/100-prozent-kompostierbar-e1631534260182.png\" alt=\"100% kompostierbar\" width=\"300\" height=\"300\" class=\"alignnone size-full wp-image-19424\" srcset=\"https:\/\/media.jonnyfresh.com\/wp-content\/uploads\/2022\/02\/100-prozent-kompostierbar-e1631534260182.png 300w, https:\/\/media.jonnyfresh.com\/wp-content\/uploads\/2022\/02\/100-prozent-kompostierbar-e1631534260182-150x150.png 150w\" sizes=\"(max-width: 768px) 70vw, 640px\" \/><\/p>\n<h4 class=\"d-flex align-items-start justify-content-center justify-content-lg-start\"><span class=\"text-center flex-shrink-0\">3<\/span> 100% kompostierbar<\/h4>\n<p>Die Schutzh\u00fclle ist 100% heimkompostierbar und kann nach Verwendung problemlos im heimischen Biom\u00fcll entsorgt werden.<\/p>\n<\/div><\/div><\/div><\/div><\/div><\/div><\/div><\/div><\/div><\/div><div class=\"fsn-row full-width-row fsn-69e739eba696b jf-promo-box jf-promo-box-light light\" style=\"background-repeat:repeat;background-position:left top;background-attachment:scroll;background-size:auto;\"><div class=\"container\"><div class=\"row\"><div class=\"col-sm-12\"><div class=\"fsn-column-inner fsn-69e739eba69c7 jf-promo-box-content light\"><div class=\"fsn-text fsn-69e739eba6a0a\">\n<h3 style=\"text-align: center;\">Wir handeln aus \u00dcberzeugung nachhaltig<\/h3>\n<ul class=\"jf-list jf-list-large\">\n<li class=\"d-flex\"><span class=\"material-icons\">check_circle<\/span> Nachhaltige und plastikfreie Verpackung<\/li>\n<li class=\"d-flex\"><span class=\"material-icons\">check_circle<\/span> Gefertigt aus 100% BIO-Granulat (Kartoffelschalen)<\/li>\n<li class=\"d-flex\"><span class=\"material-icons\">check_circle<\/span> Hygienisch und langlebig<\/li>\n<li class=\"d-flex\"><span class=\"material-icons\">check_circle<\/span> 100% sch\u00fctzend vor N\u00e4sse und Staub<\/li>\n<li class=\"d-flex\"><span class=\"material-icons\">check_circle<\/span> Einfach und sicher in der Biotonne zu entsorgen<\/li>\n<\/ul>\n<\/div><\/div><\/div><\/div><\/div><\/div>\n","protected":false},"excerpt":{"rendered":"","protected":false},"author":8,"featured_media":26465,"parent":0,"menu_order":1,"comment_status":"closed","ping_status":"closed","template":"","meta":{"inline_featured_image":false,"footnotes":""},"categories":[],"tags":[],"class_list":["post-26463","page","type-page","status-publish","has-post-thumbnail","hentry"],"yoast_head":"<!-- This site is optimized with the Yoast SEO plugin v25.3 - https:\/\/yoast.com\/wordpress\/plugins\/seo\/ -->\n<title>Putzerei mit plastikfreier Verpackung \u00bb Jetzt informieren!<\/title>\n<meta name=\"description\" content=\"Plastikfreie Verpackung \u00bb nachhaltig &amp; hygienisch \u2713 aus BIO-Granulat \u2713 100% heimkompostierbar \u2713 100% sch\u00fctzend \u2713 \u00bb Jetzt informieren!\" \/>\n<meta name=\"robots\" content=\"index, follow, max-snippet:-1, max-image-preview:large, max-video-preview:-1\" \/>\n<link rel=\"canonical\" href=\"https:\/\/staging-www.jonnyfresh.com\/at\/plastikfreie-verpackung\/\" \/>\n<meta property=\"og:locale\" content=\"de_DE\" \/>\n<meta property=\"og:type\" content=\"article\" \/>\n<meta property=\"og:title\" content=\"Putzerei mit plastikfreier Verpackung \u00bb Jetzt informieren!\" \/>\n<meta property=\"og:description\" content=\"Plastikfreie Verpackung \u00bb nachhaltig &amp; hygienisch \u2713 aus BIO-Granulat \u2713 100% heimkompostierbar \u2713 100% sch\u00fctzend \u2713 \u00bb Jetzt informieren!\" \/>\n<meta property=\"og:url\" content=\"https:\/\/staging-www.jonnyfresh.com\/at\/plastikfreie-verpackung\/\" \/>\n<meta property=\"og:site_name\" content=\"jonnyfresh\" \/>\n<meta property=\"article:modified_time\" content=\"2023-05-09T06:49:08+00:00\" \/>\n<meta property=\"og:image\" content=\"https:\/\/media.jonnyfresh.com\/wp-content\/uploads\/2021\/09\/plastikfreie-verpackung.jpg\" \/>\n\t<meta property=\"og:image:width\" content=\"1920\" \/>\n\t<meta property=\"og:image:height\" content=\"1010\" \/>\n\t<meta property=\"og:image:type\" content=\"image\/jpeg\" \/>\n<meta name=\"twitter:card\" content=\"summary_large_image\" \/>\n<meta name=\"twitter:label1\" content=\"Est. reading time\" \/>\n\t<meta name=\"twitter:data1\" content=\"4 minutes\" \/>\n<script type=\"application\/ld+json\" class=\"yoast-schema-graph\">{\"@context\":\"https:\/\/schema.org\",\"@graph\":[{\"@type\":\"WebPage\",\"@id\":\"https:\/\/staging-www.jonnyfresh.com\/at\/plastikfreie-verpackung\/\",\"url\":\"https:\/\/staging-www.jonnyfresh.com\/at\/plastikfreie-verpackung\/\",\"name\":\"Putzerei mit plastikfreier Verpackung \u00bb Jetzt informieren!\",\"isPartOf\":{\"@id\":\"https:\/\/staging-www.jonnyfresh.com\/at\/#website\"},\"primaryImageOfPage\":{\"@id\":\"https:\/\/staging-www.jonnyfresh.com\/at\/plastikfreie-verpackung\/#primaryimage\"},\"image\":{\"@id\":\"https:\/\/staging-www.jonnyfresh.com\/at\/plastikfreie-verpackung\/#primaryimage\"},\"thumbnailUrl\":\"https:\/\/media.jonnyfresh.com\/wp-content\/uploads\/2021\/09\/plastikfreie-verpackung.jpg\",\"datePublished\":\"2021-09-14T08:56:26+00:00\",\"dateModified\":\"2023-05-09T06:49:08+00:00\",\"description\":\"Plastikfreie Verpackung \u00bb nachhaltig & hygienisch \u2713 aus BIO-Granulat \u2713 100% heimkompostierbar \u2713 100% sch\u00fctzend \u2713 \u00bb Jetzt informieren!\",\"inLanguage\":\"de-AT\",\"potentialAction\":[{\"@type\":\"ReadAction\",\"target\":[\"https:\/\/staging-www.jonnyfresh.com\/at\/plastikfreie-verpackung\/\"]}]},{\"@type\":\"ImageObject\",\"inLanguage\":\"de-AT\",\"@id\":\"https:\/\/staging-www.jonnyfresh.com\/at\/plastikfreie-verpackung\/#primaryimage\",\"url\":\"https:\/\/media.jonnyfresh.com\/wp-content\/uploads\/2021\/09\/plastikfreie-verpackung.jpg\",\"contentUrl\":\"https:\/\/media.jonnyfresh.com\/wp-content\/uploads\/2021\/09\/plastikfreie-verpackung.jpg\",\"width\":1920,\"height\":1010},{\"@type\":\"WebSite\",\"@id\":\"https:\/\/staging-www.jonnyfresh.com\/at\/#website\",\"url\":\"https:\/\/staging-www.jonnyfresh.com\/at\/\",\"name\":\"jonnyfresh\",\"description\":\"Eine weitere WordPress Website\",\"potentialAction\":[{\"@type\":\"SearchAction\",\"target\":{\"@type\":\"EntryPoint\",\"urlTemplate\":\"https:\/\/staging-www.jonnyfresh.com\/at\/?s={search_term_string}\"},\"query-input\":{\"@type\":\"PropertyValueSpecification\",\"valueRequired\":true,\"valueName\":\"search_term_string\"}}],\"inLanguage\":\"de-AT\"}]}<\/script>\n<!-- \/ Yoast SEO plugin. -->","yoast_head_json":{"title":"Putzerei mit plastikfreier Verpackung \u00bb Jetzt informieren!","description":"Plastikfreie Verpackung \u00bb nachhaltig & hygienisch \u2713 aus BIO-Granulat \u2713 100% heimkompostierbar \u2713 100% sch\u00fctzend \u2713 \u00bb Jetzt informieren!","robots":{"index":"index","follow":"follow","max-snippet":"max-snippet:-1","max-image-preview":"max-image-preview:large","max-video-preview":"max-video-preview:-1"},"canonical":"https:\/\/staging-www.jonnyfresh.com\/at\/plastikfreie-verpackung\/","og_locale":"de_DE","og_type":"article","og_title":"Putzerei mit plastikfreier Verpackung \u00bb Jetzt informieren!","og_description":"Plastikfreie Verpackung \u00bb nachhaltig & hygienisch \u2713 aus BIO-Granulat \u2713 100% heimkompostierbar \u2713 100% sch\u00fctzend \u2713 \u00bb Jetzt informieren!","og_url":"https:\/\/staging-www.jonnyfresh.com\/at\/plastikfreie-verpackung\/","og_site_name":"jonnyfresh","article_modified_time":"2023-05-09T06:49:08+00:00","og_image":[{"width":1920,"height":1010,"url":"https:\/\/media.jonnyfresh.com\/wp-content\/uploads\/2021\/09\/plastikfreie-verpackung.jpg","type":"image\/jpeg"}],"twitter_card":"summary_large_image","twitter_misc":{"Est. reading time":"4 minutes"},"schema":{"@context":"https:\/\/schema.org","@graph":[{"@type":"WebPage","@id":"https:\/\/staging-www.jonnyfresh.com\/at\/plastikfreie-verpackung\/","url":"https:\/\/staging-www.jonnyfresh.com\/at\/plastikfreie-verpackung\/","name":"Putzerei mit plastikfreier Verpackung \u00bb Jetzt informieren!","isPartOf":{"@id":"https:\/\/staging-www.jonnyfresh.com\/at\/#website"},"primaryImageOfPage":{"@id":"https:\/\/staging-www.jonnyfresh.com\/at\/plastikfreie-verpackung\/#primaryimage"},"image":{"@id":"https:\/\/staging-www.jonnyfresh.com\/at\/plastikfreie-verpackung\/#primaryimage"},"thumbnailUrl":"https:\/\/media.jonnyfresh.com\/wp-content\/uploads\/2021\/09\/plastikfreie-verpackung.jpg","datePublished":"2021-09-14T08:56:26+00:00","dateModified":"2023-05-09T06:49:08+00:00","description":"Plastikfreie Verpackung \u00bb nachhaltig & hygienisch \u2713 aus BIO-Granulat \u2713 100% heimkompostierbar \u2713 100% sch\u00fctzend \u2713 \u00bb Jetzt informieren!","inLanguage":"de-AT","potentialAction":[{"@type":"ReadAction","target":["https:\/\/staging-www.jonnyfresh.com\/at\/plastikfreie-verpackung\/"]}]},{"@type":"ImageObject","inLanguage":"de-AT","@id":"https:\/\/staging-www.jonnyfresh.com\/at\/plastikfreie-verpackung\/#primaryimage","url":"https:\/\/media.jonnyfresh.com\/wp-content\/uploads\/2021\/09\/plastikfreie-verpackung.jpg","contentUrl":"https:\/\/media.jonnyfresh.com\/wp-content\/uploads\/2021\/09\/plastikfreie-verpackung.jpg","width":1920,"height":1010},{"@type":"WebSite","@id":"https:\/\/staging-www.jonnyfresh.com\/at\/#website","url":"https:\/\/staging-www.jonnyfresh.com\/at\/","name":"jonnyfresh","description":"Eine weitere WordPress Website","potentialAction":[{"@type":"SearchAction","target":{"@type":"EntryPoint","urlTemplate":"https:\/\/staging-www.jonnyfresh.com\/at\/?s={search_term_string}"},"query-input":{"@type":"PropertyValueSpecification","valueRequired":true,"valueName":"search_term_string"}}],"inLanguage":"de-AT"}]}},"_links":{"self":[{"href":"https:\/\/staging-www.jonnyfresh.com\/at\/wp-json\/wp\/v2\/pages\/26463","targetHints":{"allow":["GET"]}}],"collection":[{"href":"https:\/\/staging-www.jonnyfresh.com\/at\/wp-json\/wp\/v2\/pages"}],"about":[{"href":"https:\/\/staging-www.jonnyfresh.com\/at\/wp-json\/wp\/v2\/types\/page"}],"author":[{"embeddable":true,"href":"https:\/\/staging-www.jonnyfresh.com\/at\/wp-json\/wp\/v2\/users\/8"}],"replies":[{"embeddable":true,"href":"https:\/\/staging-www.jonnyfresh.com\/at\/wp-json\/wp\/v2\/comments?post=26463"}],"version-history":[{"count":3,"href":"https:\/\/staging-www.jonnyfresh.com\/at\/wp-json\/wp\/v2\/pages\/26463\/revisions"}],"predecessor-version":[{"id":26790,"href":"https:\/\/staging-www.jonnyfresh.com\/at\/wp-json\/wp\/v2\/pages\/26463\/revisions\/26790"}],"wp:featuredmedia":[{"embeddable":true,"href":"https:\/\/staging-www.jonnyfresh.com\/at\/wp-json\/wp\/v2\/media\/26465"}],"wp:attachment":[{"href":"https:\/\/staging-www.jonnyfresh.com\/at\/wp-json\/wp\/v2\/media?parent=26463"}],"wp:term":[{"taxonomy":"category","embeddable":true,"href":"https:\/\/staging-www.jonnyfresh.com\/at\/wp-json\/wp\/v2\/categories?post=26463"},{"taxonomy":"post_tag","embeddable":true,"href":"https:\/\/staging-www.jonnyfresh.com\/at\/wp-json\/wp\/v2\/tags?post=26463"}],"curies":[{"name":"wp","href":"https:\/\/api.w.org\/{rel}","templated":true}]}}